{"id":16200,"date":"2024-05-22T18:18:58","date_gmt":"2024-05-22T18:18:58","guid":{"rendered":"https:\/\/hospibath.it\/economie-de-apa-si-energie\/"},"modified":"2025-05-27T21:58:52","modified_gmt":"2025-05-27T21:58:52","slug":"economie-de-apa-si-energie","status":"publish","type":"page","link":"https:\/\/hospibath.it\/ro\/economie-de-apa-si-energie\/","title":{"rendered":"ECONOMIE DE AP\u0102 \u0218I ENERGIE"},"content":{"rendered":"\n<p>\u00cen sectorul hotelier,<strong> eficien\u021ba energetic\u0103 \u0219i economia de ap\u0103<\/strong> sunt elemente cheie pentru <strong>asigurarea durabilit\u0103\u021bii, reducerea costurilor de operare \u0219i respectarea reglement\u0103rilor de mediu.<\/strong><br\/>Gama noastr\u0103 de produse \u0219i solu\u021bii este conceput\u0103 pentru a promova <strong>utilizarea responsabil\u0103 a resurselor<\/strong>, f\u0103r\u0103 a compromite calitatea experien\u021bei oaspe\u021bilor.<\/p>\n\n<p><br\/>Oferim dispozitive \u0219i accesorii care permit<strong> economii semnificative de ap\u0103,<\/strong> cum ar fi robinete cu debit redus, capete de du\u0219 cu tehnologie de aerare \u0219i sisteme eficiente de scurgere.<br\/>Aceste produse sunt concepute pentru a <strong>reduce consumul de ap\u0103 \u0219i energie cu p\u00e2n\u0103 la 50%<\/strong>, men\u021bin\u00e2nd \u00een acela\u0219i timp performan\u021be ridicate \u0219i confort.<\/p>\n\n<p><br\/><strong>Beneficii pentru sectorul contractual hotelier<\/strong><br\/>Implementarea solu\u021biilor de economisire a apei \u0219i energiei nu numai c\u0103 ajut\u0103 la respectarea reglement\u0103rilor de mediu \u0219i la ob\u021binerea certific\u0103rilor de sustenabilitate, dar<strong> \u00eembun\u0103t\u0103\u021be\u0219te \u0219i imaginea hotelului<\/strong> ca unitate con\u0219tient\u0103 de mediul inconjurator. <\/p>\n\n<p>\u00cen plus, datorit\u0103 reducerii consumului, <strong>costurile opera\u021bionale sunt optimizate,<\/strong> ceea ce face ca afacerea s\u0103 fie mai eficient\u0103 \u0219i mai competitiv\u0103.<\/p>\n\n<p><br\/><strong>Angajament fa\u021b\u0103 de sustenabilitate<\/strong><br\/>Compania noastr\u0103 se angajeaz\u0103 s\u0103 ofere produse inovatoare, de \u00eenalt\u0103 calitate, concepute pentru a promova <strong>utilizarea responsabil\u0103 a resurselor naturale<\/strong>, f\u0103r\u0103 a sacrifica confortul \u0219i func\u021bionalitatea. Alegerea solu\u021biilor noastre \u00eenseamn\u0103 a investi \u00eentr-un viitor mai durabil, contribuind la protec\u021bia mediului \u0219i la bun\u0103starea oaspe\u021bilor.<\/p>\n\n<div style=\"height:50px\" aria-hidden=\"true\" class=\"wp-block-spacer\"><\/div>\n\n<figure class=\"wp-block-image size-large is-resized\"><img loading=\"lazy\" decoding=\"async\" width=\"1024\" height=\"683\" src=\"https:\/\/hospibath.it\/wp-content\/uploads\/2025\/05\/risparmio-idrico-ed-energetico-hotel-residence-resort-hospibath-1024x683.jpg\" alt=\"\" class=\"wp-image-16245\" style=\"width:1130px;height:auto\" srcset=\"https:\/\/hospibath.it\/wp-content\/uploads\/2025\/05\/risparmio-idrico-ed-energetico-hotel-residence-resort-hospibath-1024x683.jpg 1024w, https:\/\/hospibath.it\/wp-content\/uploads\/2025\/05\/risparmio-idrico-ed-energetico-hotel-residence-resort-hospibath-300x200.jpg 300w, https:\/\/hospibath.it\/wp-content\/uploads\/2025\/05\/risparmio-idrico-ed-energetico-hotel-residence-resort-hospibath-768x512.jpg 768w, https:\/\/hospibath.it\/wp-content\/uploads\/2025\/05\/risparmio-idrico-ed-energetico-hotel-residence-resort-hospibath-700x467.jpg 700w, https:\/\/hospibath.it\/wp-content\/uploads\/2025\/05\/risparmio-idrico-ed-energetico-hotel-residence-resort-hospibath.jpg 1200w\" sizes=\"auto, (max-width: 1024px) 100vw, 1024px\" \/><\/figure>\n\n<div class=\"wp-block-qi-blocks-advanced-text qodef-block-container qodef-block-e2b07fe3\"><div class=\"qi-block-advanced-text qodef-block qodef-m\"><p><br><\/p><\/div><\/div>\n\n<div style=\"height:50px\" aria-hidden=\"true\" class=\"wp-block-spacer\"><\/div>\n","protected":false},"excerpt":{"rendered":"<p>\u00cen sectorul hotelier, eficien\u021ba energetic\u0103 \u0219i economia de ap\u0103 sunt elemente cheie pentru asigurarea durabilit\u0103\u021bii, reducerea costurilor de operare \u0219i respectarea reglement\u0103rilor de mediu.Gama noastr\u0103 de produse \u0219i solu\u021bii este conceput\u0103 pentru a promova utilizarea responsabil\u0103 a resurselor, f\u0103r\u0103 a compromite calitatea experien\u021bei oaspe\u021bilor. Oferim&#8230;<\/p>\n","protected":false},"author":2,"featured_media":0,"parent":0,"menu_order":0,"comment_status":"closed","ping_status":"closed","template":"","meta":{"footnotes":""},"class_list":["post-16200","page","type-page","status-publish","hentry"],"yoast_head":"<!-- This site is optimized with the Yoast SEO plugin v26.8 - https:\/\/yoast.com\/product\/yoast-seo-wordpress\/ -->\n<title>ECONOMIE DE AP\u0102 \u0218I ENERGIE - HospiBath<\/title>\n<meta name=\"robots\" content=\"index, follow, max-snippet:-1, max-image-preview:large, max-video-preview:-1\" \/>\n<link rel=\"canonical\" href=\"https:\/\/hospibath.it\/ro\/economie-de-apa-si-energie\/\" \/>\n<meta property=\"og:locale\" content=\"ro_RO\" \/>\n<meta property=\"og:type\" content=\"article\" \/>\n<meta property=\"og:title\" content=\"ECONOMIE DE AP\u0102 \u0218I ENERGIE - HospiBath\" \/>\n<meta property=\"og:description\" content=\"\u00cen sectorul hotelier, eficien\u021ba energetic\u0103 \u0219i economia de ap\u0103 sunt elemente cheie pentru asigurarea durabilit\u0103\u021bii, reducerea costurilor de operare \u0219i respectarea reglement\u0103rilor de mediu.Gama noastr\u0103 de produse \u0219i solu\u021bii este conceput\u0103 pentru a promova utilizarea responsabil\u0103 a resurselor, f\u0103r\u0103 a compromite calitatea experien\u021bei oaspe\u021bilor. Oferim...\" \/>\n<meta property=\"og:url\" content=\"https:\/\/hospibath.it\/ro\/economie-de-apa-si-energie\/\" \/>\n<meta property=\"og:site_name\" content=\"HospiBath\" \/>\n<meta property=\"article:publisher\" content=\"https:\/\/www.facebook.com\/kango.mall.italy\/\" \/>\n<meta property=\"article:modified_time\" content=\"2025-05-27T21:58:52+00:00\" \/>\n<meta property=\"og:image\" content=\"https:\/\/hospibath.it\/wp-content\/uploads\/2025\/05\/risparmio-idrico-ed-energetico-hotel-residence-resort-hospibath.jpg\" \/>\n\t<meta property=\"og:image:width\" content=\"1200\" \/>\n\t<meta property=\"og:image:height\" content=\"800\" \/>\n\t<meta property=\"og:image:type\" content=\"image\/jpeg\" \/>\n<meta name=\"twitter:card\" content=\"summary_large_image\" \/>\n<meta name=\"twitter:label1\" content=\"Timp estimat pentru citire\" \/>\n\t<meta name=\"twitter:data1\" content=\"1 minut\" \/>\n<script type=\"application\/ld+json\" class=\"yoast-schema-graph\">{\"@context\":\"https:\/\/schema.org\",\"@graph\":[{\"@type\":\"WebPage\",\"@id\":\"https:\/\/hospibath.it\/ro\/economie-de-apa-si-energie\/\",\"url\":\"https:\/\/hospibath.it\/ro\/economie-de-apa-si-energie\/\",\"name\":\"ECONOMIE DE AP\u0102 \u0218I ENERGIE - HospiBath\",\"isPartOf\":{\"@id\":\"https:\/\/hospibath.it\/ro\/#website\"},\"primaryImageOfPage\":{\"@id\":\"https:\/\/hospibath.it\/ro\/economie-de-apa-si-energie\/#primaryimage\"},\"image\":{\"@id\":\"https:\/\/hospibath.it\/ro\/economie-de-apa-si-energie\/#primaryimage\"},\"thumbnailUrl\":\"https:\/\/hospibath.it\/wp-content\/uploads\/2025\/05\/risparmio-idrico-ed-energetico-hotel-residence-resort-hospibath-1024x683.jpg\",\"datePublished\":\"2024-05-22T18:18:58+00:00\",\"dateModified\":\"2025-05-27T21:58:52+00:00\",\"breadcrumb\":{\"@id\":\"https:\/\/hospibath.it\/ro\/economie-de-apa-si-energie\/#breadcrumb\"},\"inLanguage\":\"ro-RO\",\"potentialAction\":[{\"@type\":\"ReadAction\",\"target\":[\"https:\/\/hospibath.it\/ro\/economie-de-apa-si-energie\/\"]}]},{\"@type\":\"ImageObject\",\"inLanguage\":\"ro-RO\",\"@id\":\"https:\/\/hospibath.it\/ro\/economie-de-apa-si-energie\/#primaryimage\",\"url\":\"https:\/\/hospibath.it\/wp-content\/uploads\/2025\/05\/risparmio-idrico-ed-energetico-hotel-residence-resort-hospibath-1024x683.jpg\",\"contentUrl\":\"https:\/\/hospibath.it\/wp-content\/uploads\/2025\/05\/risparmio-idrico-ed-energetico-hotel-residence-resort-hospibath-1024x683.jpg\"},{\"@type\":\"BreadcrumbList\",\"@id\":\"https:\/\/hospibath.it\/ro\/economie-de-apa-si-energie\/#breadcrumb\",\"itemListElement\":[{\"@type\":\"ListItem\",\"position\":1,\"name\":\"Home\",\"item\":\"https:\/\/hospibath.it\/ro\/\"},{\"@type\":\"ListItem\",\"position\":2,\"name\":\"ECONOMIE DE AP\u0102 \u0218I ENERGIE\"}]},{\"@type\":\"WebSite\",\"@id\":\"https:\/\/hospibath.it\/ro\/#website\",\"url\":\"https:\/\/hospibath.it\/ro\/\",\"name\":\"HospiBath\",\"description\":\"Hotel&amp;Bathroom\",\"publisher\":{\"@id\":\"https:\/\/hospibath.it\/ro\/#organization\"},\"potentialAction\":[{\"@type\":\"SearchAction\",\"target\":{\"@type\":\"EntryPoint\",\"urlTemplate\":\"https:\/\/hospibath.it\/ro\/?s={search_term_string}\"},\"query-input\":{\"@type\":\"PropertyValueSpecification\",\"valueRequired\":true,\"valueName\":\"search_term_string\"}}],\"inLanguage\":\"ro-RO\"},{\"@type\":\"Organization\",\"@id\":\"https:\/\/hospibath.it\/ro\/#organization\",\"name\":\"HospiBath\",\"url\":\"https:\/\/hospibath.it\/ro\/\",\"logo\":{\"@type\":\"ImageObject\",\"inLanguage\":\"ro-RO\",\"@id\":\"https:\/\/hospibath.it\/ro\/#\/schema\/logo\/image\/\",\"url\":\"https:\/\/hospibath.it\/wp-content\/uploads\/2024\/05\/logo_hospibat_small.jpg\",\"contentUrl\":\"https:\/\/hospibath.it\/wp-content\/uploads\/2024\/05\/logo_hospibat_small.jpg\",\"width\":283,\"height\":86,\"caption\":\"HospiBath\"},\"image\":{\"@id\":\"https:\/\/hospibath.it\/ro\/#\/schema\/logo\/image\/\"},\"sameAs\":[\"https:\/\/www.facebook.com\/kango.mall.italy\/\",\"https:\/\/www.instagram.com\/hospibath\/\",\"https:\/\/it.pinterest.com\/HospiBath\/\"]}]}<\/script>\n<!-- \/ Yoast SEO plugin. -->","yoast_head_json":{"title":"ECONOMIE DE AP\u0102 \u0218I ENERGIE - HospiBath","robots":{"index":"index","follow":"follow","max-snippet":"max-snippet:-1","max-image-preview":"max-image-preview:large","max-video-preview":"max-video-preview:-1"},"canonical":"https:\/\/hospibath.it\/ro\/economie-de-apa-si-energie\/","og_locale":"ro_RO","og_type":"article","og_title":"ECONOMIE DE AP\u0102 \u0218I ENERGIE - HospiBath","og_description":"\u00cen sectorul hotelier, eficien\u021ba energetic\u0103 \u0219i economia de ap\u0103 sunt elemente cheie pentru asigurarea durabilit\u0103\u021bii, reducerea costurilor de operare \u0219i respectarea reglement\u0103rilor de mediu.Gama noastr\u0103 de produse \u0219i solu\u021bii este conceput\u0103 pentru a promova utilizarea responsabil\u0103 a resurselor, f\u0103r\u0103 a compromite calitatea experien\u021bei oaspe\u021bilor. Oferim...","og_url":"https:\/\/hospibath.it\/ro\/economie-de-apa-si-energie\/","og_site_name":"HospiBath","article_publisher":"https:\/\/www.facebook.com\/kango.mall.italy\/","article_modified_time":"2025-05-27T21:58:52+00:00","og_image":[{"width":1200,"height":800,"url":"https:\/\/hospibath.it\/wp-content\/uploads\/2025\/05\/risparmio-idrico-ed-energetico-hotel-residence-resort-hospibath.jpg","type":"image\/jpeg"}],"twitter_card":"summary_large_image","twitter_misc":{"Timp estimat pentru citire":"1 minut"},"schema":{"@context":"https:\/\/schema.org","@graph":[{"@type":"WebPage","@id":"https:\/\/hospibath.it\/ro\/economie-de-apa-si-energie\/","url":"https:\/\/hospibath.it\/ro\/economie-de-apa-si-energie\/","name":"ECONOMIE DE AP\u0102 \u0218I ENERGIE - HospiBath","isPartOf":{"@id":"https:\/\/hospibath.it\/ro\/#website"},"primaryImageOfPage":{"@id":"https:\/\/hospibath.it\/ro\/economie-de-apa-si-energie\/#primaryimage"},"image":{"@id":"https:\/\/hospibath.it\/ro\/economie-de-apa-si-energie\/#primaryimage"},"thumbnailUrl":"https:\/\/hospibath.it\/wp-content\/uploads\/2025\/05\/risparmio-idrico-ed-energetico-hotel-residence-resort-hospibath-1024x683.jpg","datePublished":"2024-05-22T18:18:58+00:00","dateModified":"2025-05-27T21:58:52+00:00","breadcrumb":{"@id":"https:\/\/hospibath.it\/ro\/economie-de-apa-si-energie\/#breadcrumb"},"inLanguage":"ro-RO","potentialAction":[{"@type":"ReadAction","target":["https:\/\/hospibath.it\/ro\/economie-de-apa-si-energie\/"]}]},{"@type":"ImageObject","inLanguage":"ro-RO","@id":"https:\/\/hospibath.it\/ro\/economie-de-apa-si-energie\/#primaryimage","url":"https:\/\/hospibath.it\/wp-content\/uploads\/2025\/05\/risparmio-idrico-ed-energetico-hotel-residence-resort-hospibath-1024x683.jpg","contentUrl":"https:\/\/hospibath.it\/wp-content\/uploads\/2025\/05\/risparmio-idrico-ed-energetico-hotel-residence-resort-hospibath-1024x683.jpg"},{"@type":"BreadcrumbList","@id":"https:\/\/hospibath.it\/ro\/economie-de-apa-si-energie\/#breadcrumb","itemListElement":[{"@type":"ListItem","position":1,"name":"Home","item":"https:\/\/hospibath.it\/ro\/"},{"@type":"ListItem","position":2,"name":"ECONOMIE DE AP\u0102 \u0218I ENERGIE"}]},{"@type":"WebSite","@id":"https:\/\/hospibath.it\/ro\/#website","url":"https:\/\/hospibath.it\/ro\/","name":"HospiBath","description":"Hotel&amp;Bathroom","publisher":{"@id":"https:\/\/hospibath.it\/ro\/#organization"},"potentialAction":[{"@type":"SearchAction","target":{"@type":"EntryPoint","urlTemplate":"https:\/\/hospibath.it\/ro\/?s={search_term_string}"},"query-input":{"@type":"PropertyValueSpecification","valueRequired":true,"valueName":"search_term_string"}}],"inLanguage":"ro-RO"},{"@type":"Organization","@id":"https:\/\/hospibath.it\/ro\/#organization","name":"HospiBath","url":"https:\/\/hospibath.it\/ro\/","logo":{"@type":"ImageObject","inLanguage":"ro-RO","@id":"https:\/\/hospibath.it\/ro\/#\/schema\/logo\/image\/","url":"https:\/\/hospibath.it\/wp-content\/uploads\/2024\/05\/logo_hospibat_small.jpg","contentUrl":"https:\/\/hospibath.it\/wp-content\/uploads\/2024\/05\/logo_hospibat_small.jpg","width":283,"height":86,"caption":"HospiBath"},"image":{"@id":"https:\/\/hospibath.it\/ro\/#\/schema\/logo\/image\/"},"sameAs":["https:\/\/www.facebook.com\/kango.mall.italy\/","https:\/\/www.instagram.com\/hospibath\/","https:\/\/it.pinterest.com\/HospiBath\/"]}]}},"_links":{"self":[{"href":"https:\/\/hospibath.it\/ro\/wp-json\/wp\/v2\/pages\/16200","targetHints":{"allow":["GET"]}}],"collection":[{"href":"https:\/\/hospibath.it\/ro\/wp-json\/wp\/v2\/pages"}],"about":[{"href":"https:\/\/hospibath.it\/ro\/wp-json\/wp\/v2\/types\/page"}],"author":[{"embeddable":true,"href":"https:\/\/hospibath.it\/ro\/wp-json\/wp\/v2\/users\/2"}],"replies":[{"embeddable":true,"href":"https:\/\/hospibath.it\/ro\/wp-json\/wp\/v2\/comments?post=16200"}],"version-history":[{"count":2,"href":"https:\/\/hospibath.it\/ro\/wp-json\/wp\/v2\/pages\/16200\/revisions"}],"predecessor-version":[{"id":16710,"href":"https:\/\/hospibath.it\/ro\/wp-json\/wp\/v2\/pages\/16200\/revisions\/16710"}],"wp:attachment":[{"href":"https:\/\/hospibath.it\/ro\/wp-json\/wp\/v2\/media?parent=16200"}],"curies":[{"name":"wp","href":"https:\/\/api.w.org\/{rel}","templated":true}]}}