{"id":16716,"date":"2025-05-19T21:46:34","date_gmt":"2025-05-19T21:46:34","guid":{"rendered":"https:\/\/hospibath.it\/produse-de-cea-mai-inalta-calitate\/"},"modified":"2026-01-27T15:53:22","modified_gmt":"2026-01-27T15:53:22","slug":"produse-de-cea-mai-inalta-calitate","status":"publish","type":"page","link":"https:\/\/hospibath.it\/ro\/produse-de-cea-mai-inalta-calitate\/","title":{"rendered":"PRODUSE DE CEA MAI \u00ceNALT\u0102 CALITATE"},"content":{"rendered":"\n<p><strong>Prodotti di Altissima Qualit\u00e0 per l&#8217;Ambiente Bagno nel Settore Contract Hotel<\/strong><br\/>Nel settore del contract hotel, l&#8217;eccellenza e la qualit\u00e0 sono elementi fondamentali per garantire un&#8217;esperienza indimenticabile agli ospiti. I nostri prodotti sono progettati per soddisfare tutti, combinando <strong>funzionalit\u00e0, estetica e durabilit\u00e0<\/strong>. <\/p>\n\n<p><br\/><strong>Oferim o gam\u0103 larg\u0103 de solu\u021bii <\/strong>care includ robinete, accesorii baie, obiecte sanitare \u0219i accesorii pentru du\u0219. Toate produsele sunt fabricate din materiale de cea mai bun\u0103 calitate, precum ceramic\u0103, o\u021bel inoxidabil, alam\u0103 \u0219i materiale inovatoare care asigur\u0103 rezisten\u021b\u0103 \u0219i u\u0219urin\u021b\u0103 \u00een \u00eentre\u021binere.<\/p>\n\n<p>Fiecare produs este conceput pentru a se integra perfect \u00een medii elegante \u0219i func\u021bionale, respect\u00e2nd <strong>standardele de siguran\u021b\u0103 \u0219i sustenabilitate<\/strong> impuse de sectorul hotelier.<\/p>\n\n<p><br\/><strong>Propunerea noastr\u0103 se remarc\u0103 prin aten\u021bia la detalii, designul modern \u0219i capacitatea de personalizare, permi\u021b\u00e2nd clien\u021bilor no\u0219tri s\u0103 creeze medii de baie care reflect\u0103 imaginea de prestigiu \u0219i aten\u021bie la detalii tipic\u0103 m\u0103rcii lor. \u00cen plus, garant\u0103m<strong> produse de cea mai \u00eenalt\u0103 calitate,<\/strong> conforme cu reglement\u0103rile actuale, cu <strong>standarde ridicate de igien\u0103 \u0219i durabilitate<\/strong>, ideale pentru utilizare intensiv\u0103, tipic\u0103 sectorului contract.<\/strong><\/p>\n\n<p><br\/>Alegerea produselor noastre \u00eenseamn\u0103<strong> investi\u021bia \u00een solu\u021bii fiabile, estetice \u0219i sustenabile<\/strong>, capabile s\u0103 \u00eembun\u0103t\u0103\u021beasc\u0103 experien\u021ba oaspe\u021bilor \u0219i s\u0103 \u00eembun\u0103t\u0103\u021beasc\u0103 imaginea hotelului dumneavoastr\u0103.<br\/>Misiunea noastr\u0103 este s\u0103 v\u0103 sprijinim cu produse excelente \u0219i servicii profesionale, pentru a crea<strong> medii de baie <\/strong>care s\u0103 fie adev\u0103rate puncte forte ale unit\u0103\u021bii dumneavoastr\u0103.<\/p>\n\n<div style=\"height:50px\" aria-hidden=\"true\" class=\"wp-block-spacer\"><\/div>\n\n<figure class=\"wp-block-image size-large is-resized\"><img loading=\"lazy\" decoding=\"async\" width=\"1024\" height=\"683\" src=\"https:\/\/hospibath.it\/wp-content\/uploads\/2025\/05\/colonne-doccia-soffioni-hotel-bagno-hospibath-1024x683.jpg\" alt=\"\" class=\"wp-image-16235\" style=\"width:1130px;height:auto\" srcset=\"https:\/\/hospibath.it\/wp-content\/uploads\/2025\/05\/colonne-doccia-soffioni-hotel-bagno-hospibath-1024x683.jpg 1024w, https:\/\/hospibath.it\/wp-content\/uploads\/2025\/05\/colonne-doccia-soffioni-hotel-bagno-hospibath-300x200.jpg 300w, https:\/\/hospibath.it\/wp-content\/uploads\/2025\/05\/colonne-doccia-soffioni-hotel-bagno-hospibath-768x512.jpg 768w, https:\/\/hospibath.it\/wp-content\/uploads\/2025\/05\/colonne-doccia-soffioni-hotel-bagno-hospibath-700x467.jpg 700w, https:\/\/hospibath.it\/wp-content\/uploads\/2025\/05\/colonne-doccia-soffioni-hotel-bagno-hospibath.jpg 1200w\" sizes=\"auto, (max-width: 1024px) 100vw, 1024px\" \/><\/figure>\n\n<div style=\"height:50px\" aria-hidden=\"true\" class=\"wp-block-spacer\"><\/div>\n","protected":false},"excerpt":{"rendered":"<p>Prodotti di Altissima Qualit\u00e0 per l&#8217;Ambiente Bagno nel Settore Contract HotelNel settore del contract hotel, l&#8217;eccellenza e la qualit\u00e0 sono elementi fondamentali per garantire un&#8217;esperienza indimenticabile agli ospiti. I nostri prodotti sono progettati per soddisfare tutti, combinando funzionalit\u00e0, estetica e durabilit\u00e0. Oferim o gam\u0103 larg\u0103&#8230;<\/p>\n","protected":false},"author":3,"featured_media":0,"parent":0,"menu_order":0,"comment_status":"closed","ping_status":"closed","template":"","meta":{"footnotes":""},"class_list":["post-16716","page","type-page","status-publish","hentry"],"yoast_head":"<!-- This site is optimized with the Yoast SEO plugin v26.8 - https:\/\/yoast.com\/product\/yoast-seo-wordpress\/ -->\n<title>PRODUSE DE CEA MAI \u00ceNALT\u0102 CALITATE - HospiBath<\/title>\n<meta name=\"robots\" content=\"index, follow, max-snippet:-1, max-image-preview:large, max-video-preview:-1\" \/>\n<link rel=\"canonical\" href=\"https:\/\/hospibath.it\/ro\/produse-de-cea-mai-inalta-calitate\/\" \/>\n<meta property=\"og:locale\" content=\"ro_RO\" \/>\n<meta property=\"og:type\" content=\"article\" \/>\n<meta property=\"og:title\" content=\"PRODUSE DE CEA MAI \u00ceNALT\u0102 CALITATE - HospiBath\" \/>\n<meta property=\"og:description\" content=\"Prodotti di Altissima Qualit\u00e0 per l&#8217;Ambiente Bagno nel Settore Contract HotelNel settore del contract hotel, l&#8217;eccellenza e la qualit\u00e0 sono elementi fondamentali per garantire un&#8217;esperienza indimenticabile agli ospiti. I nostri prodotti sono progettati per soddisfare tutti, combinando funzionalit\u00e0, estetica e durabilit\u00e0. Oferim o gam\u0103 larg\u0103...\" \/>\n<meta property=\"og:url\" content=\"https:\/\/hospibath.it\/ro\/produse-de-cea-mai-inalta-calitate\/\" \/>\n<meta property=\"og:site_name\" content=\"HospiBath\" \/>\n<meta property=\"article:publisher\" content=\"https:\/\/www.facebook.com\/kango.mall.italy\/\" \/>\n<meta property=\"article:modified_time\" content=\"2026-01-27T15:53:22+00:00\" \/>\n<meta property=\"og:image\" content=\"https:\/\/hospibath.it\/wp-content\/uploads\/2025\/05\/colonne-doccia-soffioni-hotel-bagno-hospibath.jpg\" \/>\n\t<meta property=\"og:image:width\" content=\"1200\" \/>\n\t<meta property=\"og:image:height\" content=\"800\" \/>\n\t<meta property=\"og:image:type\" content=\"image\/jpeg\" \/>\n<meta name=\"twitter:card\" content=\"summary_large_image\" \/>\n<meta name=\"twitter:label1\" content=\"Timp estimat pentru citire\" \/>\n\t<meta name=\"twitter:data1\" content=\"1 minut\" \/>\n<script type=\"application\/ld+json\" class=\"yoast-schema-graph\">{\"@context\":\"https:\/\/schema.org\",\"@graph\":[{\"@type\":\"WebPage\",\"@id\":\"https:\/\/hospibath.it\/ro\/produse-de-cea-mai-inalta-calitate\/\",\"url\":\"https:\/\/hospibath.it\/ro\/produse-de-cea-mai-inalta-calitate\/\",\"name\":\"PRODUSE DE CEA MAI \u00ceNALT\u0102 CALITATE - HospiBath\",\"isPartOf\":{\"@id\":\"https:\/\/hospibath.it\/ro\/#website\"},\"primaryImageOfPage\":{\"@id\":\"https:\/\/hospibath.it\/ro\/produse-de-cea-mai-inalta-calitate\/#primaryimage\"},\"image\":{\"@id\":\"https:\/\/hospibath.it\/ro\/produse-de-cea-mai-inalta-calitate\/#primaryimage\"},\"thumbnailUrl\":\"https:\/\/hospibath.it\/wp-content\/uploads\/2025\/05\/colonne-doccia-soffioni-hotel-bagno-hospibath-1024x683.jpg\",\"datePublished\":\"2025-05-19T21:46:34+00:00\",\"dateModified\":\"2026-01-27T15:53:22+00:00\",\"breadcrumb\":{\"@id\":\"https:\/\/hospibath.it\/ro\/produse-de-cea-mai-inalta-calitate\/#breadcrumb\"},\"inLanguage\":\"ro-RO\",\"potentialAction\":[{\"@type\":\"ReadAction\",\"target\":[\"https:\/\/hospibath.it\/ro\/produse-de-cea-mai-inalta-calitate\/\"]}]},{\"@type\":\"ImageObject\",\"inLanguage\":\"ro-RO\",\"@id\":\"https:\/\/hospibath.it\/ro\/produse-de-cea-mai-inalta-calitate\/#primaryimage\",\"url\":\"https:\/\/hospibath.it\/wp-content\/uploads\/2025\/05\/colonne-doccia-soffioni-hotel-bagno-hospibath-1024x683.jpg\",\"contentUrl\":\"https:\/\/hospibath.it\/wp-content\/uploads\/2025\/05\/colonne-doccia-soffioni-hotel-bagno-hospibath-1024x683.jpg\"},{\"@type\":\"BreadcrumbList\",\"@id\":\"https:\/\/hospibath.it\/ro\/produse-de-cea-mai-inalta-calitate\/#breadcrumb\",\"itemListElement\":[{\"@type\":\"ListItem\",\"position\":1,\"name\":\"Home\",\"item\":\"https:\/\/hospibath.it\/ro\/\"},{\"@type\":\"ListItem\",\"position\":2,\"name\":\"PRODUSE DE CEA MAI \u00ceNALT\u0102 CALITATE\"}]},{\"@type\":\"WebSite\",\"@id\":\"https:\/\/hospibath.it\/ro\/#website\",\"url\":\"https:\/\/hospibath.it\/ro\/\",\"name\":\"HospiBath\",\"description\":\"Hotel&amp;Bathroom\",\"publisher\":{\"@id\":\"https:\/\/hospibath.it\/ro\/#organization\"},\"potentialAction\":[{\"@type\":\"SearchAction\",\"target\":{\"@type\":\"EntryPoint\",\"urlTemplate\":\"https:\/\/hospibath.it\/ro\/?s={search_term_string}\"},\"query-input\":{\"@type\":\"PropertyValueSpecification\",\"valueRequired\":true,\"valueName\":\"search_term_string\"}}],\"inLanguage\":\"ro-RO\"},{\"@type\":\"Organization\",\"@id\":\"https:\/\/hospibath.it\/ro\/#organization\",\"name\":\"HospiBath\",\"url\":\"https:\/\/hospibath.it\/ro\/\",\"logo\":{\"@type\":\"ImageObject\",\"inLanguage\":\"ro-RO\",\"@id\":\"https:\/\/hospibath.it\/ro\/#\/schema\/logo\/image\/\",\"url\":\"https:\/\/hospibath.it\/wp-content\/uploads\/2024\/05\/logo_hospibat_small.jpg\",\"contentUrl\":\"https:\/\/hospibath.it\/wp-content\/uploads\/2024\/05\/logo_hospibat_small.jpg\",\"width\":283,\"height\":86,\"caption\":\"HospiBath\"},\"image\":{\"@id\":\"https:\/\/hospibath.it\/ro\/#\/schema\/logo\/image\/\"},\"sameAs\":[\"https:\/\/www.facebook.com\/kango.mall.italy\/\",\"https:\/\/www.instagram.com\/hospibath\/\",\"https:\/\/it.pinterest.com\/HospiBath\/\"]}]}<\/script>\n<!-- \/ Yoast SEO plugin. -->","yoast_head_json":{"title":"PRODUSE DE CEA MAI \u00ceNALT\u0102 CALITATE - HospiBath","robots":{"index":"index","follow":"follow","max-snippet":"max-snippet:-1","max-image-preview":"max-image-preview:large","max-video-preview":"max-video-preview:-1"},"canonical":"https:\/\/hospibath.it\/ro\/produse-de-cea-mai-inalta-calitate\/","og_locale":"ro_RO","og_type":"article","og_title":"PRODUSE DE CEA MAI \u00ceNALT\u0102 CALITATE - HospiBath","og_description":"Prodotti di Altissima Qualit\u00e0 per l&#8217;Ambiente Bagno nel Settore Contract HotelNel settore del contract hotel, l&#8217;eccellenza e la qualit\u00e0 sono elementi fondamentali per garantire un&#8217;esperienza indimenticabile agli ospiti. I nostri prodotti sono progettati per soddisfare tutti, combinando funzionalit\u00e0, estetica e durabilit\u00e0. Oferim o gam\u0103 larg\u0103...","og_url":"https:\/\/hospibath.it\/ro\/produse-de-cea-mai-inalta-calitate\/","og_site_name":"HospiBath","article_publisher":"https:\/\/www.facebook.com\/kango.mall.italy\/","article_modified_time":"2026-01-27T15:53:22+00:00","og_image":[{"width":1200,"height":800,"url":"https:\/\/hospibath.it\/wp-content\/uploads\/2025\/05\/colonne-doccia-soffioni-hotel-bagno-hospibath.jpg","type":"image\/jpeg"}],"twitter_card":"summary_large_image","twitter_misc":{"Timp estimat pentru citire":"1 minut"},"schema":{"@context":"https:\/\/schema.org","@graph":[{"@type":"WebPage","@id":"https:\/\/hospibath.it\/ro\/produse-de-cea-mai-inalta-calitate\/","url":"https:\/\/hospibath.it\/ro\/produse-de-cea-mai-inalta-calitate\/","name":"PRODUSE DE CEA MAI \u00ceNALT\u0102 CALITATE - HospiBath","isPartOf":{"@id":"https:\/\/hospibath.it\/ro\/#website"},"primaryImageOfPage":{"@id":"https:\/\/hospibath.it\/ro\/produse-de-cea-mai-inalta-calitate\/#primaryimage"},"image":{"@id":"https:\/\/hospibath.it\/ro\/produse-de-cea-mai-inalta-calitate\/#primaryimage"},"thumbnailUrl":"https:\/\/hospibath.it\/wp-content\/uploads\/2025\/05\/colonne-doccia-soffioni-hotel-bagno-hospibath-1024x683.jpg","datePublished":"2025-05-19T21:46:34+00:00","dateModified":"2026-01-27T15:53:22+00:00","breadcrumb":{"@id":"https:\/\/hospibath.it\/ro\/produse-de-cea-mai-inalta-calitate\/#breadcrumb"},"inLanguage":"ro-RO","potentialAction":[{"@type":"ReadAction","target":["https:\/\/hospibath.it\/ro\/produse-de-cea-mai-inalta-calitate\/"]}]},{"@type":"ImageObject","inLanguage":"ro-RO","@id":"https:\/\/hospibath.it\/ro\/produse-de-cea-mai-inalta-calitate\/#primaryimage","url":"https:\/\/hospibath.it\/wp-content\/uploads\/2025\/05\/colonne-doccia-soffioni-hotel-bagno-hospibath-1024x683.jpg","contentUrl":"https:\/\/hospibath.it\/wp-content\/uploads\/2025\/05\/colonne-doccia-soffioni-hotel-bagno-hospibath-1024x683.jpg"},{"@type":"BreadcrumbList","@id":"https:\/\/hospibath.it\/ro\/produse-de-cea-mai-inalta-calitate\/#breadcrumb","itemListElement":[{"@type":"ListItem","position":1,"name":"Home","item":"https:\/\/hospibath.it\/ro\/"},{"@type":"ListItem","position":2,"name":"PRODUSE DE CEA MAI \u00ceNALT\u0102 CALITATE"}]},{"@type":"WebSite","@id":"https:\/\/hospibath.it\/ro\/#website","url":"https:\/\/hospibath.it\/ro\/","name":"HospiBath","description":"Hotel&amp;Bathroom","publisher":{"@id":"https:\/\/hospibath.it\/ro\/#organization"},"potentialAction":[{"@type":"SearchAction","target":{"@type":"EntryPoint","urlTemplate":"https:\/\/hospibath.it\/ro\/?s={search_term_string}"},"query-input":{"@type":"PropertyValueSpecification","valueRequired":true,"valueName":"search_term_string"}}],"inLanguage":"ro-RO"},{"@type":"Organization","@id":"https:\/\/hospibath.it\/ro\/#organization","name":"HospiBath","url":"https:\/\/hospibath.it\/ro\/","logo":{"@type":"ImageObject","inLanguage":"ro-RO","@id":"https:\/\/hospibath.it\/ro\/#\/schema\/logo\/image\/","url":"https:\/\/hospibath.it\/wp-content\/uploads\/2024\/05\/logo_hospibat_small.jpg","contentUrl":"https:\/\/hospibath.it\/wp-content\/uploads\/2024\/05\/logo_hospibat_small.jpg","width":283,"height":86,"caption":"HospiBath"},"image":{"@id":"https:\/\/hospibath.it\/ro\/#\/schema\/logo\/image\/"},"sameAs":["https:\/\/www.facebook.com\/kango.mall.italy\/","https:\/\/www.instagram.com\/hospibath\/","https:\/\/it.pinterest.com\/HospiBath\/"]}]}},"_links":{"self":[{"href":"https:\/\/hospibath.it\/ro\/wp-json\/wp\/v2\/pages\/16716","targetHints":{"allow":["GET"]}}],"collection":[{"href":"https:\/\/hospibath.it\/ro\/wp-json\/wp\/v2\/pages"}],"about":[{"href":"https:\/\/hospibath.it\/ro\/wp-json\/wp\/v2\/types\/page"}],"author":[{"embeddable":true,"href":"https:\/\/hospibath.it\/ro\/wp-json\/wp\/v2\/users\/3"}],"replies":[{"embeddable":true,"href":"https:\/\/hospibath.it\/ro\/wp-json\/wp\/v2\/comments?post=16716"}],"version-history":[{"count":3,"href":"https:\/\/hospibath.it\/ro\/wp-json\/wp\/v2\/pages\/16716\/revisions"}],"predecessor-version":[{"id":16838,"href":"https:\/\/hospibath.it\/ro\/wp-json\/wp\/v2\/pages\/16716\/revisions\/16838"}],"wp:attachment":[{"href":"https:\/\/hospibath.it\/ro\/wp-json\/wp\/v2\/media?parent=16716"}],"curies":[{"name":"wp","href":"https:\/\/api.w.org\/{rel}","templated":true}]}}