{"id":16718,"date":"2025-05-21T18:07:35","date_gmt":"2025-05-21T18:07:35","guid":{"rendered":"https:\/\/hospibath.it\/suport-tehnic-constant\/"},"modified":"2026-02-02T12:03:40","modified_gmt":"2026-02-02T12:03:40","slug":"suport-tehnic-constant","status":"publish","type":"page","link":"https:\/\/hospibath.it\/ro\/suport-tehnic-constant\/","title":{"rendered":"Suport tehnic constant"},"content":{"rendered":"\n<p>Serviciul nostru de<strong> asisten\u021b\u0103 tehnic\u0103 <\/strong>pentru toate articolele pe care le oferim este un element fundamental <strong>pentru a garanta eficien\u021ba, fiabilitatea \u0219i satisfac\u021bia clien\u021bilor.<\/strong> Ne angaj\u0103m s\u0103 oferim <strong>asisten\u021b\u0103 complet\u0103 \u0219i continu\u0103<\/strong>, acoperind toate fazele ciclului de via\u021b\u0103 al produsului, de la<strong> v\u00e2nz\u0103ri p\u00e2n\u0103 la post-v\u00e2nzare.<\/strong><\/p>\n\n<p><br\/>\u00cen faza de v\u00e2nzare, echipa noastr\u0103 de exper\u021bi ofer\u0103<strong> consultan\u021b\u0103 tehnic\u0103 personalizat\u0103<\/strong>, ajut\u00e2nd clien\u021bii s\u0103 aleag\u0103 solu\u021biile cele mai potrivite nevoilor specifice ale unit\u0103\u021bii hoteliere. Sunt luate \u00een considerare aspecte precum designul, func\u021bionalitatea, durabilitatea \u0219i economisirea energiei.<br\/>Prin urmare, oferim <strong>informa\u021bii detaliate despre materiale, caracteristici tehnice \u0219i op\u021biuni de personalizare,<\/strong> asigur\u00e2ndu-ne c\u0103 fiecare client poate face o alegere informat\u0103 \u0219i satisf\u0103c\u0103toare.<\/p>\n\n<p><br\/>Odat\u0103 ce articolele furnizate sunt instalate, asisten\u021ba noastr\u0103 nu se opre\u0219te. Oferim <strong>asisten\u021b\u0103 post-v\u00e2nzare<\/strong> prompt\u0103 \u0219i eficient\u0103, intervenind prompt \u00een cazul unor defec\u021biuni sau nevoi de \u00eentre\u021binere. <\/p>\n\n<p>Echipa noastr\u0103 tehnic\u0103 este disponibil\u0103 <strong>pentru diagnosticare rapid\u0103, \u00eenlocuirea componentelor \u0219i consultan\u021b\u0103<\/strong> privind optimizarea utiliz\u0103rii \u0219i \u00eentre\u021binerii produselor, contribuind la reducerea timpilor de nefunc\u021bionare \u0219i a costurilor de gestionare.<\/p>\n\n<p><br\/>Prezen\u021ba noastr\u0103 constant\u0103 \u0219i expertiza echipei noastre garanteaz\u0103 c\u0103 fiecare baterie \u0219i component\u0103 a b\u0103ii func\u021bioneaz\u0103 la poten\u021bialul s\u0103u maxim, men\u021bin\u00e2nd <strong>standarde \u00eenalte de calitate \u0219i confort pentru oaspe\u021bi<\/strong>.<\/p>\n\n<div style=\"height:50px\" aria-hidden=\"true\" class=\"wp-block-spacer\"><\/div>\n\n<figure class=\"wp-block-image size-large is-resized\"><img loading=\"lazy\" decoding=\"async\" width=\"1024\" height=\"683\" src=\"https:\/\/hospibath.it\/wp-content\/uploads\/2025\/05\/articoli-e-componenti-rubinetteria-doccia-e-accessori-bagno-nel-contract-hotel-hospibath-1024x683.jpg\" alt=\"\" class=\"wp-image-16258\" style=\"width:1130px;height:auto\" srcset=\"https:\/\/hospibath.it\/wp-content\/uploads\/2025\/05\/articoli-e-componenti-rubinetteria-doccia-e-accessori-bagno-nel-contract-hotel-hospibath-1024x683.jpg 1024w, https:\/\/hospibath.it\/wp-content\/uploads\/2025\/05\/articoli-e-componenti-rubinetteria-doccia-e-accessori-bagno-nel-contract-hotel-hospibath-300x200.jpg 300w, https:\/\/hospibath.it\/wp-content\/uploads\/2025\/05\/articoli-e-componenti-rubinetteria-doccia-e-accessori-bagno-nel-contract-hotel-hospibath-768x512.jpg 768w, https:\/\/hospibath.it\/wp-content\/uploads\/2025\/05\/articoli-e-componenti-rubinetteria-doccia-e-accessori-bagno-nel-contract-hotel-hospibath-1536x1024.jpg 1536w, https:\/\/hospibath.it\/wp-content\/uploads\/2025\/05\/articoli-e-componenti-rubinetteria-doccia-e-accessori-bagno-nel-contract-hotel-hospibath-2048x1365.jpg 2048w, https:\/\/hospibath.it\/wp-content\/uploads\/2025\/05\/articoli-e-componenti-rubinetteria-doccia-e-accessori-bagno-nel-contract-hotel-hospibath-700x467.jpg 700w\" sizes=\"auto, (max-width: 1024px) 100vw, 1024px\" \/><\/figure>\n\n<div style=\"height:50px\" aria-hidden=\"true\" class=\"wp-block-spacer\"><\/div>\n","protected":false},"excerpt":{"rendered":"<p>Serviciul nostru de asisten\u021b\u0103 tehnic\u0103 pentru toate articolele pe care le oferim este un element fundamental pentru a garanta eficien\u021ba, fiabilitatea \u0219i satisfac\u021bia clien\u021bilor. Ne angaj\u0103m s\u0103 oferim asisten\u021b\u0103 complet\u0103 \u0219i continu\u0103, acoperind toate fazele ciclului de via\u021b\u0103 al produsului, de la v\u00e2nz\u0103ri p\u00e2n\u0103 la&#8230;<\/p>\n","protected":false},"author":3,"featured_media":0,"parent":0,"menu_order":0,"comment_status":"closed","ping_status":"closed","template":"","meta":{"footnotes":""},"class_list":["post-16718","page","type-page","status-publish","hentry"],"yoast_head":"<!-- This site is optimized with the Yoast SEO plugin v26.8 - https:\/\/yoast.com\/product\/yoast-seo-wordpress\/ -->\n<title>Suport tehnic constant - HospiBath<\/title>\n<meta name=\"robots\" content=\"index, follow, max-snippet:-1, max-image-preview:large, max-video-preview:-1\" \/>\n<link rel=\"canonical\" href=\"https:\/\/hospibath.it\/ro\/suport-tehnic-constant\/\" \/>\n<meta property=\"og:locale\" content=\"ro_RO\" \/>\n<meta property=\"og:type\" content=\"article\" \/>\n<meta property=\"og:title\" content=\"Suport tehnic constant \u00een timp real\" \/>\n<meta property=\"og:description\" content=\"Serviciul nostru de asisten\u021b\u0103 tehnic\u0103 pentru toate articolele pe care le oferim este un element fundamental pentru a garanta eficien\u021ba, fiabilitatea \u0219i satisfac\u021bia clien\u021bilor. Ne angaj\u0103m s\u0103 oferim asisten\u021b\u0103 complet\u0103 \u0219i continu\u0103, acoperind toate fazele ciclului de via\u021b\u0103 al produsului, de la v\u00e2nz\u0103ri p\u00e2n\u0103 la...\" \/>\n<meta property=\"og:url\" content=\"https:\/\/hospibath.it\/ro\/suport-tehnic-constant\/\" \/>\n<meta property=\"og:site_name\" content=\"HospiBath\" \/>\n<meta property=\"article:publisher\" content=\"https:\/\/www.facebook.com\/kango.mall.italy\/\" \/>\n<meta property=\"article:modified_time\" content=\"2026-02-02T12:03:40+00:00\" \/>\n<meta property=\"og:image\" content=\"https:\/\/hospibath.it\/wp-content\/uploads\/2025\/02\/prodotti-di-rubinetteria-qualita-italiana-1-300x186.jpg\" \/>\n<meta name=\"twitter:card\" content=\"summary_large_image\" \/>\n<meta name=\"twitter:label1\" content=\"Timp estimat pentru citire\" \/>\n\t<meta name=\"twitter:data1\" content=\"1 minut\" \/>\n<script type=\"application\/ld+json\" class=\"yoast-schema-graph\">{\"@context\":\"https:\/\/schema.org\",\"@graph\":[{\"@type\":\"WebPage\",\"@id\":\"https:\/\/hospibath.it\/ro\/suport-tehnic-constant\/\",\"url\":\"https:\/\/hospibath.it\/ro\/suport-tehnic-constant\/\",\"name\":\"Suport tehnic constant - HospiBath\",\"isPartOf\":{\"@id\":\"https:\/\/hospibath.it\/ro\/#website\"},\"primaryImageOfPage\":{\"@id\":\"https:\/\/hospibath.it\/ro\/suport-tehnic-constant\/#primaryimage\"},\"image\":{\"@id\":\"https:\/\/hospibath.it\/ro\/suport-tehnic-constant\/#primaryimage\"},\"thumbnailUrl\":\"https:\/\/hospibath.it\/wp-content\/uploads\/2025\/05\/articoli-e-componenti-rubinetteria-doccia-e-accessori-bagno-nel-contract-hotel-hospibath-1024x683.jpg\",\"datePublished\":\"2025-05-21T18:07:35+00:00\",\"dateModified\":\"2026-02-02T12:03:40+00:00\",\"breadcrumb\":{\"@id\":\"https:\/\/hospibath.it\/ro\/suport-tehnic-constant\/#breadcrumb\"},\"inLanguage\":\"ro-RO\",\"potentialAction\":[{\"@type\":\"ReadAction\",\"target\":[\"https:\/\/hospibath.it\/ro\/suport-tehnic-constant\/\"]}]},{\"@type\":\"ImageObject\",\"inLanguage\":\"ro-RO\",\"@id\":\"https:\/\/hospibath.it\/ro\/suport-tehnic-constant\/#primaryimage\",\"url\":\"https:\/\/hospibath.it\/wp-content\/uploads\/2025\/05\/articoli-e-componenti-rubinetteria-doccia-e-accessori-bagno-nel-contract-hotel-hospibath-1024x683.jpg\",\"contentUrl\":\"https:\/\/hospibath.it\/wp-content\/uploads\/2025\/05\/articoli-e-componenti-rubinetteria-doccia-e-accessori-bagno-nel-contract-hotel-hospibath-1024x683.jpg\"},{\"@type\":\"BreadcrumbList\",\"@id\":\"https:\/\/hospibath.it\/ro\/suport-tehnic-constant\/#breadcrumb\",\"itemListElement\":[{\"@type\":\"ListItem\",\"position\":1,\"name\":\"Home\",\"item\":\"https:\/\/hospibath.it\/ro\/\"},{\"@type\":\"ListItem\",\"position\":2,\"name\":\"Suport tehnic constant\"}]},{\"@type\":\"WebSite\",\"@id\":\"https:\/\/hospibath.it\/ro\/#website\",\"url\":\"https:\/\/hospibath.it\/ro\/\",\"name\":\"HospiBath\",\"description\":\"Hotel&amp;Bathroom\",\"publisher\":{\"@id\":\"https:\/\/hospibath.it\/ro\/#organization\"},\"potentialAction\":[{\"@type\":\"SearchAction\",\"target\":{\"@type\":\"EntryPoint\",\"urlTemplate\":\"https:\/\/hospibath.it\/ro\/?s={search_term_string}\"},\"query-input\":{\"@type\":\"PropertyValueSpecification\",\"valueRequired\":true,\"valueName\":\"search_term_string\"}}],\"inLanguage\":\"ro-RO\"},{\"@type\":\"Organization\",\"@id\":\"https:\/\/hospibath.it\/ro\/#organization\",\"name\":\"HospiBath\",\"url\":\"https:\/\/hospibath.it\/ro\/\",\"logo\":{\"@type\":\"ImageObject\",\"inLanguage\":\"ro-RO\",\"@id\":\"https:\/\/hospibath.it\/ro\/#\/schema\/logo\/image\/\",\"url\":\"https:\/\/hospibath.it\/wp-content\/uploads\/2024\/05\/logo_hospibat_small.jpg\",\"contentUrl\":\"https:\/\/hospibath.it\/wp-content\/uploads\/2024\/05\/logo_hospibat_small.jpg\",\"width\":283,\"height\":86,\"caption\":\"HospiBath\"},\"image\":{\"@id\":\"https:\/\/hospibath.it\/ro\/#\/schema\/logo\/image\/\"},\"sameAs\":[\"https:\/\/www.facebook.com\/kango.mall.italy\/\",\"https:\/\/www.instagram.com\/hospibath\/\",\"https:\/\/it.pinterest.com\/HospiBath\/\"]}]}<\/script>\n<!-- \/ Yoast SEO plugin. -->","yoast_head_json":{"title":"Suport tehnic constant - HospiBath","robots":{"index":"index","follow":"follow","max-snippet":"max-snippet:-1","max-image-preview":"max-image-preview:large","max-video-preview":"max-video-preview:-1"},"canonical":"https:\/\/hospibath.it\/ro\/suport-tehnic-constant\/","og_locale":"ro_RO","og_type":"article","og_title":"Suport tehnic constant \u00een timp real","og_description":"Serviciul nostru de asisten\u021b\u0103 tehnic\u0103 pentru toate articolele pe care le oferim este un element fundamental pentru a garanta eficien\u021ba, fiabilitatea \u0219i satisfac\u021bia clien\u021bilor. Ne angaj\u0103m s\u0103 oferim asisten\u021b\u0103 complet\u0103 \u0219i continu\u0103, acoperind toate fazele ciclului de via\u021b\u0103 al produsului, de la v\u00e2nz\u0103ri p\u00e2n\u0103 la...","og_url":"https:\/\/hospibath.it\/ro\/suport-tehnic-constant\/","og_site_name":"HospiBath","article_publisher":"https:\/\/www.facebook.com\/kango.mall.italy\/","article_modified_time":"2026-02-02T12:03:40+00:00","og_image":[{"url":"https:\/\/hospibath.it\/wp-content\/uploads\/2025\/02\/prodotti-di-rubinetteria-qualita-italiana-1-300x186.jpg","type":"","width":"","height":""}],"twitter_card":"summary_large_image","twitter_misc":{"Timp estimat pentru citire":"1 minut"},"schema":{"@context":"https:\/\/schema.org","@graph":[{"@type":"WebPage","@id":"https:\/\/hospibath.it\/ro\/suport-tehnic-constant\/","url":"https:\/\/hospibath.it\/ro\/suport-tehnic-constant\/","name":"Suport tehnic constant - HospiBath","isPartOf":{"@id":"https:\/\/hospibath.it\/ro\/#website"},"primaryImageOfPage":{"@id":"https:\/\/hospibath.it\/ro\/suport-tehnic-constant\/#primaryimage"},"image":{"@id":"https:\/\/hospibath.it\/ro\/suport-tehnic-constant\/#primaryimage"},"thumbnailUrl":"https:\/\/hospibath.it\/wp-content\/uploads\/2025\/05\/articoli-e-componenti-rubinetteria-doccia-e-accessori-bagno-nel-contract-hotel-hospibath-1024x683.jpg","datePublished":"2025-05-21T18:07:35+00:00","dateModified":"2026-02-02T12:03:40+00:00","breadcrumb":{"@id":"https:\/\/hospibath.it\/ro\/suport-tehnic-constant\/#breadcrumb"},"inLanguage":"ro-RO","potentialAction":[{"@type":"ReadAction","target":["https:\/\/hospibath.it\/ro\/suport-tehnic-constant\/"]}]},{"@type":"ImageObject","inLanguage":"ro-RO","@id":"https:\/\/hospibath.it\/ro\/suport-tehnic-constant\/#primaryimage","url":"https:\/\/hospibath.it\/wp-content\/uploads\/2025\/05\/articoli-e-componenti-rubinetteria-doccia-e-accessori-bagno-nel-contract-hotel-hospibath-1024x683.jpg","contentUrl":"https:\/\/hospibath.it\/wp-content\/uploads\/2025\/05\/articoli-e-componenti-rubinetteria-doccia-e-accessori-bagno-nel-contract-hotel-hospibath-1024x683.jpg"},{"@type":"BreadcrumbList","@id":"https:\/\/hospibath.it\/ro\/suport-tehnic-constant\/#breadcrumb","itemListElement":[{"@type":"ListItem","position":1,"name":"Home","item":"https:\/\/hospibath.it\/ro\/"},{"@type":"ListItem","position":2,"name":"Suport tehnic constant"}]},{"@type":"WebSite","@id":"https:\/\/hospibath.it\/ro\/#website","url":"https:\/\/hospibath.it\/ro\/","name":"HospiBath","description":"Hotel&amp;Bathroom","publisher":{"@id":"https:\/\/hospibath.it\/ro\/#organization"},"potentialAction":[{"@type":"SearchAction","target":{"@type":"EntryPoint","urlTemplate":"https:\/\/hospibath.it\/ro\/?s={search_term_string}"},"query-input":{"@type":"PropertyValueSpecification","valueRequired":true,"valueName":"search_term_string"}}],"inLanguage":"ro-RO"},{"@type":"Organization","@id":"https:\/\/hospibath.it\/ro\/#organization","name":"HospiBath","url":"https:\/\/hospibath.it\/ro\/","logo":{"@type":"ImageObject","inLanguage":"ro-RO","@id":"https:\/\/hospibath.it\/ro\/#\/schema\/logo\/image\/","url":"https:\/\/hospibath.it\/wp-content\/uploads\/2024\/05\/logo_hospibat_small.jpg","contentUrl":"https:\/\/hospibath.it\/wp-content\/uploads\/2024\/05\/logo_hospibat_small.jpg","width":283,"height":86,"caption":"HospiBath"},"image":{"@id":"https:\/\/hospibath.it\/ro\/#\/schema\/logo\/image\/"},"sameAs":["https:\/\/www.facebook.com\/kango.mall.italy\/","https:\/\/www.instagram.com\/hospibath\/","https:\/\/it.pinterest.com\/HospiBath\/"]}]}},"_links":{"self":[{"href":"https:\/\/hospibath.it\/ro\/wp-json\/wp\/v2\/pages\/16718","targetHints":{"allow":["GET"]}}],"collection":[{"href":"https:\/\/hospibath.it\/ro\/wp-json\/wp\/v2\/pages"}],"about":[{"href":"https:\/\/hospibath.it\/ro\/wp-json\/wp\/v2\/types\/page"}],"author":[{"embeddable":true,"href":"https:\/\/hospibath.it\/ro\/wp-json\/wp\/v2\/users\/3"}],"replies":[{"embeddable":true,"href":"https:\/\/hospibath.it\/ro\/wp-json\/wp\/v2\/comments?post=16718"}],"version-history":[{"count":3,"href":"https:\/\/hospibath.it\/ro\/wp-json\/wp\/v2\/pages\/16718\/revisions"}],"predecessor-version":[{"id":16850,"href":"https:\/\/hospibath.it\/ro\/wp-json\/wp\/v2\/pages\/16718\/revisions\/16850"}],"wp:attachment":[{"href":"https:\/\/hospibath.it\/ro\/wp-json\/wp\/v2\/media?parent=16718"}],"curies":[{"name":"wp","href":"https:\/\/api.w.org\/{rel}","templated":true}]}}