{"id":16726,"date":"2025-05-21T20:48:23","date_gmt":"2025-05-21T20:48:23","guid":{"rendered":"https:\/\/hospibath.it\/stil-italian\/"},"modified":"2025-05-28T21:30:57","modified_gmt":"2025-05-28T21:30:57","slug":"stil-italian","status":"publish","type":"page","link":"https:\/\/hospibath.it\/ro\/stil-italian\/","title":{"rendered":"Stil italian"},"content":{"rendered":"\n<p>\u00cen inima excelen\u021bei italiene,<strong> articolele \u0219i componentele noastre de robinet\u0103rie <\/strong>\u00eentruchipeaz\u0103 calitatea \u0219i tradi\u021bia care au distins \u00eentotdeauna stilul italian.<\/p>\n\n<p>Fiecare produs este rezultatul unei <strong>m\u0103iestrii atente<\/strong> \u0219i al unui <strong>design rafinat<\/strong>, conceput pentru a combina func\u021bionalitatea \u0219i estetica \u00een<strong> medii de baie <\/strong>de \u00eenalt\u0103 calitate.<\/p>\n\n<p><br\/><strong>Stilul italian<\/strong> se reflect\u0103 \u00een linii elegante, finisaje fine \u0219i detalii meticulos lucrate, capabile s\u0103 \u00eembun\u0103t\u0103\u021beasc\u0103 fiecare spa\u021biu \u0219i s\u0103 ofere oaspe\u021bilor hotelului o experien\u021b\u0103 de confort \u0219i rafinament.<br\/>Gama noastr\u0103 de produse este inspirat\u0103 de tradi\u021biile artizanale italiene, combin\u00e2nd tehnicile tradi\u021bionale de fabrica\u021bie cu inova\u021biile tehnologice, pentru a garanta <strong>produse durabile, fiabile \u0219i de \u00eenalt\u0103 calitate.<\/strong><\/p>\n\n<p><br\/><strong>Calitatea este punctul nostru forte<\/strong>: materiale selectate, precum <strong>alama<\/strong>, <strong>o\u021belul inoxidabil<\/strong> \u0219i finisaje <strong>rezistente la uzur\u0103 <\/strong>\u0219i coroziune, pentru a asigura o durat\u0103 lung\u0103 \u0219i o<strong> \u00eentre\u021binere u\u0219oar\u0103.<\/strong> <\/p>\n\n<p>Fiecare component\u0103 este supus\u0103 unor controale riguroase de calitate, astfel \u00eenc\u00e2t s\u0103 poat\u0103 oferi <strong>performan\u021be excelente \u0219i un design fara timp<\/strong>, perfect pentru mediile hoteliere contractuale care necesit\u0103 elegan\u021b\u0103 \u0219i func\u021bionalitate.<\/p>\n\n<p><br\/>Tradi\u021bia italian\u0103 se traduce \u0219i printr-o aten\u021bie deosebit\u0103 la detalii, func\u021bionalitate \u0219i inova\u021bie, cre\u00e2nd produse care combin\u0103 estetica \u0219i tehnologia pentru a satisface cele mai exigente nevoi ale <strong>sectorului hotelier.<\/strong><br\/><strong>Misiunea noastr\u0103<\/strong> este de a oferi <strong>solu\u021bii pentru robinete \u0219i componente de baie, <\/strong>cum ar fi accesorii, capete \u0219i coloane de du\u0219, \u0219ine de dus complete \u0219i elemente hidraulice care reflect\u0103 stilul italian, contribuind la crearea unor<strong> medii de baie elegante, primitoare \u0219i fermec\u0103toare.<\/strong><\/p>\n\n<div style=\"height:50px\" aria-hidden=\"true\" class=\"wp-block-spacer\"><\/div>\n\n<figure class=\"wp-block-image size-large is-resized\"><img loading=\"lazy\" decoding=\"async\" width=\"1024\" height=\"683\" src=\"https:\/\/hospibath.it\/wp-content\/uploads\/2025\/05\/rubinetteria-stile-italiano-per-alberghi-e-residence-contatti-hospibath-1024x683.jpg\" alt=\"\" class=\"wp-image-16276\" style=\"width:1130px;height:auto\" srcset=\"https:\/\/hospibath.it\/wp-content\/uploads\/2025\/05\/rubinetteria-stile-italiano-per-alberghi-e-residence-contatti-hospibath-1024x683.jpg 1024w, https:\/\/hospibath.it\/wp-content\/uploads\/2025\/05\/rubinetteria-stile-italiano-per-alberghi-e-residence-contatti-hospibath-300x200.jpg 300w, https:\/\/hospibath.it\/wp-content\/uploads\/2025\/05\/rubinetteria-stile-italiano-per-alberghi-e-residence-contatti-hospibath-768x512.jpg 768w, https:\/\/hospibath.it\/wp-content\/uploads\/2025\/05\/rubinetteria-stile-italiano-per-alberghi-e-residence-contatti-hospibath-1536x1024.jpg 1536w, https:\/\/hospibath.it\/wp-content\/uploads\/2025\/05\/rubinetteria-stile-italiano-per-alberghi-e-residence-contatti-hospibath-2048x1365.jpg 2048w, https:\/\/hospibath.it\/wp-content\/uploads\/2025\/05\/rubinetteria-stile-italiano-per-alberghi-e-residence-contatti-hospibath-700x467.jpg 700w\" sizes=\"auto, (max-width: 1024px) 100vw, 1024px\" \/><\/figure>\n\n<div style=\"height:51px\" aria-hidden=\"true\" class=\"wp-block-spacer\"><\/div>\n","protected":false},"excerpt":{"rendered":"<p>\u00cen inima excelen\u021bei italiene, articolele \u0219i componentele noastre de robinet\u0103rie \u00eentruchipeaz\u0103 calitatea \u0219i tradi\u021bia care au distins \u00eentotdeauna stilul italian. Fiecare produs este rezultatul unei m\u0103iestrii atente \u0219i al unui design rafinat, conceput pentru a combina func\u021bionalitatea \u0219i estetica \u00een medii de baie de \u00eenalt\u0103&#8230;<\/p>\n","protected":false},"author":3,"featured_media":0,"parent":0,"menu_order":0,"comment_status":"closed","ping_status":"closed","template":"","meta":{"footnotes":""},"class_list":["post-16726","page","type-page","status-publish","hentry"],"yoast_head":"<!-- This site is optimized with the Yoast SEO plugin v26.8 - https:\/\/yoast.com\/product\/yoast-seo-wordpress\/ -->\n<title>Stil italian - HospiBath<\/title>\n<meta name=\"robots\" content=\"index, follow, max-snippet:-1, max-image-preview:large, max-video-preview:-1\" \/>\n<link rel=\"canonical\" href=\"https:\/\/hospibath.it\/ro\/stil-italian\/\" \/>\n<meta property=\"og:locale\" content=\"ro_RO\" \/>\n<meta property=\"og:type\" content=\"article\" \/>\n<meta property=\"og:title\" content=\"Stil italian - HospiBath\" \/>\n<meta property=\"og:description\" content=\"\u00cen inima excelen\u021bei italiene, articolele \u0219i componentele noastre de robinet\u0103rie \u00eentruchipeaz\u0103 calitatea \u0219i tradi\u021bia care au distins \u00eentotdeauna stilul italian. Fiecare produs este rezultatul unei m\u0103iestrii atente \u0219i al unui design rafinat, conceput pentru a combina func\u021bionalitatea \u0219i estetica \u00een medii de baie de \u00eenalt\u0103...\" \/>\n<meta property=\"og:url\" content=\"https:\/\/hospibath.it\/ro\/stil-italian\/\" \/>\n<meta property=\"og:site_name\" content=\"HospiBath\" \/>\n<meta property=\"article:publisher\" content=\"https:\/\/www.facebook.com\/kango.mall.italy\/\" \/>\n<meta property=\"article:modified_time\" content=\"2025-05-28T21:30:57+00:00\" \/>\n<meta property=\"og:image\" content=\"https:\/\/hospibath.it\/wp-content\/uploads\/2025\/05\/rubinetteria-stile-italiano-per-alberghi-e-residence-contatti-hospibath.jpg\" \/>\n\t<meta property=\"og:image:width\" content=\"2400\" \/>\n\t<meta property=\"og:image:height\" content=\"1600\" \/>\n\t<meta property=\"og:image:type\" content=\"image\/jpeg\" \/>\n<meta name=\"twitter:card\" content=\"summary_large_image\" \/>\n<meta name=\"twitter:label1\" content=\"Timp estimat pentru citire\" \/>\n\t<meta name=\"twitter:data1\" content=\"1 minut\" \/>\n<script type=\"application\/ld+json\" class=\"yoast-schema-graph\">{\"@context\":\"https:\/\/schema.org\",\"@graph\":[{\"@type\":\"WebPage\",\"@id\":\"https:\/\/hospibath.it\/ro\/stil-italian\/\",\"url\":\"https:\/\/hospibath.it\/ro\/stil-italian\/\",\"name\":\"Stil italian - HospiBath\",\"isPartOf\":{\"@id\":\"https:\/\/hospibath.it\/ro\/#website\"},\"primaryImageOfPage\":{\"@id\":\"https:\/\/hospibath.it\/ro\/stil-italian\/#primaryimage\"},\"image\":{\"@id\":\"https:\/\/hospibath.it\/ro\/stil-italian\/#primaryimage\"},\"thumbnailUrl\":\"https:\/\/hospibath.it\/wp-content\/uploads\/2025\/05\/rubinetteria-stile-italiano-per-alberghi-e-residence-contatti-hospibath-1024x683.jpg\",\"datePublished\":\"2025-05-21T20:48:23+00:00\",\"dateModified\":\"2025-05-28T21:30:57+00:00\",\"breadcrumb\":{\"@id\":\"https:\/\/hospibath.it\/ro\/stil-italian\/#breadcrumb\"},\"inLanguage\":\"ro-RO\",\"potentialAction\":[{\"@type\":\"ReadAction\",\"target\":[\"https:\/\/hospibath.it\/ro\/stil-italian\/\"]}]},{\"@type\":\"ImageObject\",\"inLanguage\":\"ro-RO\",\"@id\":\"https:\/\/hospibath.it\/ro\/stil-italian\/#primaryimage\",\"url\":\"https:\/\/hospibath.it\/wp-content\/uploads\/2025\/05\/rubinetteria-stile-italiano-per-alberghi-e-residence-contatti-hospibath-1024x683.jpg\",\"contentUrl\":\"https:\/\/hospibath.it\/wp-content\/uploads\/2025\/05\/rubinetteria-stile-italiano-per-alberghi-e-residence-contatti-hospibath-1024x683.jpg\"},{\"@type\":\"BreadcrumbList\",\"@id\":\"https:\/\/hospibath.it\/ro\/stil-italian\/#breadcrumb\",\"itemListElement\":[{\"@type\":\"ListItem\",\"position\":1,\"name\":\"Home\",\"item\":\"https:\/\/hospibath.it\/ro\/\"},{\"@type\":\"ListItem\",\"position\":2,\"name\":\"Stil italian\"}]},{\"@type\":\"WebSite\",\"@id\":\"https:\/\/hospibath.it\/ro\/#website\",\"url\":\"https:\/\/hospibath.it\/ro\/\",\"name\":\"HospiBath\",\"description\":\"Hotel&amp;Bathroom\",\"publisher\":{\"@id\":\"https:\/\/hospibath.it\/ro\/#organization\"},\"potentialAction\":[{\"@type\":\"SearchAction\",\"target\":{\"@type\":\"EntryPoint\",\"urlTemplate\":\"https:\/\/hospibath.it\/ro\/?s={search_term_string}\"},\"query-input\":{\"@type\":\"PropertyValueSpecification\",\"valueRequired\":true,\"valueName\":\"search_term_string\"}}],\"inLanguage\":\"ro-RO\"},{\"@type\":\"Organization\",\"@id\":\"https:\/\/hospibath.it\/ro\/#organization\",\"name\":\"HospiBath\",\"url\":\"https:\/\/hospibath.it\/ro\/\",\"logo\":{\"@type\":\"ImageObject\",\"inLanguage\":\"ro-RO\",\"@id\":\"https:\/\/hospibath.it\/ro\/#\/schema\/logo\/image\/\",\"url\":\"https:\/\/hospibath.it\/wp-content\/uploads\/2024\/05\/logo_hospibat_small.jpg\",\"contentUrl\":\"https:\/\/hospibath.it\/wp-content\/uploads\/2024\/05\/logo_hospibat_small.jpg\",\"width\":283,\"height\":86,\"caption\":\"HospiBath\"},\"image\":{\"@id\":\"https:\/\/hospibath.it\/ro\/#\/schema\/logo\/image\/\"},\"sameAs\":[\"https:\/\/www.facebook.com\/kango.mall.italy\/\",\"https:\/\/www.instagram.com\/hospibath\/\",\"https:\/\/it.pinterest.com\/HospiBath\/\"]}]}<\/script>\n<!-- \/ Yoast SEO plugin. -->","yoast_head_json":{"title":"Stil italian - HospiBath","robots":{"index":"index","follow":"follow","max-snippet":"max-snippet:-1","max-image-preview":"max-image-preview:large","max-video-preview":"max-video-preview:-1"},"canonical":"https:\/\/hospibath.it\/ro\/stil-italian\/","og_locale":"ro_RO","og_type":"article","og_title":"Stil italian - HospiBath","og_description":"\u00cen inima excelen\u021bei italiene, articolele \u0219i componentele noastre de robinet\u0103rie \u00eentruchipeaz\u0103 calitatea \u0219i tradi\u021bia care au distins \u00eentotdeauna stilul italian. Fiecare produs este rezultatul unei m\u0103iestrii atente \u0219i al unui design rafinat, conceput pentru a combina func\u021bionalitatea \u0219i estetica \u00een medii de baie de \u00eenalt\u0103...","og_url":"https:\/\/hospibath.it\/ro\/stil-italian\/","og_site_name":"HospiBath","article_publisher":"https:\/\/www.facebook.com\/kango.mall.italy\/","article_modified_time":"2025-05-28T21:30:57+00:00","og_image":[{"width":2400,"height":1600,"url":"https:\/\/hospibath.it\/wp-content\/uploads\/2025\/05\/rubinetteria-stile-italiano-per-alberghi-e-residence-contatti-hospibath.jpg","type":"image\/jpeg"}],"twitter_card":"summary_large_image","twitter_misc":{"Timp estimat pentru citire":"1 minut"},"schema":{"@context":"https:\/\/schema.org","@graph":[{"@type":"WebPage","@id":"https:\/\/hospibath.it\/ro\/stil-italian\/","url":"https:\/\/hospibath.it\/ro\/stil-italian\/","name":"Stil italian - HospiBath","isPartOf":{"@id":"https:\/\/hospibath.it\/ro\/#website"},"primaryImageOfPage":{"@id":"https:\/\/hospibath.it\/ro\/stil-italian\/#primaryimage"},"image":{"@id":"https:\/\/hospibath.it\/ro\/stil-italian\/#primaryimage"},"thumbnailUrl":"https:\/\/hospibath.it\/wp-content\/uploads\/2025\/05\/rubinetteria-stile-italiano-per-alberghi-e-residence-contatti-hospibath-1024x683.jpg","datePublished":"2025-05-21T20:48:23+00:00","dateModified":"2025-05-28T21:30:57+00:00","breadcrumb":{"@id":"https:\/\/hospibath.it\/ro\/stil-italian\/#breadcrumb"},"inLanguage":"ro-RO","potentialAction":[{"@type":"ReadAction","target":["https:\/\/hospibath.it\/ro\/stil-italian\/"]}]},{"@type":"ImageObject","inLanguage":"ro-RO","@id":"https:\/\/hospibath.it\/ro\/stil-italian\/#primaryimage","url":"https:\/\/hospibath.it\/wp-content\/uploads\/2025\/05\/rubinetteria-stile-italiano-per-alberghi-e-residence-contatti-hospibath-1024x683.jpg","contentUrl":"https:\/\/hospibath.it\/wp-content\/uploads\/2025\/05\/rubinetteria-stile-italiano-per-alberghi-e-residence-contatti-hospibath-1024x683.jpg"},{"@type":"BreadcrumbList","@id":"https:\/\/hospibath.it\/ro\/stil-italian\/#breadcrumb","itemListElement":[{"@type":"ListItem","position":1,"name":"Home","item":"https:\/\/hospibath.it\/ro\/"},{"@type":"ListItem","position":2,"name":"Stil italian"}]},{"@type":"WebSite","@id":"https:\/\/hospibath.it\/ro\/#website","url":"https:\/\/hospibath.it\/ro\/","name":"HospiBath","description":"Hotel&amp;Bathroom","publisher":{"@id":"https:\/\/hospibath.it\/ro\/#organization"},"potentialAction":[{"@type":"SearchAction","target":{"@type":"EntryPoint","urlTemplate":"https:\/\/hospibath.it\/ro\/?s={search_term_string}"},"query-input":{"@type":"PropertyValueSpecification","valueRequired":true,"valueName":"search_term_string"}}],"inLanguage":"ro-RO"},{"@type":"Organization","@id":"https:\/\/hospibath.it\/ro\/#organization","name":"HospiBath","url":"https:\/\/hospibath.it\/ro\/","logo":{"@type":"ImageObject","inLanguage":"ro-RO","@id":"https:\/\/hospibath.it\/ro\/#\/schema\/logo\/image\/","url":"https:\/\/hospibath.it\/wp-content\/uploads\/2024\/05\/logo_hospibat_small.jpg","contentUrl":"https:\/\/hospibath.it\/wp-content\/uploads\/2024\/05\/logo_hospibat_small.jpg","width":283,"height":86,"caption":"HospiBath"},"image":{"@id":"https:\/\/hospibath.it\/ro\/#\/schema\/logo\/image\/"},"sameAs":["https:\/\/www.facebook.com\/kango.mall.italy\/","https:\/\/www.instagram.com\/hospibath\/","https:\/\/it.pinterest.com\/HospiBath\/"]}]}},"_links":{"self":[{"href":"https:\/\/hospibath.it\/ro\/wp-json\/wp\/v2\/pages\/16726","targetHints":{"allow":["GET"]}}],"collection":[{"href":"https:\/\/hospibath.it\/ro\/wp-json\/wp\/v2\/pages"}],"about":[{"href":"https:\/\/hospibath.it\/ro\/wp-json\/wp\/v2\/types\/page"}],"author":[{"embeddable":true,"href":"https:\/\/hospibath.it\/ro\/wp-json\/wp\/v2\/users\/3"}],"replies":[{"embeddable":true,"href":"https:\/\/hospibath.it\/ro\/wp-json\/wp\/v2\/comments?post=16726"}],"version-history":[{"count":1,"href":"https:\/\/hospibath.it\/ro\/wp-json\/wp\/v2\/pages\/16726\/revisions"}],"predecessor-version":[{"id":16727,"href":"https:\/\/hospibath.it\/ro\/wp-json\/wp\/v2\/pages\/16726\/revisions\/16727"}],"wp:attachment":[{"href":"https:\/\/hospibath.it\/ro\/wp-json\/wp\/v2\/media?parent=16726"}],"curies":[{"name":"wp","href":"https:\/\/api.w.org\/{rel}","templated":true}]}}