{"id":16728,"date":"2025-05-21T21:26:19","date_gmt":"2025-05-21T21:26:19","guid":{"rendered":"https:\/\/hospibath.it\/ghid-si-consultanta-personalizata\/"},"modified":"2025-05-28T21:38:26","modified_gmt":"2025-05-28T21:38:26","slug":"ghid-si-consultanta-personalizata","status":"publish","type":"page","link":"https:\/\/hospibath.it\/ro\/ghid-si-consultanta-personalizata\/","title":{"rendered":"GHID \u0218I CONSULTANT\u0102 PERSONALIZAT\u0102"},"content":{"rendered":"\n<p><strong>Un ghid personalizat,<\/strong> asemenea unui costum f\u0103cut pe m\u0103sur\u0103, se adapteaz\u0103 perfect nevoilor tale \u0219i te duce acolo unde \u00ee\u021bi dore\u0219ti, oferind o experien\u021b\u0103 unic\u0103 \u0219i pe m\u0103sur\u0103.<\/p>\n\n<p>\u00cen sectorul contractelor hoteliere, <strong>alegerea robinetelor \u0219i accesoriilor<\/strong>, cum ar fi cele pentru <strong>du\u0219 \u0219i cad\u0103<\/strong> sau <strong>accesoriile pentru baie,<\/strong> este esen\u021bial\u0103 pentru a crea medii func\u021bionale \u0219i estetice, \u00een conformitate cu stilul structurii.<br\/>Din acest motiv, oferim<strong> \u00eendrumare \u0219i consultan\u021b\u0103 personalizate.<\/strong> Credem c\u0103 v\u0103 putem ajuta s\u0103 face\u021bi alegerile care se potrivesc cel mai bine nevoilor <strong>unit\u0103\u021bii hoteliere.<\/strong><\/p>\n\n<p><br\/>Echipa noastr\u0103 de exper\u021bi \u00ee\u0219i face timp s\u0103 asculte nevoile dumneavoastr\u0103 specifice. Analiz\u0103m factori precum <strong>designul ambian\u021bei b\u0103ii, num\u0103rul de oaspe\u021bi<\/strong>, <strong>reglement\u0103rile de siguran\u021b\u0103 <\/strong>\u0219i preferin\u021bele estetice, oferindu-v\u0103 toate informa\u021biile pentru achizi\u021bie.<br\/>V\u0103 \u00eenso\u021bim \u00een selec\u021bia articolelor care combin\u0103<strong> func\u021bionalitatea, durabilitatea \u0219i stilul,<\/strong> propun\u00e2nd solu\u021bii personalizate care se integreaz\u0103 perfect cu mobilierul \u0219i conceptul unit\u0103\u021bii dumneavoastr\u0103.<\/p>\n\n<p><br\/>\u00cen ceea ce prive\u0219te <strong>du\u0219ul<\/strong>, v\u0103 recomand\u0103m <strong>cele mai bune sisteme de robinete, capete de du\u0219, coloane de du\u0219 \u0219i diverse accesorii.<\/strong> Evalu\u0103m aspecte precum economisirea energiei, u\u0219urin\u021ba \u00eentre\u021binerii \u0219i performan\u021ba \u00een materie de confort.<br\/>Pentru <strong>accesoriile de baie<\/strong>, cum ar fi suporturi pentru prosoape, suporturi pentru periu\u021be de din\u021bi, suporturi pentru hartia igienica, dozatoare \u0219i altele, v\u0103 ajut\u0103m s\u0103 alege\u021bi materiale \u0219i finisaje care rezist\u0103 la uzur\u0103 \u0219i se adapteaz\u0103 mediului \u00eenconjur\u0103tor, garant\u00e2nd un rezultat elegant \u0219i func\u021bional.<\/p>\n\n<div style=\"height:50px\" aria-hidden=\"true\" class=\"wp-block-spacer\"><\/div>\n\n<figure class=\"wp-block-image size-large is-resized\"><img loading=\"lazy\" decoding=\"async\" width=\"1024\" height=\"683\" src=\"https:\/\/hospibath.it\/wp-content\/uploads\/2025\/05\/i-migliori-sistemi-di-rubinetteria-soffioni-colonne-doccia-e-accessori-vari-bagno-hotel-hospibath-1024x683.jpg\" alt=\"\" class=\"wp-image-16283\" style=\"width:1125px;height:auto\" srcset=\"https:\/\/hospibath.it\/wp-content\/uploads\/2025\/05\/i-migliori-sistemi-di-rubinetteria-soffioni-colonne-doccia-e-accessori-vari-bagno-hotel-hospibath-1024x683.jpg 1024w, https:\/\/hospibath.it\/wp-content\/uploads\/2025\/05\/i-migliori-sistemi-di-rubinetteria-soffioni-colonne-doccia-e-accessori-vari-bagno-hotel-hospibath-300x200.jpg 300w, https:\/\/hospibath.it\/wp-content\/uploads\/2025\/05\/i-migliori-sistemi-di-rubinetteria-soffioni-colonne-doccia-e-accessori-vari-bagno-hotel-hospibath-768x512.jpg 768w, https:\/\/hospibath.it\/wp-content\/uploads\/2025\/05\/i-migliori-sistemi-di-rubinetteria-soffioni-colonne-doccia-e-accessori-vari-bagno-hotel-hospibath-1536x1024.jpg 1536w, https:\/\/hospibath.it\/wp-content\/uploads\/2025\/05\/i-migliori-sistemi-di-rubinetteria-soffioni-colonne-doccia-e-accessori-vari-bagno-hotel-hospibath-2048x1365.jpg 2048w, https:\/\/hospibath.it\/wp-content\/uploads\/2025\/05\/i-migliori-sistemi-di-rubinetteria-soffioni-colonne-doccia-e-accessori-vari-bagno-hotel-hospibath-700x467.jpg 700w\" sizes=\"auto, (max-width: 1024px) 100vw, 1024px\" \/><\/figure>\n\n<div style=\"height:50px\" aria-hidden=\"true\" class=\"wp-block-spacer\"><\/div>\n\n<p><\/p>\n","protected":false},"excerpt":{"rendered":"<p>Un ghid personalizat, asemenea unui costum f\u0103cut pe m\u0103sur\u0103, se adapteaz\u0103 perfect nevoilor tale \u0219i te duce acolo unde \u00ee\u021bi dore\u0219ti, oferind o experien\u021b\u0103 unic\u0103 \u0219i pe m\u0103sur\u0103. \u00cen sectorul contractelor hoteliere, alegerea robinetelor \u0219i accesoriilor, cum ar fi cele pentru du\u0219 \u0219i cad\u0103 sau&#8230;<\/p>\n","protected":false},"author":3,"featured_media":0,"parent":0,"menu_order":0,"comment_status":"closed","ping_status":"closed","template":"","meta":{"footnotes":""},"class_list":["post-16728","page","type-page","status-publish","hentry"],"yoast_head":"<!-- This site is optimized with the Yoast SEO plugin v26.8 - https:\/\/yoast.com\/product\/yoast-seo-wordpress\/ -->\n<title>GHID \u0218I CONSULTANT\u0102 PERSONALIZAT\u0102 - HospiBath<\/title>\n<meta name=\"robots\" content=\"index, follow, max-snippet:-1, max-image-preview:large, max-video-preview:-1\" \/>\n<link rel=\"canonical\" href=\"https:\/\/hospibath.it\/ro\/ghid-si-consultanta-personalizata\/\" \/>\n<meta property=\"og:locale\" content=\"ro_RO\" \/>\n<meta property=\"og:type\" content=\"article\" \/>\n<meta property=\"og:title\" content=\"informa\u021bii de cump\u0103rare\" \/>\n<meta property=\"og:description\" content=\"Un ghid personalizat, asemenea unui costum f\u0103cut pe m\u0103sur\u0103, se adapteaz\u0103 perfect nevoilor tale \u0219i te duce acolo unde \u00ee\u021bi dore\u0219ti, oferind o experien\u021b\u0103 unic\u0103 \u0219i pe m\u0103sur\u0103. \u00cen sectorul contractelor hoteliere, alegerea robinetelor \u0219i accesoriilor, cum ar fi cele pentru du\u0219 \u0219i cad\u0103 sau...\" \/>\n<meta property=\"og:url\" content=\"https:\/\/hospibath.it\/ro\/ghid-si-consultanta-personalizata\/\" \/>\n<meta property=\"og:site_name\" content=\"HospiBath\" \/>\n<meta property=\"article:publisher\" content=\"https:\/\/www.facebook.com\/kango.mall.italy\/\" \/>\n<meta property=\"article:modified_time\" content=\"2025-05-28T21:38:26+00:00\" \/>\n<meta property=\"og:image\" content=\"https:\/\/hospibath.it\/wp-content\/uploads\/2025\/05\/soffione-doccia-con-luce-per-hotel-residence-resort-fornitore-hospibath-239x300.jpg\" \/>\n<meta name=\"twitter:card\" content=\"summary_large_image\" \/>\n<meta name=\"twitter:label1\" content=\"Timp estimat pentru citire\" \/>\n\t<meta name=\"twitter:data1\" content=\"1 minut\" \/>\n<script type=\"application\/ld+json\" class=\"yoast-schema-graph\">{\"@context\":\"https:\/\/schema.org\",\"@graph\":[{\"@type\":\"WebPage\",\"@id\":\"https:\/\/hospibath.it\/ro\/ghid-si-consultanta-personalizata\/\",\"url\":\"https:\/\/hospibath.it\/ro\/ghid-si-consultanta-personalizata\/\",\"name\":\"GHID \u0218I CONSULTANT\u0102 PERSONALIZAT\u0102 - HospiBath\",\"isPartOf\":{\"@id\":\"https:\/\/hospibath.it\/ro\/#website\"},\"primaryImageOfPage\":{\"@id\":\"https:\/\/hospibath.it\/ro\/ghid-si-consultanta-personalizata\/#primaryimage\"},\"image\":{\"@id\":\"https:\/\/hospibath.it\/ro\/ghid-si-consultanta-personalizata\/#primaryimage\"},\"thumbnailUrl\":\"https:\/\/hospibath.it\/wp-content\/uploads\/2025\/05\/i-migliori-sistemi-di-rubinetteria-soffioni-colonne-doccia-e-accessori-vari-bagno-hotel-hospibath-1024x683.jpg\",\"datePublished\":\"2025-05-21T21:26:19+00:00\",\"dateModified\":\"2025-05-28T21:38:26+00:00\",\"breadcrumb\":{\"@id\":\"https:\/\/hospibath.it\/ro\/ghid-si-consultanta-personalizata\/#breadcrumb\"},\"inLanguage\":\"ro-RO\",\"potentialAction\":[{\"@type\":\"ReadAction\",\"target\":[\"https:\/\/hospibath.it\/ro\/ghid-si-consultanta-personalizata\/\"]}]},{\"@type\":\"ImageObject\",\"inLanguage\":\"ro-RO\",\"@id\":\"https:\/\/hospibath.it\/ro\/ghid-si-consultanta-personalizata\/#primaryimage\",\"url\":\"https:\/\/hospibath.it\/wp-content\/uploads\/2025\/05\/i-migliori-sistemi-di-rubinetteria-soffioni-colonne-doccia-e-accessori-vari-bagno-hotel-hospibath-1024x683.jpg\",\"contentUrl\":\"https:\/\/hospibath.it\/wp-content\/uploads\/2025\/05\/i-migliori-sistemi-di-rubinetteria-soffioni-colonne-doccia-e-accessori-vari-bagno-hotel-hospibath-1024x683.jpg\"},{\"@type\":\"BreadcrumbList\",\"@id\":\"https:\/\/hospibath.it\/ro\/ghid-si-consultanta-personalizata\/#breadcrumb\",\"itemListElement\":[{\"@type\":\"ListItem\",\"position\":1,\"name\":\"Home\",\"item\":\"https:\/\/hospibath.it\/ro\/\"},{\"@type\":\"ListItem\",\"position\":2,\"name\":\"GHID \u0218I CONSULTANT\u0102 PERSONALIZAT\u0102\"}]},{\"@type\":\"WebSite\",\"@id\":\"https:\/\/hospibath.it\/ro\/#website\",\"url\":\"https:\/\/hospibath.it\/ro\/\",\"name\":\"HospiBath\",\"description\":\"Hotel&amp;Bathroom\",\"publisher\":{\"@id\":\"https:\/\/hospibath.it\/ro\/#organization\"},\"potentialAction\":[{\"@type\":\"SearchAction\",\"target\":{\"@type\":\"EntryPoint\",\"urlTemplate\":\"https:\/\/hospibath.it\/ro\/?s={search_term_string}\"},\"query-input\":{\"@type\":\"PropertyValueSpecification\",\"valueRequired\":true,\"valueName\":\"search_term_string\"}}],\"inLanguage\":\"ro-RO\"},{\"@type\":\"Organization\",\"@id\":\"https:\/\/hospibath.it\/ro\/#organization\",\"name\":\"HospiBath\",\"url\":\"https:\/\/hospibath.it\/ro\/\",\"logo\":{\"@type\":\"ImageObject\",\"inLanguage\":\"ro-RO\",\"@id\":\"https:\/\/hospibath.it\/ro\/#\/schema\/logo\/image\/\",\"url\":\"https:\/\/hospibath.it\/wp-content\/uploads\/2024\/05\/logo_hospibat_small.jpg\",\"contentUrl\":\"https:\/\/hospibath.it\/wp-content\/uploads\/2024\/05\/logo_hospibat_small.jpg\",\"width\":283,\"height\":86,\"caption\":\"HospiBath\"},\"image\":{\"@id\":\"https:\/\/hospibath.it\/ro\/#\/schema\/logo\/image\/\"},\"sameAs\":[\"https:\/\/www.facebook.com\/kango.mall.italy\/\",\"https:\/\/www.instagram.com\/hospibath\/\",\"https:\/\/it.pinterest.com\/HospiBath\/\"]}]}<\/script>\n<!-- \/ Yoast SEO plugin. -->","yoast_head_json":{"title":"GHID \u0218I CONSULTANT\u0102 PERSONALIZAT\u0102 - HospiBath","robots":{"index":"index","follow":"follow","max-snippet":"max-snippet:-1","max-image-preview":"max-image-preview:large","max-video-preview":"max-video-preview:-1"},"canonical":"https:\/\/hospibath.it\/ro\/ghid-si-consultanta-personalizata\/","og_locale":"ro_RO","og_type":"article","og_title":"informa\u021bii de cump\u0103rare","og_description":"Un ghid personalizat, asemenea unui costum f\u0103cut pe m\u0103sur\u0103, se adapteaz\u0103 perfect nevoilor tale \u0219i te duce acolo unde \u00ee\u021bi dore\u0219ti, oferind o experien\u021b\u0103 unic\u0103 \u0219i pe m\u0103sur\u0103. \u00cen sectorul contractelor hoteliere, alegerea robinetelor \u0219i accesoriilor, cum ar fi cele pentru du\u0219 \u0219i cad\u0103 sau...","og_url":"https:\/\/hospibath.it\/ro\/ghid-si-consultanta-personalizata\/","og_site_name":"HospiBath","article_publisher":"https:\/\/www.facebook.com\/kango.mall.italy\/","article_modified_time":"2025-05-28T21:38:26+00:00","og_image":[{"url":"https:\/\/hospibath.it\/wp-content\/uploads\/2025\/05\/soffione-doccia-con-luce-per-hotel-residence-resort-fornitore-hospibath-239x300.jpg","type":"","width":"","height":""}],"twitter_card":"summary_large_image","twitter_misc":{"Timp estimat pentru citire":"1 minut"},"schema":{"@context":"https:\/\/schema.org","@graph":[{"@type":"WebPage","@id":"https:\/\/hospibath.it\/ro\/ghid-si-consultanta-personalizata\/","url":"https:\/\/hospibath.it\/ro\/ghid-si-consultanta-personalizata\/","name":"GHID \u0218I CONSULTANT\u0102 PERSONALIZAT\u0102 - HospiBath","isPartOf":{"@id":"https:\/\/hospibath.it\/ro\/#website"},"primaryImageOfPage":{"@id":"https:\/\/hospibath.it\/ro\/ghid-si-consultanta-personalizata\/#primaryimage"},"image":{"@id":"https:\/\/hospibath.it\/ro\/ghid-si-consultanta-personalizata\/#primaryimage"},"thumbnailUrl":"https:\/\/hospibath.it\/wp-content\/uploads\/2025\/05\/i-migliori-sistemi-di-rubinetteria-soffioni-colonne-doccia-e-accessori-vari-bagno-hotel-hospibath-1024x683.jpg","datePublished":"2025-05-21T21:26:19+00:00","dateModified":"2025-05-28T21:38:26+00:00","breadcrumb":{"@id":"https:\/\/hospibath.it\/ro\/ghid-si-consultanta-personalizata\/#breadcrumb"},"inLanguage":"ro-RO","potentialAction":[{"@type":"ReadAction","target":["https:\/\/hospibath.it\/ro\/ghid-si-consultanta-personalizata\/"]}]},{"@type":"ImageObject","inLanguage":"ro-RO","@id":"https:\/\/hospibath.it\/ro\/ghid-si-consultanta-personalizata\/#primaryimage","url":"https:\/\/hospibath.it\/wp-content\/uploads\/2025\/05\/i-migliori-sistemi-di-rubinetteria-soffioni-colonne-doccia-e-accessori-vari-bagno-hotel-hospibath-1024x683.jpg","contentUrl":"https:\/\/hospibath.it\/wp-content\/uploads\/2025\/05\/i-migliori-sistemi-di-rubinetteria-soffioni-colonne-doccia-e-accessori-vari-bagno-hotel-hospibath-1024x683.jpg"},{"@type":"BreadcrumbList","@id":"https:\/\/hospibath.it\/ro\/ghid-si-consultanta-personalizata\/#breadcrumb","itemListElement":[{"@type":"ListItem","position":1,"name":"Home","item":"https:\/\/hospibath.it\/ro\/"},{"@type":"ListItem","position":2,"name":"GHID \u0218I CONSULTANT\u0102 PERSONALIZAT\u0102"}]},{"@type":"WebSite","@id":"https:\/\/hospibath.it\/ro\/#website","url":"https:\/\/hospibath.it\/ro\/","name":"HospiBath","description":"Hotel&amp;Bathroom","publisher":{"@id":"https:\/\/hospibath.it\/ro\/#organization"},"potentialAction":[{"@type":"SearchAction","target":{"@type":"EntryPoint","urlTemplate":"https:\/\/hospibath.it\/ro\/?s={search_term_string}"},"query-input":{"@type":"PropertyValueSpecification","valueRequired":true,"valueName":"search_term_string"}}],"inLanguage":"ro-RO"},{"@type":"Organization","@id":"https:\/\/hospibath.it\/ro\/#organization","name":"HospiBath","url":"https:\/\/hospibath.it\/ro\/","logo":{"@type":"ImageObject","inLanguage":"ro-RO","@id":"https:\/\/hospibath.it\/ro\/#\/schema\/logo\/image\/","url":"https:\/\/hospibath.it\/wp-content\/uploads\/2024\/05\/logo_hospibat_small.jpg","contentUrl":"https:\/\/hospibath.it\/wp-content\/uploads\/2024\/05\/logo_hospibat_small.jpg","width":283,"height":86,"caption":"HospiBath"},"image":{"@id":"https:\/\/hospibath.it\/ro\/#\/schema\/logo\/image\/"},"sameAs":["https:\/\/www.facebook.com\/kango.mall.italy\/","https:\/\/www.instagram.com\/hospibath\/","https:\/\/it.pinterest.com\/HospiBath\/"]}]}},"_links":{"self":[{"href":"https:\/\/hospibath.it\/ro\/wp-json\/wp\/v2\/pages\/16728","targetHints":{"allow":["GET"]}}],"collection":[{"href":"https:\/\/hospibath.it\/ro\/wp-json\/wp\/v2\/pages"}],"about":[{"href":"https:\/\/hospibath.it\/ro\/wp-json\/wp\/v2\/types\/page"}],"author":[{"embeddable":true,"href":"https:\/\/hospibath.it\/ro\/wp-json\/wp\/v2\/users\/3"}],"replies":[{"embeddable":true,"href":"https:\/\/hospibath.it\/ro\/wp-json\/wp\/v2\/comments?post=16728"}],"version-history":[{"count":1,"href":"https:\/\/hospibath.it\/ro\/wp-json\/wp\/v2\/pages\/16728\/revisions"}],"predecessor-version":[{"id":16729,"href":"https:\/\/hospibath.it\/ro\/wp-json\/wp\/v2\/pages\/16728\/revisions\/16729"}],"wp:attachment":[{"href":"https:\/\/hospibath.it\/ro\/wp-json\/wp\/v2\/media?parent=16728"}],"curies":[{"name":"wp","href":"https:\/\/api.w.org\/{rel}","templated":true}]}}