{"id":16732,"date":"2025-05-21T21:50:36","date_gmt":"2025-05-21T21:50:36","guid":{"rendered":"https:\/\/hospibath.it\/personalizare-exclusiva\/"},"modified":"2025-05-28T21:56:08","modified_gmt":"2025-05-28T21:56:08","slug":"personalizare-exclusiva","status":"publish","type":"page","link":"https:\/\/hospibath.it\/ro\/personalizare-exclusiva\/","title":{"rendered":"PERSONALIZARE EXCLUSIV\u0102"},"content":{"rendered":"\n<p>Propunerea noastr\u0103 de personalizare v\u0103 permite s\u0103 alege\u021bi fiecare element, de la <strong>robinetele de du\u0219 la accesoriile pentru baie<\/strong>, adapt\u00e2ndu-le perfect stilului, func\u021bionalit\u0103\u021bii \u0219i <strong>cerin\u021belor hotelului dumneavoastr\u0103<\/strong>.<br\/>\u00cencepem prin a asculta nevoile dumneavoastr\u0103: dori\u021bi un <strong>design minimalist sau mai sofisticat?<\/strong> Preferi <strong>finisajele mate sau lucioase<\/strong>? Ave\u021bi nevoie de <strong>economisire a energiei<\/strong> sau de <strong>tehnologii inovatoare<\/strong>?<\/p>\n\n<p><br\/><strong>Pentru du\u0219<\/strong>, v\u0103 oferim posibilitatea de a selecta sisteme de baterii cu caracteristici personalizate, cum ar fi <strong>capete de du\u0219 tip ploaie, cascad\u0103 <\/strong>sau ambele \u00een dimensiuni diferite, <strong>m\u00e2nere cu finisaje exclusive<\/strong> sau <strong>sisteme personalizate de control al temperaturii \u0219i al fluxului apei.<\/strong> <\/p>\n\n<p>Pute\u021bi alege \u00eentre diverse materiale, finisaje \u0219i tehnologii, cre\u00e2nd solu\u021bii care combin\u0103 estetica \u0219i func\u021bionalitatea, asigur\u00e2nd confort \u0219i durabilitate.<br\/><strong>Pentru accesoriile de baie,<\/strong> cum ar fi suporturile pentru prosoape, dozatoarele \u0219i diverse suporturi, personalizarea se traduce prin selec\u021bia de <strong>materiale de \u00eenalt\u0103 calitate,<\/strong> finisaje coordonate \u0219i detalii unice.<\/p>\n\n<p>Pute\u021bi opta pentru alam\u0103, o\u021bel inoxidabil sau finisaje speciale cu detalii decorative care reflect\u0103 <strong>identitatea hotelului dumneavoastr\u0103.<\/strong><\/p>\n\n<p><br\/>De asemenea, lucr\u0103m cu dumneavoastr\u0103 pentru a crea <strong>colec\u021bii coordonate<\/strong>, asigur\u00e2ndu-ne c\u0103 fiecare articol, de la robinete la finisajele accesoriilor, se integreaz\u0103 perfect imprejurarii, sporind stilul \u0219i calitatea propriet\u0103\u021bii dumneavoastr\u0103.<br\/>Pe scurt, <strong>personalizarea noastr\u0103 exclusiv\u0103<\/strong> v\u0103 permite s\u0103 alege\u021bi fiecare detaliu al robinetelor \u0219i accesoriilor de baie, cre\u00e2nd medii personalizate care reflect\u0103 elegan\u021ba \u0219i unicitatea hotelului dumneavoastr\u0103.<br\/>Suntem aici pentru a v\u0103 ajuta s\u0103<strong> transforma\u021bi fiecare spa\u021biu \u00eentr-o experien\u021b\u0103 de lux \u0219i confort<\/strong>, conceput\u0103 special pentru oaspe\u021bii dumneavoastr\u0103!<\/p>\n\n<div style=\"height:50px\" aria-hidden=\"true\" class=\"wp-block-spacer\"><\/div>\n\n<figure class=\"wp-block-image size-large is-resized\"><img loading=\"lazy\" decoding=\"async\" width=\"1024\" height=\"683\" src=\"https:\/\/hospibath.it\/wp-content\/uploads\/2025\/05\/saliscendi-doccia-nero-opaco-hotel-bagno-piccolo-soffione-con-braccio-hospibath-1024x683.jpg\" alt=\"\" class=\"wp-image-16291\" style=\"width:1130px;height:auto\" srcset=\"https:\/\/hospibath.it\/wp-content\/uploads\/2025\/05\/saliscendi-doccia-nero-opaco-hotel-bagno-piccolo-soffione-con-braccio-hospibath-1024x683.jpg 1024w, https:\/\/hospibath.it\/wp-content\/uploads\/2025\/05\/saliscendi-doccia-nero-opaco-hotel-bagno-piccolo-soffione-con-braccio-hospibath-300x200.jpg 300w, https:\/\/hospibath.it\/wp-content\/uploads\/2025\/05\/saliscendi-doccia-nero-opaco-hotel-bagno-piccolo-soffione-con-braccio-hospibath-768x512.jpg 768w, https:\/\/hospibath.it\/wp-content\/uploads\/2025\/05\/saliscendi-doccia-nero-opaco-hotel-bagno-piccolo-soffione-con-braccio-hospibath-1536x1024.jpg 1536w, https:\/\/hospibath.it\/wp-content\/uploads\/2025\/05\/saliscendi-doccia-nero-opaco-hotel-bagno-piccolo-soffione-con-braccio-hospibath-2048x1365.jpg 2048w, https:\/\/hospibath.it\/wp-content\/uploads\/2025\/05\/saliscendi-doccia-nero-opaco-hotel-bagno-piccolo-soffione-con-braccio-hospibath-700x467.jpg 700w\" sizes=\"auto, (max-width: 1024px) 100vw, 1024px\" \/><\/figure>\n\n<div style=\"height:50px\" aria-hidden=\"true\" class=\"wp-block-spacer\"><\/div>\n","protected":false},"excerpt":{"rendered":"<p>Propunerea noastr\u0103 de personalizare v\u0103 permite s\u0103 alege\u021bi fiecare element, de la robinetele de du\u0219 la accesoriile pentru baie, adapt\u00e2ndu-le perfect stilului, func\u021bionalit\u0103\u021bii \u0219i cerin\u021belor hotelului dumneavoastr\u0103.\u00cencepem prin a asculta nevoile dumneavoastr\u0103: dori\u021bi un design minimalist sau mai sofisticat? Preferi finisajele mate sau lucioase? Ave\u021bi&#8230;<\/p>\n","protected":false},"author":3,"featured_media":0,"parent":0,"menu_order":0,"comment_status":"closed","ping_status":"closed","template":"","meta":{"footnotes":""},"class_list":["post-16732","page","type-page","status-publish","hentry"],"yoast_head":"<!-- This site is optimized with the Yoast SEO plugin v26.8 - https:\/\/yoast.com\/product\/yoast-seo-wordpress\/ -->\n<title>PERSONALIZARE EXCLUSIV\u0102 - HospiBath<\/title>\n<meta name=\"robots\" content=\"index, follow, max-snippet:-1, max-image-preview:large, max-video-preview:-1\" \/>\n<link rel=\"canonical\" href=\"https:\/\/hospibath.it\/ro\/personalizare-exclusiva\/\" \/>\n<meta property=\"og:locale\" content=\"ro_RO\" \/>\n<meta property=\"og:type\" content=\"article\" \/>\n<meta property=\"og:title\" content=\"PERSONALIZARE EXCLUSIV\u0102 - HospiBath\" \/>\n<meta property=\"og:description\" content=\"Propunerea noastr\u0103 de personalizare v\u0103 permite s\u0103 alege\u021bi fiecare element, de la robinetele de du\u0219 la accesoriile pentru baie, adapt\u00e2ndu-le perfect stilului, func\u021bionalit\u0103\u021bii \u0219i cerin\u021belor hotelului dumneavoastr\u0103.\u00cencepem prin a asculta nevoile dumneavoastr\u0103: dori\u021bi un design minimalist sau mai sofisticat? Preferi finisajele mate sau lucioase? Ave\u021bi...\" \/>\n<meta property=\"og:url\" content=\"https:\/\/hospibath.it\/ro\/personalizare-exclusiva\/\" \/>\n<meta property=\"og:site_name\" content=\"HospiBath\" \/>\n<meta property=\"article:publisher\" content=\"https:\/\/www.facebook.com\/kango.mall.italy\/\" \/>\n<meta property=\"article:modified_time\" content=\"2025-05-28T21:56:08+00:00\" \/>\n<meta property=\"og:image\" content=\"https:\/\/hospibath.it\/wp-content\/uploads\/2025\/05\/saliscendi-doccia-nero-opaco-hotel-bagno-piccolo-soffione-con-braccio-hospibath.jpg\" \/>\n\t<meta property=\"og:image:width\" content=\"2400\" \/>\n\t<meta property=\"og:image:height\" content=\"1600\" \/>\n\t<meta property=\"og:image:type\" content=\"image\/jpeg\" \/>\n<meta name=\"twitter:card\" content=\"summary_large_image\" \/>\n<meta name=\"twitter:label1\" content=\"Timp estimat pentru citire\" \/>\n\t<meta name=\"twitter:data1\" content=\"1 minut\" \/>\n<script type=\"application\/ld+json\" class=\"yoast-schema-graph\">{\"@context\":\"https:\/\/schema.org\",\"@graph\":[{\"@type\":\"WebPage\",\"@id\":\"https:\/\/hospibath.it\/ro\/personalizare-exclusiva\/\",\"url\":\"https:\/\/hospibath.it\/ro\/personalizare-exclusiva\/\",\"name\":\"PERSONALIZARE EXCLUSIV\u0102 - HospiBath\",\"isPartOf\":{\"@id\":\"https:\/\/hospibath.it\/ro\/#website\"},\"primaryImageOfPage\":{\"@id\":\"https:\/\/hospibath.it\/ro\/personalizare-exclusiva\/#primaryimage\"},\"image\":{\"@id\":\"https:\/\/hospibath.it\/ro\/personalizare-exclusiva\/#primaryimage\"},\"thumbnailUrl\":\"https:\/\/hospibath.it\/wp-content\/uploads\/2025\/05\/saliscendi-doccia-nero-opaco-hotel-bagno-piccolo-soffione-con-braccio-hospibath-1024x683.jpg\",\"datePublished\":\"2025-05-21T21:50:36+00:00\",\"dateModified\":\"2025-05-28T21:56:08+00:00\",\"breadcrumb\":{\"@id\":\"https:\/\/hospibath.it\/ro\/personalizare-exclusiva\/#breadcrumb\"},\"inLanguage\":\"ro-RO\",\"potentialAction\":[{\"@type\":\"ReadAction\",\"target\":[\"https:\/\/hospibath.it\/ro\/personalizare-exclusiva\/\"]}]},{\"@type\":\"ImageObject\",\"inLanguage\":\"ro-RO\",\"@id\":\"https:\/\/hospibath.it\/ro\/personalizare-exclusiva\/#primaryimage\",\"url\":\"https:\/\/hospibath.it\/wp-content\/uploads\/2025\/05\/saliscendi-doccia-nero-opaco-hotel-bagno-piccolo-soffione-con-braccio-hospibath-1024x683.jpg\",\"contentUrl\":\"https:\/\/hospibath.it\/wp-content\/uploads\/2025\/05\/saliscendi-doccia-nero-opaco-hotel-bagno-piccolo-soffione-con-braccio-hospibath-1024x683.jpg\"},{\"@type\":\"BreadcrumbList\",\"@id\":\"https:\/\/hospibath.it\/ro\/personalizare-exclusiva\/#breadcrumb\",\"itemListElement\":[{\"@type\":\"ListItem\",\"position\":1,\"name\":\"Home\",\"item\":\"https:\/\/hospibath.it\/ro\/\"},{\"@type\":\"ListItem\",\"position\":2,\"name\":\"PERSONALIZARE EXCLUSIV\u0102\"}]},{\"@type\":\"WebSite\",\"@id\":\"https:\/\/hospibath.it\/ro\/#website\",\"url\":\"https:\/\/hospibath.it\/ro\/\",\"name\":\"HospiBath\",\"description\":\"Hotel&amp;Bathroom\",\"publisher\":{\"@id\":\"https:\/\/hospibath.it\/ro\/#organization\"},\"potentialAction\":[{\"@type\":\"SearchAction\",\"target\":{\"@type\":\"EntryPoint\",\"urlTemplate\":\"https:\/\/hospibath.it\/ro\/?s={search_term_string}\"},\"query-input\":{\"@type\":\"PropertyValueSpecification\",\"valueRequired\":true,\"valueName\":\"search_term_string\"}}],\"inLanguage\":\"ro-RO\"},{\"@type\":\"Organization\",\"@id\":\"https:\/\/hospibath.it\/ro\/#organization\",\"name\":\"HospiBath\",\"url\":\"https:\/\/hospibath.it\/ro\/\",\"logo\":{\"@type\":\"ImageObject\",\"inLanguage\":\"ro-RO\",\"@id\":\"https:\/\/hospibath.it\/ro\/#\/schema\/logo\/image\/\",\"url\":\"https:\/\/hospibath.it\/wp-content\/uploads\/2024\/05\/logo_hospibat_small.jpg\",\"contentUrl\":\"https:\/\/hospibath.it\/wp-content\/uploads\/2024\/05\/logo_hospibat_small.jpg\",\"width\":283,\"height\":86,\"caption\":\"HospiBath\"},\"image\":{\"@id\":\"https:\/\/hospibath.it\/ro\/#\/schema\/logo\/image\/\"},\"sameAs\":[\"https:\/\/www.facebook.com\/kango.mall.italy\/\",\"https:\/\/www.instagram.com\/hospibath\/\",\"https:\/\/it.pinterest.com\/HospiBath\/\"]}]}<\/script>\n<!-- \/ Yoast SEO plugin. -->","yoast_head_json":{"title":"PERSONALIZARE EXCLUSIV\u0102 - HospiBath","robots":{"index":"index","follow":"follow","max-snippet":"max-snippet:-1","max-image-preview":"max-image-preview:large","max-video-preview":"max-video-preview:-1"},"canonical":"https:\/\/hospibath.it\/ro\/personalizare-exclusiva\/","og_locale":"ro_RO","og_type":"article","og_title":"PERSONALIZARE EXCLUSIV\u0102 - HospiBath","og_description":"Propunerea noastr\u0103 de personalizare v\u0103 permite s\u0103 alege\u021bi fiecare element, de la robinetele de du\u0219 la accesoriile pentru baie, adapt\u00e2ndu-le perfect stilului, func\u021bionalit\u0103\u021bii \u0219i cerin\u021belor hotelului dumneavoastr\u0103.\u00cencepem prin a asculta nevoile dumneavoastr\u0103: dori\u021bi un design minimalist sau mai sofisticat? Preferi finisajele mate sau lucioase? Ave\u021bi...","og_url":"https:\/\/hospibath.it\/ro\/personalizare-exclusiva\/","og_site_name":"HospiBath","article_publisher":"https:\/\/www.facebook.com\/kango.mall.italy\/","article_modified_time":"2025-05-28T21:56:08+00:00","og_image":[{"width":2400,"height":1600,"url":"https:\/\/hospibath.it\/wp-content\/uploads\/2025\/05\/saliscendi-doccia-nero-opaco-hotel-bagno-piccolo-soffione-con-braccio-hospibath.jpg","type":"image\/jpeg"}],"twitter_card":"summary_large_image","twitter_misc":{"Timp estimat pentru citire":"1 minut"},"schema":{"@context":"https:\/\/schema.org","@graph":[{"@type":"WebPage","@id":"https:\/\/hospibath.it\/ro\/personalizare-exclusiva\/","url":"https:\/\/hospibath.it\/ro\/personalizare-exclusiva\/","name":"PERSONALIZARE EXCLUSIV\u0102 - HospiBath","isPartOf":{"@id":"https:\/\/hospibath.it\/ro\/#website"},"primaryImageOfPage":{"@id":"https:\/\/hospibath.it\/ro\/personalizare-exclusiva\/#primaryimage"},"image":{"@id":"https:\/\/hospibath.it\/ro\/personalizare-exclusiva\/#primaryimage"},"thumbnailUrl":"https:\/\/hospibath.it\/wp-content\/uploads\/2025\/05\/saliscendi-doccia-nero-opaco-hotel-bagno-piccolo-soffione-con-braccio-hospibath-1024x683.jpg","datePublished":"2025-05-21T21:50:36+00:00","dateModified":"2025-05-28T21:56:08+00:00","breadcrumb":{"@id":"https:\/\/hospibath.it\/ro\/personalizare-exclusiva\/#breadcrumb"},"inLanguage":"ro-RO","potentialAction":[{"@type":"ReadAction","target":["https:\/\/hospibath.it\/ro\/personalizare-exclusiva\/"]}]},{"@type":"ImageObject","inLanguage":"ro-RO","@id":"https:\/\/hospibath.it\/ro\/personalizare-exclusiva\/#primaryimage","url":"https:\/\/hospibath.it\/wp-content\/uploads\/2025\/05\/saliscendi-doccia-nero-opaco-hotel-bagno-piccolo-soffione-con-braccio-hospibath-1024x683.jpg","contentUrl":"https:\/\/hospibath.it\/wp-content\/uploads\/2025\/05\/saliscendi-doccia-nero-opaco-hotel-bagno-piccolo-soffione-con-braccio-hospibath-1024x683.jpg"},{"@type":"BreadcrumbList","@id":"https:\/\/hospibath.it\/ro\/personalizare-exclusiva\/#breadcrumb","itemListElement":[{"@type":"ListItem","position":1,"name":"Home","item":"https:\/\/hospibath.it\/ro\/"},{"@type":"ListItem","position":2,"name":"PERSONALIZARE EXCLUSIV\u0102"}]},{"@type":"WebSite","@id":"https:\/\/hospibath.it\/ro\/#website","url":"https:\/\/hospibath.it\/ro\/","name":"HospiBath","description":"Hotel&amp;Bathroom","publisher":{"@id":"https:\/\/hospibath.it\/ro\/#organization"},"potentialAction":[{"@type":"SearchAction","target":{"@type":"EntryPoint","urlTemplate":"https:\/\/hospibath.it\/ro\/?s={search_term_string}"},"query-input":{"@type":"PropertyValueSpecification","valueRequired":true,"valueName":"search_term_string"}}],"inLanguage":"ro-RO"},{"@type":"Organization","@id":"https:\/\/hospibath.it\/ro\/#organization","name":"HospiBath","url":"https:\/\/hospibath.it\/ro\/","logo":{"@type":"ImageObject","inLanguage":"ro-RO","@id":"https:\/\/hospibath.it\/ro\/#\/schema\/logo\/image\/","url":"https:\/\/hospibath.it\/wp-content\/uploads\/2024\/05\/logo_hospibat_small.jpg","contentUrl":"https:\/\/hospibath.it\/wp-content\/uploads\/2024\/05\/logo_hospibat_small.jpg","width":283,"height":86,"caption":"HospiBath"},"image":{"@id":"https:\/\/hospibath.it\/ro\/#\/schema\/logo\/image\/"},"sameAs":["https:\/\/www.facebook.com\/kango.mall.italy\/","https:\/\/www.instagram.com\/hospibath\/","https:\/\/it.pinterest.com\/HospiBath\/"]}]}},"_links":{"self":[{"href":"https:\/\/hospibath.it\/ro\/wp-json\/wp\/v2\/pages\/16732","targetHints":{"allow":["GET"]}}],"collection":[{"href":"https:\/\/hospibath.it\/ro\/wp-json\/wp\/v2\/pages"}],"about":[{"href":"https:\/\/hospibath.it\/ro\/wp-json\/wp\/v2\/types\/page"}],"author":[{"embeddable":true,"href":"https:\/\/hospibath.it\/ro\/wp-json\/wp\/v2\/users\/3"}],"replies":[{"embeddable":true,"href":"https:\/\/hospibath.it\/ro\/wp-json\/wp\/v2\/comments?post=16732"}],"version-history":[{"count":1,"href":"https:\/\/hospibath.it\/ro\/wp-json\/wp\/v2\/pages\/16732\/revisions"}],"predecessor-version":[{"id":16733,"href":"https:\/\/hospibath.it\/ro\/wp-json\/wp\/v2\/pages\/16732\/revisions\/16733"}],"wp:attachment":[{"href":"https:\/\/hospibath.it\/ro\/wp-json\/wp\/v2\/media?parent=16732"}],"curies":[{"name":"wp","href":"https:\/\/api.w.org\/{rel}","templated":true}]}}