{"id":16736,"date":"2025-05-22T20:49:01","date_gmt":"2025-05-22T20:49:01","guid":{"rendered":"https:\/\/hospibath.it\/coloane-de-dus\/"},"modified":"2026-01-26T17:44:39","modified_gmt":"2026-01-26T17:44:39","slug":"coloane-de-dus","status":"publish","type":"page","link":"https:\/\/hospibath.it\/ro\/coloane-de-dus\/","title":{"rendered":"COLOANE DE DU\u0218"},"content":{"rendered":"\n<p><strong>Coloanele de du\u0219 pentru hoteluri <\/strong>sunt un element esen\u021bial \u00een b\u0103ile hoteliere, deoarece ofer\u0103 oaspe\u021bilor o experien\u021b\u0103 superioar\u0103 de confort, comoditate \u0219i func\u021bionalitate.<\/p>\n\n<p><strong>Coloanele noastre de du\u0219 profesionale<\/strong> nu sunt doar func\u021bionale, ci sporesc \u0219i estetica \u0219i confortul b\u0103ii. Datorit\u0103 caracteristicilor avansate, cum ar fi mixere, termostate, capete de du\u0219 cu efect de ploaie \u0219i du\u0219uri manuale cu furtunuri flexibile, acestea transform\u0103 sistemele de du\u0219 din hoteluri \u0219i pensiuni \u00eentr-un adev\u0103rat ritual de wellness. <\/p>\n\n<p><br\/><strong>De ce s\u0103 instala\u021bi o coloan\u0103 de du\u0219:<\/strong><br\/><strong>&#8211; Confort \u0219i versatilitat<\/strong>e: Combina\u021bia dintre un cap de du\u0219 \u0219i un cap de du\u0219 portabil permite oaspe\u021bilor nu numai s\u0103 aleag\u0103 \u00eentre diferite modele de pulverizare, ci \u0219i s\u0103 personalizeze du\u0219ul \u00een func\u021bie de preferin\u021bele lor.<br\/><strong>&#8211; Estetic\u0103 modern\u0103 \u0219i func\u021bional\u0103:<\/strong> Coloanele de du\u0219 complete confer\u0103 un aspect elegant \u0219i contemporan b\u0103ii, contribuind la crearea unei atmosfere primitoare \u0219i elegante, care reflect\u0103 aten\u021bia la detalii tipic\u0103 facilit\u0103\u021bilor de calitate.<br\/><strong>&#8211; \u00centre\u021binere u\u0219oar\u0103<\/strong>: Coloanele integrate sunt concepute pentru o cur\u0103\u021bare \u0219i o \u00eentre\u021binere u\u0219oar\u0103, reduc\u00e2nd timpul \u0219i costurile de \u00eentre\u021binere. Calitatea materialelor utilizate garanteaz\u0103 durabilitate \u00eendelungat\u0103.<br\/>&#8211; Economii de energie \u0219i ap\u0103: Sunt echipate cu tehnologii care promoveaz\u0103 economisirea at\u00e2t a apei, c\u00e2t \u0219i a energiei, contribuind la reducerea costurilor de operare ale unit\u0103\u021bii.<br\/>&#8211; Siguran\u021b\u0103 \u0219i fiabilitate: Concepute pentru a asigura o func\u021bionare sigur\u0103 \u0219i stabil\u0103, reduc\u00e2nd la minimum riscul de scurgeri sau defec\u021biuni care ar putea deranja oaspe\u021bii.<\/p>\n\n<p><br\/>Prin urmare, instalarea coloanelor de du\u0219 \u00een b\u0103ile hotelurilor \u0219i unit\u0103\u021bilor de ospitalitate reprezint\u0103 o investi\u021bie strategic\u0103 \u00een solu\u021bii contractuale pentru a \u00eembun\u0103t\u0103\u021bi experien\u021ba oaspe\u021bilor, a optimiza gestionarea b\u0103ii \u0219i a spori imaginea propriet\u0103\u021bii.<br\/>Iat\u0103 c\u00e2teva dintre solu\u021biile noastre; contacta\u021bi-ne pentru orice \u00eentreb\u0103ri sau informa\u021bii.<\/p>\n\n<div style=\"height:50px\" aria-hidden=\"true\" class=\"wp-block-spacer\"><\/div>\n\n<div class=\"wp-block-group\"><div class=\"wp-block-group__inner-container is-layout-constrained wp-block-group-is-layout-constrained\">\n<figure class=\"wp-block-gallery has-nested-images columns-3 wp-block-gallery-1 is-layout-flex wp-block-gallery-is-layout-flex\">\n<figure class=\"wp-block-image size-full is-style-default\"><a href=\"https:\/\/hospibath.it\/wp-content\/uploads\/2025\/05\/colonna-doccia-quadrata-soffione-quadro-hotel-hospibath-1.jpg\"><img loading=\"lazy\" decoding=\"async\" width=\"1000\" height=\"707\" data-id=\"16338\" src=\"https:\/\/hospibath.it\/wp-content\/uploads\/2025\/05\/colonna-doccia-quadrata-soffione-quadro-hotel-hospibath-1.jpg\" alt=\"\" class=\"wp-image-16338\" srcset=\"https:\/\/hospibath.it\/wp-content\/uploads\/2025\/05\/colonna-doccia-quadrata-soffione-quadro-hotel-hospibath-1.jpg 1000w, https:\/\/hospibath.it\/wp-content\/uploads\/2025\/05\/colonna-doccia-quadrata-soffione-quadro-hotel-hospibath-1-300x212.jpg 300w, https:\/\/hospibath.it\/wp-content\/uploads\/2025\/05\/colonna-doccia-quadrata-soffione-quadro-hotel-hospibath-1-768x543.jpg 768w, https:\/\/hospibath.it\/wp-content\/uploads\/2025\/05\/colonna-doccia-quadrata-soffione-quadro-hotel-hospibath-1-700x495.jpg 700w\" sizes=\"auto, (max-width: 1000px) 100vw, 1000px\" \/><\/a><\/figure>\n\n\n\n<figure class=\"wp-block-image size-full\"><a href=\"https:\/\/hospibath.it\/wp-content\/uploads\/2025\/05\/colonna-doccia-completa-soffione-con-tubo-e-doccia-a-mano-hospibath.jpg\"><img loading=\"lazy\" decoding=\"async\" width=\"1200\" height=\"723\" data-id=\"16318\" src=\"https:\/\/hospibath.it\/wp-content\/uploads\/2025\/05\/colonna-doccia-completa-soffione-con-tubo-e-doccia-a-mano-hospibath.jpg\" alt=\"\" class=\"wp-image-16318\" srcset=\"https:\/\/hospibath.it\/wp-content\/uploads\/2025\/05\/colonna-doccia-completa-soffione-con-tubo-e-doccia-a-mano-hospibath.jpg 1200w, https:\/\/hospibath.it\/wp-content\/uploads\/2025\/05\/colonna-doccia-completa-soffione-con-tubo-e-doccia-a-mano-hospibath-300x181.jpg 300w, https:\/\/hospibath.it\/wp-content\/uploads\/2025\/05\/colonna-doccia-completa-soffione-con-tubo-e-doccia-a-mano-hospibath-1024x617.jpg 1024w, https:\/\/hospibath.it\/wp-content\/uploads\/2025\/05\/colonna-doccia-completa-soffione-con-tubo-e-doccia-a-mano-hospibath-768x463.jpg 768w, https:\/\/hospibath.it\/wp-content\/uploads\/2025\/05\/colonna-doccia-completa-soffione-con-tubo-e-doccia-a-mano-hospibath-700x422.jpg 700w\" sizes=\"auto, (max-width: 1200px) 100vw, 1200px\" \/><\/a><\/figure>\n\n\n\n<figure class=\"wp-block-image size-full\"><a href=\"https:\/\/hospibath.it\/wp-content\/uploads\/2025\/05\/colonna-doccia-con-miscelatore-termostatico-hospibath.jpg\"><img loading=\"lazy\" decoding=\"async\" width=\"1000\" height=\"819\" data-id=\"16321\" src=\"https:\/\/hospibath.it\/wp-content\/uploads\/2025\/05\/colonna-doccia-con-miscelatore-termostatico-hospibath.jpg\" alt=\"\" class=\"wp-image-16321\" srcset=\"https:\/\/hospibath.it\/wp-content\/uploads\/2025\/05\/colonna-doccia-con-miscelatore-termostatico-hospibath.jpg 1000w, https:\/\/hospibath.it\/wp-content\/uploads\/2025\/05\/colonna-doccia-con-miscelatore-termostatico-hospibath-300x246.jpg 300w, https:\/\/hospibath.it\/wp-content\/uploads\/2025\/05\/colonna-doccia-con-miscelatore-termostatico-hospibath-768x629.jpg 768w, https:\/\/hospibath.it\/wp-content\/uploads\/2025\/05\/colonna-doccia-con-miscelatore-termostatico-hospibath-700x573.jpg 700w\" sizes=\"auto, (max-width: 1000px) 100vw, 1000px\" \/><\/a><\/figure>\n\n\n\n<figure class=\"wp-block-image size-full\"><a href=\"https:\/\/hospibath.it\/wp-content\/uploads\/2025\/05\/colonna-doccia-telescopica-regolabile-completa-hospibath.jpg\"><img loading=\"lazy\" decoding=\"async\" width=\"766\" height=\"1024\" data-id=\"16330\" src=\"https:\/\/hospibath.it\/wp-content\/uploads\/2025\/05\/colonna-doccia-telescopica-regolabile-completa-hospibath.jpg\" alt=\"\" class=\"wp-image-16330\" srcset=\"https:\/\/hospibath.it\/wp-content\/uploads\/2025\/05\/colonna-doccia-telescopica-regolabile-completa-hospibath.jpg 766w, https:\/\/hospibath.it\/wp-content\/uploads\/2025\/05\/colonna-doccia-telescopica-regolabile-completa-hospibath-224x300.jpg 224w, https:\/\/hospibath.it\/wp-content\/uploads\/2025\/05\/colonna-doccia-telescopica-regolabile-completa-hospibath-700x936.jpg 700w\" sizes=\"auto, (max-width: 766px) 100vw, 766px\" \/><\/a><\/figure>\n\n\n\n<figure class=\"wp-block-image size-full\"><a href=\"https:\/\/hospibath.it\/wp-content\/uploads\/2025\/05\/colonna-doccia-telescopica-regolabile-quadrata-completa-hospibath.jpg\"><img loading=\"lazy\" decoding=\"async\" width=\"600\" height=\"904\" data-id=\"16333\" src=\"https:\/\/hospibath.it\/wp-content\/uploads\/2025\/05\/colonna-doccia-telescopica-regolabile-quadrata-completa-hospibath.jpg\" alt=\"\" class=\"wp-image-16333\" srcset=\"https:\/\/hospibath.it\/wp-content\/uploads\/2025\/05\/colonna-doccia-telescopica-regolabile-quadrata-completa-hospibath.jpg 600w, https:\/\/hospibath.it\/wp-content\/uploads\/2025\/05\/colonna-doccia-telescopica-regolabile-quadrata-completa-hospibath-199x300.jpg 199w\" sizes=\"auto, (max-width: 600px) 100vw, 600px\" \/><\/a><\/figure>\n\n\n\n<figure class=\"wp-block-image size-full\"><a href=\"https:\/\/hospibath.it\/wp-content\/uploads\/2025\/05\/colonna-doccia-a-parete-spa-benessere-hotel-residence-hospibath.jpg\"><img loading=\"lazy\" decoding=\"async\" width=\"737\" height=\"1000\" data-id=\"16315\" src=\"https:\/\/hospibath.it\/wp-content\/uploads\/2025\/05\/colonna-doccia-a-parete-spa-benessere-hotel-residence-hospibath.jpg\" alt=\"\" class=\"wp-image-16315\" srcset=\"https:\/\/hospibath.it\/wp-content\/uploads\/2025\/05\/colonna-doccia-a-parete-spa-benessere-hotel-residence-hospibath.jpg 737w, https:\/\/hospibath.it\/wp-content\/uploads\/2025\/05\/colonna-doccia-a-parete-spa-benessere-hotel-residence-hospibath-221x300.jpg 221w, https:\/\/hospibath.it\/wp-content\/uploads\/2025\/05\/colonna-doccia-a-parete-spa-benessere-hotel-residence-hospibath-700x950.jpg 700w\" sizes=\"auto, (max-width: 737px) 100vw, 737px\" \/><\/a><\/figure>\n\n\n\n<figure class=\"wp-block-image size-full\"><a href=\"https:\/\/hospibath.it\/wp-content\/uploads\/2025\/05\/colonna-doccia-a-muro-ottone-spa-hotel-resort-hospibath-1.jpg\"><img loading=\"lazy\" decoding=\"async\" width=\"929\" height=\"1244\" data-id=\"16312\" src=\"https:\/\/hospibath.it\/wp-content\/uploads\/2025\/05\/colonna-doccia-a-muro-ottone-spa-hotel-resort-hospibath-1.jpg\" alt=\"\" class=\"wp-image-16312\" srcset=\"https:\/\/hospibath.it\/wp-content\/uploads\/2025\/05\/colonna-doccia-a-muro-ottone-spa-hotel-resort-hospibath-1.jpg 929w, https:\/\/hospibath.it\/wp-content\/uploads\/2025\/05\/colonna-doccia-a-muro-ottone-spa-hotel-resort-hospibath-1-224x300.jpg 224w, https:\/\/hospibath.it\/wp-content\/uploads\/2025\/05\/colonna-doccia-a-muro-ottone-spa-hotel-resort-hospibath-1-765x1024.jpg 765w, https:\/\/hospibath.it\/wp-content\/uploads\/2025\/05\/colonna-doccia-a-muro-ottone-spa-hotel-resort-hospibath-1-768x1028.jpg 768w, https:\/\/hospibath.it\/wp-content\/uploads\/2025\/05\/colonna-doccia-a-muro-ottone-spa-hotel-resort-hospibath-1-700x937.jpg 700w\" sizes=\"auto, (max-width: 929px) 100vw, 929px\" \/><\/a><\/figure>\n\n\n\n<figure class=\"wp-block-image size-full\"><a href=\"https:\/\/hospibath.it\/wp-content\/uploads\/2025\/04\/colonna-doccia-soffione-doccia-a-mano-rubinetteria-sassi-1.jpg\"><img loading=\"lazy\" decoding=\"async\" width=\"750\" height=\"757\" data-id=\"16019\" src=\"https:\/\/hospibath.it\/wp-content\/uploads\/2025\/04\/colonna-doccia-soffione-doccia-a-mano-rubinetteria-sassi-1.jpg\" alt=\"\" class=\"wp-image-16019\" srcset=\"https:\/\/hospibath.it\/wp-content\/uploads\/2025\/04\/colonna-doccia-soffione-doccia-a-mano-rubinetteria-sassi-1.jpg 750w, https:\/\/hospibath.it\/wp-content\/uploads\/2025\/04\/colonna-doccia-soffione-doccia-a-mano-rubinetteria-sassi-1-297x300.jpg 297w, https:\/\/hospibath.it\/wp-content\/uploads\/2025\/04\/colonna-doccia-soffione-doccia-a-mano-rubinetteria-sassi-1-150x150.jpg 150w, https:\/\/hospibath.it\/wp-content\/uploads\/2025\/04\/colonna-doccia-soffione-doccia-a-mano-rubinetteria-sassi-1-700x707.jpg 700w\" sizes=\"auto, (max-width: 750px) 100vw, 750px\" \/><\/a><\/figure>\n\n\n\n<figure class=\"wp-block-image size-full\"><a href=\"https:\/\/hospibath.it\/wp-content\/uploads\/2025\/05\/colonna-doccia-rotonda-completa-accessori-box-doccia-hospibath.jpg\"><img loading=\"lazy\" decoding=\"async\" width=\"914\" height=\"1224\" data-id=\"16327\" src=\"https:\/\/hospibath.it\/wp-content\/uploads\/2025\/05\/colonna-doccia-rotonda-completa-accessori-box-doccia-hospibath.jpg\" alt=\"\" class=\"wp-image-16327\" srcset=\"https:\/\/hospibath.it\/wp-content\/uploads\/2025\/05\/colonna-doccia-rotonda-completa-accessori-box-doccia-hospibath.jpg 914w, https:\/\/hospibath.it\/wp-content\/uploads\/2025\/05\/colonna-doccia-rotonda-completa-accessori-box-doccia-hospibath-224x300.jpg 224w, https:\/\/hospibath.it\/wp-content\/uploads\/2025\/05\/colonna-doccia-rotonda-completa-accessori-box-doccia-hospibath-765x1024.jpg 765w, https:\/\/hospibath.it\/wp-content\/uploads\/2025\/05\/colonna-doccia-rotonda-completa-accessori-box-doccia-hospibath-768x1028.jpg 768w, https:\/\/hospibath.it\/wp-content\/uploads\/2025\/05\/colonna-doccia-rotonda-completa-accessori-box-doccia-hospibath-700x937.jpg 700w\" sizes=\"auto, (max-width: 914px) 100vw, 914px\" \/><\/a><\/figure>\n<\/figure>\n<\/div><\/div>\n\n<div style=\"height:50px\" aria-hidden=\"true\" class=\"wp-block-spacer\"><\/div>\n","protected":false},"excerpt":{"rendered":"<p>Coloanele de du\u0219 pentru hoteluri sunt un element esen\u021bial \u00een b\u0103ile hoteliere, deoarece ofer\u0103 oaspe\u021bilor o experien\u021b\u0103 superioar\u0103 de confort, comoditate \u0219i func\u021bionalitate. Coloanele noastre de du\u0219 profesionale nu sunt doar func\u021bionale, ci sporesc \u0219i estetica \u0219i confortul b\u0103ii. Datorit\u0103 caracteristicilor avansate, cum ar fi&#8230;<\/p>\n","protected":false},"author":3,"featured_media":16332,"parent":0,"menu_order":0,"comment_status":"closed","ping_status":"closed","template":"","meta":{"footnotes":""},"class_list":["post-16736","page","type-page","status-publish","has-post-thumbnail","hentry"],"yoast_head":"<!-- This site is optimized with the Yoast SEO plugin v26.8 - https:\/\/yoast.com\/product\/yoast-seo-wordpress\/ -->\n<title>COLOANE DE DU\u0218 - HospiBath<\/title>\n<meta name=\"robots\" content=\"index, follow, max-snippet:-1, max-image-preview:large, max-video-preview:-1\" \/>\n<link rel=\"canonical\" href=\"https:\/\/hospibath.it\/ro\/coloane-de-dus\/\" \/>\n<meta property=\"og:locale\" content=\"ro_RO\" \/>\n<meta property=\"og:type\" content=\"article\" \/>\n<meta property=\"og:title\" content=\"Coloane de du\u0219 pentru hoteluri \u0219i unit\u0103\u021bi de cazare\" \/>\n<meta property=\"og:description\" content=\"Coloane de du\u0219 reglabile, complete cu mixere, capuri de du\u0219, du\u0219uri de mana \u0219i furtunuri flexibile.\" \/>\n<meta property=\"og:url\" content=\"https:\/\/hospibath.it\/ro\/coloane-de-dus\/\" \/>\n<meta property=\"og:site_name\" content=\"HospiBath\" \/>\n<meta property=\"article:publisher\" content=\"https:\/\/www.facebook.com\/kango.mall.italy\/\" \/>\n<meta property=\"article:modified_time\" content=\"2026-01-26T17:44:39+00:00\" \/>\n<meta property=\"og:image\" content=\"https:\/\/hospibath.it\/wp-content\/uploads\/2025\/05\/accessori-doccia-supporti-e-porta-oggetti-bagno-hotel-hospibath-248x300.jpg\" \/>\n<meta name=\"twitter:card\" content=\"summary_large_image\" \/>\n<meta name=\"twitter:label1\" content=\"Timp estimat pentru citire\" \/>\n\t<meta name=\"twitter:data1\" content=\"2 minute\" \/>\n<script type=\"application\/ld+json\" class=\"yoast-schema-graph\">{\"@context\":\"https:\/\/schema.org\",\"@graph\":[{\"@type\":\"WebPage\",\"@id\":\"https:\/\/hospibath.it\/ro\/coloane-de-dus\/\",\"url\":\"https:\/\/hospibath.it\/ro\/coloane-de-dus\/\",\"name\":\"COLOANE DE DU\u0218 - HospiBath\",\"isPartOf\":{\"@id\":\"https:\/\/hospibath.it\/ro\/#website\"},\"primaryImageOfPage\":{\"@id\":\"https:\/\/hospibath.it\/ro\/coloane-de-dus\/#primaryimage\"},\"image\":{\"@id\":\"https:\/\/hospibath.it\/ro\/coloane-de-dus\/#primaryimage\"},\"thumbnailUrl\":\"https:\/\/hospibath.it\/wp-content\/uploads\/2025\/05\/colonna-doccia-telescopica-regolabile-completa-hospibath.jpg\",\"datePublished\":\"2025-05-22T20:49:01+00:00\",\"dateModified\":\"2026-01-26T17:44:39+00:00\",\"breadcrumb\":{\"@id\":\"https:\/\/hospibath.it\/ro\/coloane-de-dus\/#breadcrumb\"},\"inLanguage\":\"ro-RO\",\"potentialAction\":[{\"@type\":\"ReadAction\",\"target\":[\"https:\/\/hospibath.it\/ro\/coloane-de-dus\/\"]}]},{\"@type\":\"ImageObject\",\"inLanguage\":\"ro-RO\",\"@id\":\"https:\/\/hospibath.it\/ro\/coloane-de-dus\/#primaryimage\",\"url\":\"https:\/\/hospibath.it\/wp-content\/uploads\/2025\/05\/colonna-doccia-telescopica-regolabile-completa-hospibath.jpg\",\"contentUrl\":\"https:\/\/hospibath.it\/wp-content\/uploads\/2025\/05\/colonna-doccia-telescopica-regolabile-completa-hospibath.jpg\",\"width\":766,\"height\":1024},{\"@type\":\"BreadcrumbList\",\"@id\":\"https:\/\/hospibath.it\/ro\/coloane-de-dus\/#breadcrumb\",\"itemListElement\":[{\"@type\":\"ListItem\",\"position\":1,\"name\":\"Home\",\"item\":\"https:\/\/hospibath.it\/ro\/\"},{\"@type\":\"ListItem\",\"position\":2,\"name\":\"COLOANE DE DU\u0218\"}]},{\"@type\":\"WebSite\",\"@id\":\"https:\/\/hospibath.it\/ro\/#website\",\"url\":\"https:\/\/hospibath.it\/ro\/\",\"name\":\"HospiBath\",\"description\":\"Hotel&amp;Bathroom\",\"publisher\":{\"@id\":\"https:\/\/hospibath.it\/ro\/#organization\"},\"potentialAction\":[{\"@type\":\"SearchAction\",\"target\":{\"@type\":\"EntryPoint\",\"urlTemplate\":\"https:\/\/hospibath.it\/ro\/?s={search_term_string}\"},\"query-input\":{\"@type\":\"PropertyValueSpecification\",\"valueRequired\":true,\"valueName\":\"search_term_string\"}}],\"inLanguage\":\"ro-RO\"},{\"@type\":\"Organization\",\"@id\":\"https:\/\/hospibath.it\/ro\/#organization\",\"name\":\"HospiBath\",\"url\":\"https:\/\/hospibath.it\/ro\/\",\"logo\":{\"@type\":\"ImageObject\",\"inLanguage\":\"ro-RO\",\"@id\":\"https:\/\/hospibath.it\/ro\/#\/schema\/logo\/image\/\",\"url\":\"https:\/\/hospibath.it\/wp-content\/uploads\/2024\/05\/logo_hospibat_small.jpg\",\"contentUrl\":\"https:\/\/hospibath.it\/wp-content\/uploads\/2024\/05\/logo_hospibat_small.jpg\",\"width\":283,\"height\":86,\"caption\":\"HospiBath\"},\"image\":{\"@id\":\"https:\/\/hospibath.it\/ro\/#\/schema\/logo\/image\/\"},\"sameAs\":[\"https:\/\/www.facebook.com\/kango.mall.italy\/\",\"https:\/\/www.instagram.com\/hospibath\/\",\"https:\/\/it.pinterest.com\/HospiBath\/\"]}]}<\/script>\n<!-- \/ Yoast SEO plugin. -->","yoast_head_json":{"title":"COLOANE DE DU\u0218 - HospiBath","robots":{"index":"index","follow":"follow","max-snippet":"max-snippet:-1","max-image-preview":"max-image-preview:large","max-video-preview":"max-video-preview:-1"},"canonical":"https:\/\/hospibath.it\/ro\/coloane-de-dus\/","og_locale":"ro_RO","og_type":"article","og_title":"Coloane de du\u0219 pentru hoteluri \u0219i unit\u0103\u021bi de cazare","og_description":"Coloane de du\u0219 reglabile, complete cu mixere, capuri de du\u0219, du\u0219uri de mana \u0219i furtunuri flexibile.","og_url":"https:\/\/hospibath.it\/ro\/coloane-de-dus\/","og_site_name":"HospiBath","article_publisher":"https:\/\/www.facebook.com\/kango.mall.italy\/","article_modified_time":"2026-01-26T17:44:39+00:00","og_image":[{"url":"https:\/\/hospibath.it\/wp-content\/uploads\/2025\/05\/accessori-doccia-supporti-e-porta-oggetti-bagno-hotel-hospibath-248x300.jpg","type":"","width":"","height":""}],"twitter_card":"summary_large_image","twitter_misc":{"Timp estimat pentru citire":"2 minute"},"schema":{"@context":"https:\/\/schema.org","@graph":[{"@type":"WebPage","@id":"https:\/\/hospibath.it\/ro\/coloane-de-dus\/","url":"https:\/\/hospibath.it\/ro\/coloane-de-dus\/","name":"COLOANE DE DU\u0218 - HospiBath","isPartOf":{"@id":"https:\/\/hospibath.it\/ro\/#website"},"primaryImageOfPage":{"@id":"https:\/\/hospibath.it\/ro\/coloane-de-dus\/#primaryimage"},"image":{"@id":"https:\/\/hospibath.it\/ro\/coloane-de-dus\/#primaryimage"},"thumbnailUrl":"https:\/\/hospibath.it\/wp-content\/uploads\/2025\/05\/colonna-doccia-telescopica-regolabile-completa-hospibath.jpg","datePublished":"2025-05-22T20:49:01+00:00","dateModified":"2026-01-26T17:44:39+00:00","breadcrumb":{"@id":"https:\/\/hospibath.it\/ro\/coloane-de-dus\/#breadcrumb"},"inLanguage":"ro-RO","potentialAction":[{"@type":"ReadAction","target":["https:\/\/hospibath.it\/ro\/coloane-de-dus\/"]}]},{"@type":"ImageObject","inLanguage":"ro-RO","@id":"https:\/\/hospibath.it\/ro\/coloane-de-dus\/#primaryimage","url":"https:\/\/hospibath.it\/wp-content\/uploads\/2025\/05\/colonna-doccia-telescopica-regolabile-completa-hospibath.jpg","contentUrl":"https:\/\/hospibath.it\/wp-content\/uploads\/2025\/05\/colonna-doccia-telescopica-regolabile-completa-hospibath.jpg","width":766,"height":1024},{"@type":"BreadcrumbList","@id":"https:\/\/hospibath.it\/ro\/coloane-de-dus\/#breadcrumb","itemListElement":[{"@type":"ListItem","position":1,"name":"Home","item":"https:\/\/hospibath.it\/ro\/"},{"@type":"ListItem","position":2,"name":"COLOANE DE DU\u0218"}]},{"@type":"WebSite","@id":"https:\/\/hospibath.it\/ro\/#website","url":"https:\/\/hospibath.it\/ro\/","name":"HospiBath","description":"Hotel&amp;Bathroom","publisher":{"@id":"https:\/\/hospibath.it\/ro\/#organization"},"potentialAction":[{"@type":"SearchAction","target":{"@type":"EntryPoint","urlTemplate":"https:\/\/hospibath.it\/ro\/?s={search_term_string}"},"query-input":{"@type":"PropertyValueSpecification","valueRequired":true,"valueName":"search_term_string"}}],"inLanguage":"ro-RO"},{"@type":"Organization","@id":"https:\/\/hospibath.it\/ro\/#organization","name":"HospiBath","url":"https:\/\/hospibath.it\/ro\/","logo":{"@type":"ImageObject","inLanguage":"ro-RO","@id":"https:\/\/hospibath.it\/ro\/#\/schema\/logo\/image\/","url":"https:\/\/hospibath.it\/wp-content\/uploads\/2024\/05\/logo_hospibat_small.jpg","contentUrl":"https:\/\/hospibath.it\/wp-content\/uploads\/2024\/05\/logo_hospibat_small.jpg","width":283,"height":86,"caption":"HospiBath"},"image":{"@id":"https:\/\/hospibath.it\/ro\/#\/schema\/logo\/image\/"},"sameAs":["https:\/\/www.facebook.com\/kango.mall.italy\/","https:\/\/www.instagram.com\/hospibath\/","https:\/\/it.pinterest.com\/HospiBath\/"]}]}},"_links":{"self":[{"href":"https:\/\/hospibath.it\/ro\/wp-json\/wp\/v2\/pages\/16736","targetHints":{"allow":["GET"]}}],"collection":[{"href":"https:\/\/hospibath.it\/ro\/wp-json\/wp\/v2\/pages"}],"about":[{"href":"https:\/\/hospibath.it\/ro\/wp-json\/wp\/v2\/types\/page"}],"author":[{"embeddable":true,"href":"https:\/\/hospibath.it\/ro\/wp-json\/wp\/v2\/users\/3"}],"replies":[{"embeddable":true,"href":"https:\/\/hospibath.it\/ro\/wp-json\/wp\/v2\/comments?post=16736"}],"version-history":[{"count":2,"href":"https:\/\/hospibath.it\/ro\/wp-json\/wp\/v2\/pages\/16736\/revisions"}],"predecessor-version":[{"id":16822,"href":"https:\/\/hospibath.it\/ro\/wp-json\/wp\/v2\/pages\/16736\/revisions\/16822"}],"wp:featuredmedia":[{"embeddable":true,"href":"https:\/\/hospibath.it\/ro\/wp-json\/wp\/v2\/media\/16332"}],"wp:attachment":[{"href":"https:\/\/hospibath.it\/ro\/wp-json\/wp\/v2\/media?parent=16736"}],"curies":[{"name":"wp","href":"https:\/\/api.w.org\/{rel}","templated":true}]}}