{"id":16740,"date":"2025-05-24T12:42:37","date_gmt":"2025-05-24T12:42:37","guid":{"rendered":"https:\/\/hospibath.it\/capete-de-dus\/"},"modified":"2025-05-28T22:37:11","modified_gmt":"2025-05-28T22:37:11","slug":"capete-de-dus","status":"publish","type":"page","link":"https:\/\/hospibath.it\/ro\/capete-de-dus\/","title":{"rendered":"CAPETE DE DU\u0218"},"content":{"rendered":"\n<p><strong>Capetele noastre de du\u0219<\/strong> sunt concepute pentru a asigura o experien\u021b\u0103 optim\u0103 de confort \u0219i func\u021bionalitate \u00een<strong> structurile hoteliere.<\/strong><\/p>\n\n<p><br\/>Structura lor robust\u0103 \u0219i durabil\u0103 asigur\u0103 o <strong>durat\u0103 lung\u0103 chiar \u0219i \u00een medii cu trafic intens.<\/strong> <\/p>\n\n<p>Capetele noastre de du\u0219 ajut\u0103 la economisirea apei, contribuind la <strong>reducerea costurilor de operare <\/strong>ale hotelurilor f\u0103r\u0103 a compromite calitatea experien\u021bei. <\/p>\n\n<p>Setul complet poate fi cea mai bun\u0103 alegere: cap de du\u0219 cu bra\u021b de du\u0219 care poate fi montat pe perete sau tavan. Diverse dimensiuni, \u00eencep\u00e2nd de la un diametru de 200 mm \u0219i ajung\u00e2nd p\u00e2n\u0103 la 400 mm. Diverse forme, cum ar fi p\u0103trate, rotunde sau dreptunghiulare.<\/p>\n\n<p>Prin urmare, alegerea celei mai potrivite este esen\u021bial\u0103 pentru a oferi clien\u021bilor un moment pur de relaxare la sf\u00e2r\u0219itul zilei!<\/p>\n\n<p><br\/><strong>Motive pentru a alege capete de du\u0219 \u00een du\u0219urile hoteliere<\/strong><br\/>&#8211; <strong>Confort \u0219i bun\u0103stare<\/strong>: ofer\u0103 un jet de ap\u0103 tip ploaie, \u00eenv\u0103luitor \u0219i uniform, cre\u00e2nd un moment de bun\u0103stare pentru oaspe\u021bi.<br\/>&#8211; <strong>Design elegant \u0219i func\u021bional<\/strong>: numeroase modele, rotunde \u0219i p\u0103trate, cu montare pe tavan sau pe perete, se integreaz\u0103 perfect cu mobilierul de baie, oferind un aspect modern \u0219i profesional.<br\/>&#8211; <strong>Durabilitate \u0219i fiabilitate<\/strong>: Fabricate din materiale de \u00eenalt\u0103 calitate, cum ar fi alama \u0219i o\u021belul, cu duze din silicon \u0219i bra\u021be din alam\u0103, sunt rezistente la uzur\u0103 \u0219i coroziune, ideale pentru medii cu trafic intens.<br\/>&#8211; <strong>U\u0219urin\u021b\u0103 \u00een \u00eentre\u021binere<\/strong>: suprafe\u021be u\u0219or de cur\u0103\u021bat \u0219i sisteme anticalcar care garanteaz\u0103 o func\u021bionare optim\u0103 \u00een timp.<br\/>&#8211; <strong>Economisirea energiei \u0219i a apei<\/strong>: tehnologii integrate care reduc consumul de ap\u0103 \u0219i energie datorit\u0103 limitatoarelor de debit, contribuind astfel la sustenabilitatea mediului \u0219i la reducerea costurilor de operare.<br\/>Aleg\u00e2nd capetele noastre de du\u0219, le oferi\u021bi oaspe\u021bilor dumneavoastr\u0103 o experien\u021b\u0103 de \u00eenalt\u0103 calitate, confort \u0219i fiabilitate, av\u00e2nd \u00een acela\u0219i timp \u00een vedere<strong> eficien\u021ba \u0219i sustenabilitatea <\/strong>hotelului dumneavoastr\u0103.<br\/><strong>Iat\u0103 c\u00e2teva dintre propunerile noastre, contacta\u021bi-ne pentru orice solicitare sau informa\u021bie.<\/strong><\/p>\n\n<div style=\"height:50px\" aria-hidden=\"true\" class=\"wp-block-spacer\"><\/div>\n\n<div class=\"wp-block-group\"><div class=\"wp-block-group__inner-container is-layout-constrained wp-block-group-is-layout-constrained\">\n<figure class=\"wp-block-gallery has-nested-images columns-default wp-block-gallery-1 is-layout-flex wp-block-gallery-is-layout-flex\">\n<figure class=\"wp-block-image size-full\"><a href=\"https:\/\/hospibath.it\/wp-content\/uploads\/2025\/05\/set-completo-soffione-doccia-con-braccio-modello-quadrato-fornitore-hospibath.jpg\"><img loading=\"lazy\" decoding=\"async\" width=\"1024\" height=\"724\" data-id=\"16387\" src=\"https:\/\/hospibath.it\/wp-content\/uploads\/2025\/05\/set-completo-soffione-doccia-con-braccio-modello-quadrato-fornitore-hospibath.jpg\" alt=\"\" class=\"wp-image-16387\" srcset=\"https:\/\/hospibath.it\/wp-content\/uploads\/2025\/05\/set-completo-soffione-doccia-con-braccio-modello-quadrato-fornitore-hospibath.jpg 1024w, https:\/\/hospibath.it\/wp-content\/uploads\/2025\/05\/set-completo-soffione-doccia-con-braccio-modello-quadrato-fornitore-hospibath-300x212.jpg 300w, https:\/\/hospibath.it\/wp-content\/uploads\/2025\/05\/set-completo-soffione-doccia-con-braccio-modello-quadrato-fornitore-hospibath-768x543.jpg 768w, https:\/\/hospibath.it\/wp-content\/uploads\/2025\/05\/set-completo-soffione-doccia-con-braccio-modello-quadrato-fornitore-hospibath-700x495.jpg 700w\" sizes=\"auto, (max-width: 1024px) 100vw, 1024px\" \/><\/a><\/figure>\n\n\n\n<figure class=\"wp-block-image size-full\"><a href=\"https:\/\/hospibath.it\/wp-content\/uploads\/2025\/05\/set-completo-con-soffione-doccia-quadrato-per-hotel-fornitore-hospibath.jpg\"><img loading=\"lazy\" decoding=\"async\" width=\"1200\" height=\"766\" data-id=\"16384\" src=\"https:\/\/hospibath.it\/wp-content\/uploads\/2025\/05\/set-completo-con-soffione-doccia-quadrato-per-hotel-fornitore-hospibath.jpg\" alt=\"\" class=\"wp-image-16384\" srcset=\"https:\/\/hospibath.it\/wp-content\/uploads\/2025\/05\/set-completo-con-soffione-doccia-quadrato-per-hotel-fornitore-hospibath.jpg 1200w, https:\/\/hospibath.it\/wp-content\/uploads\/2025\/05\/set-completo-con-soffione-doccia-quadrato-per-hotel-fornitore-hospibath-300x192.jpg 300w, https:\/\/hospibath.it\/wp-content\/uploads\/2025\/05\/set-completo-con-soffione-doccia-quadrato-per-hotel-fornitore-hospibath-1024x654.jpg 1024w, https:\/\/hospibath.it\/wp-content\/uploads\/2025\/05\/set-completo-con-soffione-doccia-quadrato-per-hotel-fornitore-hospibath-768x490.jpg 768w, https:\/\/hospibath.it\/wp-content\/uploads\/2025\/05\/set-completo-con-soffione-doccia-quadrato-per-hotel-fornitore-hospibath-700x447.jpg 700w\" sizes=\"auto, (max-width: 1200px) 100vw, 1200px\" \/><\/a><\/figure>\n\n\n\n<figure class=\"wp-block-image size-full\"><a href=\"https:\/\/hospibath.it\/wp-content\/uploads\/2025\/05\/set-completo-soffione-doccia-con-braccio-rotondo-fornitore-hospibath.jpg\"><img loading=\"lazy\" decoding=\"async\" width=\"2048\" height=\"1449\" data-id=\"16399\" src=\"https:\/\/hospibath.it\/wp-content\/uploads\/2025\/05\/set-completo-soffione-doccia-con-braccio-rotondo-fornitore-hospibath.jpg\" alt=\"\" class=\"wp-image-16399\" srcset=\"https:\/\/hospibath.it\/wp-content\/uploads\/2025\/05\/set-completo-soffione-doccia-con-braccio-rotondo-fornitore-hospibath.jpg 2048w, https:\/\/hospibath.it\/wp-content\/uploads\/2025\/05\/set-completo-soffione-doccia-con-braccio-rotondo-fornitore-hospibath-300x212.jpg 300w, https:\/\/hospibath.it\/wp-content\/uploads\/2025\/05\/set-completo-soffione-doccia-con-braccio-rotondo-fornitore-hospibath-1024x725.jpg 1024w, https:\/\/hospibath.it\/wp-content\/uploads\/2025\/05\/set-completo-soffione-doccia-con-braccio-rotondo-fornitore-hospibath-768x543.jpg 768w, https:\/\/hospibath.it\/wp-content\/uploads\/2025\/05\/set-completo-soffione-doccia-con-braccio-rotondo-fornitore-hospibath-1536x1087.jpg 1536w, https:\/\/hospibath.it\/wp-content\/uploads\/2025\/05\/set-completo-soffione-doccia-con-braccio-rotondo-fornitore-hospibath-700x495.jpg 700w\" sizes=\"auto, (max-width: 2048px) 100vw, 2048px\" \/><\/a><\/figure>\n\n\n\n<figure class=\"wp-block-image size-full\"><a href=\"https:\/\/hospibath.it\/wp-content\/uploads\/2025\/05\/soffione-doccia-a-parete-con-supporto-doccia-a-mano-fornitore-hotel-hospibath.jpg\"><img loading=\"lazy\" decoding=\"async\" width=\"2350\" height=\"1796\" data-id=\"16408\" src=\"https:\/\/hospibath.it\/wp-content\/uploads\/2025\/05\/soffione-doccia-a-parete-con-supporto-doccia-a-mano-fornitore-hotel-hospibath.jpg\" alt=\"\" class=\"wp-image-16408\" srcset=\"https:\/\/hospibath.it\/wp-content\/uploads\/2025\/05\/soffione-doccia-a-parete-con-supporto-doccia-a-mano-fornitore-hotel-hospibath.jpg 2350w, https:\/\/hospibath.it\/wp-content\/uploads\/2025\/05\/soffione-doccia-a-parete-con-supporto-doccia-a-mano-fornitore-hotel-hospibath-300x229.jpg 300w, https:\/\/hospibath.it\/wp-content\/uploads\/2025\/05\/soffione-doccia-a-parete-con-supporto-doccia-a-mano-fornitore-hotel-hospibath-1024x783.jpg 1024w, https:\/\/hospibath.it\/wp-content\/uploads\/2025\/05\/soffione-doccia-a-parete-con-supporto-doccia-a-mano-fornitore-hotel-hospibath-768x587.jpg 768w, https:\/\/hospibath.it\/wp-content\/uploads\/2025\/05\/soffione-doccia-a-parete-con-supporto-doccia-a-mano-fornitore-hotel-hospibath-1536x1174.jpg 1536w, https:\/\/hospibath.it\/wp-content\/uploads\/2025\/05\/soffione-doccia-a-parete-con-supporto-doccia-a-mano-fornitore-hotel-hospibath-2048x1565.jpg 2048w, https:\/\/hospibath.it\/wp-content\/uploads\/2025\/05\/soffione-doccia-a-parete-con-supporto-doccia-a-mano-fornitore-hotel-hospibath-700x535.jpg 700w\" sizes=\"auto, (max-width: 2350px) 100vw, 2350px\" \/><\/a><\/figure>\n\n\n\n<figure class=\"wp-block-image size-full\"><a href=\"https:\/\/hospibath.it\/wp-content\/uploads\/2025\/05\/soffione-doccia-con-braccio-ambiente-hotel-venditore-hospibath.jpg\"><img loading=\"lazy\" decoding=\"async\" width=\"1600\" height=\"1133\" data-id=\"16402\" src=\"https:\/\/hospibath.it\/wp-content\/uploads\/2025\/05\/soffione-doccia-con-braccio-ambiente-hotel-venditore-hospibath.jpg\" alt=\"\" class=\"wp-image-16402\" srcset=\"https:\/\/hospibath.it\/wp-content\/uploads\/2025\/05\/soffione-doccia-con-braccio-ambiente-hotel-venditore-hospibath.jpg 1600w, https:\/\/hospibath.it\/wp-content\/uploads\/2025\/05\/soffione-doccia-con-braccio-ambiente-hotel-venditore-hospibath-300x212.jpg 300w, https:\/\/hospibath.it\/wp-content\/uploads\/2025\/05\/soffione-doccia-con-braccio-ambiente-hotel-venditore-hospibath-1024x725.jpg 1024w, https:\/\/hospibath.it\/wp-content\/uploads\/2025\/05\/soffione-doccia-con-braccio-ambiente-hotel-venditore-hospibath-768x544.jpg 768w, https:\/\/hospibath.it\/wp-content\/uploads\/2025\/05\/soffione-doccia-con-braccio-ambiente-hotel-venditore-hospibath-1536x1088.jpg 1536w, https:\/\/hospibath.it\/wp-content\/uploads\/2025\/05\/soffione-doccia-con-braccio-ambiente-hotel-venditore-hospibath-700x496.jpg 700w\" sizes=\"auto, (max-width: 1600px) 100vw, 1600px\" \/><\/a><\/figure>\n\n\n\n<figure class=\"wp-block-image size-full\"><a href=\"https:\/\/hospibath.it\/wp-content\/uploads\/2025\/05\/soffione-doccia-incasso-getto-pioggia-e-cascata-per-hotel-residence-fornitore-hospibath.jpg\"><img loading=\"lazy\" decoding=\"async\" width=\"1140\" height=\"855\" data-id=\"16390\" src=\"https:\/\/hospibath.it\/wp-content\/uploads\/2025\/05\/soffione-doccia-incasso-getto-pioggia-e-cascata-per-hotel-residence-fornitore-hospibath.jpg\" alt=\"\" class=\"wp-image-16390\" srcset=\"https:\/\/hospibath.it\/wp-content\/uploads\/2025\/05\/soffione-doccia-incasso-getto-pioggia-e-cascata-per-hotel-residence-fornitore-hospibath.jpg 1140w, https:\/\/hospibath.it\/wp-content\/uploads\/2025\/05\/soffione-doccia-incasso-getto-pioggia-e-cascata-per-hotel-residence-fornitore-hospibath-300x225.jpg 300w, https:\/\/hospibath.it\/wp-content\/uploads\/2025\/05\/soffione-doccia-incasso-getto-pioggia-e-cascata-per-hotel-residence-fornitore-hospibath-1024x768.jpg 1024w, https:\/\/hospibath.it\/wp-content\/uploads\/2025\/05\/soffione-doccia-incasso-getto-pioggia-e-cascata-per-hotel-residence-fornitore-hospibath-768x576.jpg 768w, https:\/\/hospibath.it\/wp-content\/uploads\/2025\/05\/soffione-doccia-incasso-getto-pioggia-e-cascata-per-hotel-residence-fornitore-hospibath-800x600.jpg 800w, https:\/\/hospibath.it\/wp-content\/uploads\/2025\/05\/soffione-doccia-incasso-getto-pioggia-e-cascata-per-hotel-residence-fornitore-hospibath-700x525.jpg 700w\" sizes=\"auto, (max-width: 1140px) 100vw, 1140px\" \/><\/a><\/figure>\n\n\n\n<figure class=\"wp-block-image size-full\"><a href=\"https:\/\/hospibath.it\/wp-content\/uploads\/2025\/05\/soffione-doccia-con-luce-per-hotel-residence-resort-fornitore-hospibath.jpg\"><img loading=\"lazy\" decoding=\"async\" width=\"1703\" height=\"2141\" data-id=\"16393\" src=\"https:\/\/hospibath.it\/wp-content\/uploads\/2025\/05\/soffione-doccia-con-luce-per-hotel-residence-resort-fornitore-hospibath.jpg\" alt=\"\" class=\"wp-image-16393\" srcset=\"https:\/\/hospibath.it\/wp-content\/uploads\/2025\/05\/soffione-doccia-con-luce-per-hotel-residence-resort-fornitore-hospibath.jpg 1703w, https:\/\/hospibath.it\/wp-content\/uploads\/2025\/05\/soffione-doccia-con-luce-per-hotel-residence-resort-fornitore-hospibath-239x300.jpg 239w, https:\/\/hospibath.it\/wp-content\/uploads\/2025\/05\/soffione-doccia-con-luce-per-hotel-residence-resort-fornitore-hospibath-815x1024.jpg 815w, https:\/\/hospibath.it\/wp-content\/uploads\/2025\/05\/soffione-doccia-con-luce-per-hotel-residence-resort-fornitore-hospibath-768x966.jpg 768w, https:\/\/hospibath.it\/wp-content\/uploads\/2025\/05\/soffione-doccia-con-luce-per-hotel-residence-resort-fornitore-hospibath-1222x1536.jpg 1222w, https:\/\/hospibath.it\/wp-content\/uploads\/2025\/05\/soffione-doccia-con-luce-per-hotel-residence-resort-fornitore-hospibath-1629x2048.jpg 1629w, https:\/\/hospibath.it\/wp-content\/uploads\/2025\/05\/soffione-doccia-con-luce-per-hotel-residence-resort-fornitore-hospibath-700x880.jpg 700w\" sizes=\"auto, (max-width: 1703px) 100vw, 1703px\" \/><\/a><\/figure>\n\n\n\n<figure class=\"wp-block-image size-full\"><a href=\"https:\/\/hospibath.it\/wp-content\/uploads\/2025\/05\/soffione-doccia-incasso-ambiente-hotel-fornitore-hospibath.jpg\"><img loading=\"lazy\" decoding=\"async\" width=\"1600\" height=\"1131\" data-id=\"16396\" src=\"https:\/\/hospibath.it\/wp-content\/uploads\/2025\/05\/soffione-doccia-incasso-ambiente-hotel-fornitore-hospibath.jpg\" alt=\"\" class=\"wp-image-16396\" srcset=\"https:\/\/hospibath.it\/wp-content\/uploads\/2025\/05\/soffione-doccia-incasso-ambiente-hotel-fornitore-hospibath.jpg 1600w, https:\/\/hospibath.it\/wp-content\/uploads\/2025\/05\/soffione-doccia-incasso-ambiente-hotel-fornitore-hospibath-300x212.jpg 300w, https:\/\/hospibath.it\/wp-content\/uploads\/2025\/05\/soffione-doccia-incasso-ambiente-hotel-fornitore-hospibath-1024x724.jpg 1024w, https:\/\/hospibath.it\/wp-content\/uploads\/2025\/05\/soffione-doccia-incasso-ambiente-hotel-fornitore-hospibath-768x543.jpg 768w, https:\/\/hospibath.it\/wp-content\/uploads\/2025\/05\/soffione-doccia-incasso-ambiente-hotel-fornitore-hospibath-1536x1086.jpg 1536w, https:\/\/hospibath.it\/wp-content\/uploads\/2025\/05\/soffione-doccia-incasso-ambiente-hotel-fornitore-hospibath-700x495.jpg 700w\" sizes=\"auto, (max-width: 1600px) 100vw, 1600px\" \/><\/a><\/figure>\n\n\n\n<figure class=\"wp-block-image size-full\"><a href=\"https:\/\/hospibath.it\/wp-content\/uploads\/2025\/05\/soffione-doccia-con-braccio-a-parete-per-hotel-resort-residence-fornitore-hospibath.jpg\"><img loading=\"lazy\" decoding=\"async\" width=\"1200\" height=\"1651\" data-id=\"16405\" src=\"https:\/\/hospibath.it\/wp-content\/uploads\/2025\/05\/soffione-doccia-con-braccio-a-parete-per-hotel-resort-residence-fornitore-hospibath.jpg\" alt=\"\" class=\"wp-image-16405\" srcset=\"https:\/\/hospibath.it\/wp-content\/uploads\/2025\/05\/soffione-doccia-con-braccio-a-parete-per-hotel-resort-residence-fornitore-hospibath.jpg 1200w, https:\/\/hospibath.it\/wp-content\/uploads\/2025\/05\/soffione-doccia-con-braccio-a-parete-per-hotel-resort-residence-fornitore-hospibath-218x300.jpg 218w, https:\/\/hospibath.it\/wp-content\/uploads\/2025\/05\/soffione-doccia-con-braccio-a-parete-per-hotel-resort-residence-fornitore-hospibath-744x1024.jpg 744w, https:\/\/hospibath.it\/wp-content\/uploads\/2025\/05\/soffione-doccia-con-braccio-a-parete-per-hotel-resort-residence-fornitore-hospibath-768x1057.jpg 768w, https:\/\/hospibath.it\/wp-content\/uploads\/2025\/05\/soffione-doccia-con-braccio-a-parete-per-hotel-resort-residence-fornitore-hospibath-1116x1536.jpg 1116w, https:\/\/hospibath.it\/wp-content\/uploads\/2025\/05\/soffione-doccia-con-braccio-a-parete-per-hotel-resort-residence-fornitore-hospibath-700x963.jpg 700w\" sizes=\"auto, (max-width: 1200px) 100vw, 1200px\" \/><\/a><\/figure>\n<\/figure>\n<\/div><\/div>\n\n<div style=\"height:50px\" aria-hidden=\"true\" class=\"wp-block-spacer\"><\/div>\n","protected":false},"excerpt":{"rendered":"<p>Capetele noastre de du\u0219 sunt concepute pentru a asigura o experien\u021b\u0103 optim\u0103 de confort \u0219i func\u021bionalitate \u00een structurile hoteliere. Structura lor robust\u0103 \u0219i durabil\u0103 asigur\u0103 o durat\u0103 lung\u0103 chiar \u0219i \u00een medii cu trafic intens. Capetele noastre de du\u0219 ajut\u0103 la economisirea apei, contribuind la&#8230;<\/p>\n","protected":false},"author":3,"featured_media":16389,"parent":0,"menu_order":0,"comment_status":"closed","ping_status":"closed","template":"","meta":{"footnotes":""},"class_list":["post-16740","page","type-page","status-publish","has-post-thumbnail","hentry"],"yoast_head":"<!-- This site is optimized with the Yoast SEO plugin v26.8 - https:\/\/yoast.com\/product\/yoast-seo-wordpress\/ -->\n<title>CAPETE DE DU\u0218 - HospiBath<\/title>\n<meta name=\"robots\" content=\"index, follow, max-snippet:-1, max-image-preview:large, max-video-preview:-1\" \/>\n<link rel=\"canonical\" href=\"https:\/\/hospibath.it\/ro\/capete-de-dus\/\" \/>\n<meta property=\"og:locale\" content=\"ro_RO\" \/>\n<meta property=\"og:type\" content=\"article\" \/>\n<meta property=\"og:title\" content=\"CAPETE DE DU\u0218 - HospiBath\" \/>\n<meta property=\"og:description\" content=\"Capetele noastre de du\u0219 sunt concepute pentru a asigura o experien\u021b\u0103 optim\u0103 de confort \u0219i func\u021bionalitate \u00een structurile hoteliere. Structura lor robust\u0103 \u0219i durabil\u0103 asigur\u0103 o durat\u0103 lung\u0103 chiar \u0219i \u00een medii cu trafic intens. Capetele noastre de du\u0219 ajut\u0103 la economisirea apei, contribuind la...\" \/>\n<meta property=\"og:url\" content=\"https:\/\/hospibath.it\/ro\/capete-de-dus\/\" \/>\n<meta property=\"og:site_name\" content=\"HospiBath\" \/>\n<meta property=\"article:publisher\" content=\"https:\/\/www.facebook.com\/kango.mall.italy\/\" \/>\n<meta property=\"article:modified_time\" content=\"2025-05-28T22:37:11+00:00\" \/>\n<meta property=\"og:image\" content=\"https:\/\/hospibath.it\/wp-content\/uploads\/2025\/05\/set-completo-soffione-doccia-con-braccio-modello-quadrato-fornitore-hospibath.jpg\" \/>\n\t<meta property=\"og:image:width\" content=\"1024\" \/>\n\t<meta property=\"og:image:height\" content=\"724\" \/>\n\t<meta property=\"og:image:type\" content=\"image\/jpeg\" \/>\n<meta name=\"twitter:card\" content=\"summary_large_image\" \/>\n<meta name=\"twitter:label1\" content=\"Timp estimat pentru citire\" \/>\n\t<meta name=\"twitter:data1\" content=\"2 minute\" \/>\n<script type=\"application\/ld+json\" class=\"yoast-schema-graph\">{\"@context\":\"https:\/\/schema.org\",\"@graph\":[{\"@type\":\"WebPage\",\"@id\":\"https:\/\/hospibath.it\/ro\/capete-de-dus\/\",\"url\":\"https:\/\/hospibath.it\/ro\/capete-de-dus\/\",\"name\":\"CAPETE DE DU\u0218 - HospiBath\",\"isPartOf\":{\"@id\":\"https:\/\/hospibath.it\/ro\/#website\"},\"primaryImageOfPage\":{\"@id\":\"https:\/\/hospibath.it\/ro\/capete-de-dus\/#primaryimage\"},\"image\":{\"@id\":\"https:\/\/hospibath.it\/ro\/capete-de-dus\/#primaryimage\"},\"thumbnailUrl\":\"https:\/\/hospibath.it\/wp-content\/uploads\/2025\/05\/set-completo-soffione-doccia-con-braccio-modello-quadrato-fornitore-hospibath.jpg\",\"datePublished\":\"2025-05-24T12:42:37+00:00\",\"dateModified\":\"2025-05-28T22:37:11+00:00\",\"breadcrumb\":{\"@id\":\"https:\/\/hospibath.it\/ro\/capete-de-dus\/#breadcrumb\"},\"inLanguage\":\"ro-RO\",\"potentialAction\":[{\"@type\":\"ReadAction\",\"target\":[\"https:\/\/hospibath.it\/ro\/capete-de-dus\/\"]}]},{\"@type\":\"ImageObject\",\"inLanguage\":\"ro-RO\",\"@id\":\"https:\/\/hospibath.it\/ro\/capete-de-dus\/#primaryimage\",\"url\":\"https:\/\/hospibath.it\/wp-content\/uploads\/2025\/05\/set-completo-soffione-doccia-con-braccio-modello-quadrato-fornitore-hospibath.jpg\",\"contentUrl\":\"https:\/\/hospibath.it\/wp-content\/uploads\/2025\/05\/set-completo-soffione-doccia-con-braccio-modello-quadrato-fornitore-hospibath.jpg\",\"width\":1024,\"height\":724},{\"@type\":\"BreadcrumbList\",\"@id\":\"https:\/\/hospibath.it\/ro\/capete-de-dus\/#breadcrumb\",\"itemListElement\":[{\"@type\":\"ListItem\",\"position\":1,\"name\":\"Home\",\"item\":\"https:\/\/hospibath.it\/ro\/\"},{\"@type\":\"ListItem\",\"position\":2,\"name\":\"CAPETE DE DU\u0218\"}]},{\"@type\":\"WebSite\",\"@id\":\"https:\/\/hospibath.it\/ro\/#website\",\"url\":\"https:\/\/hospibath.it\/ro\/\",\"name\":\"HospiBath\",\"description\":\"Hotel&amp;Bathroom\",\"publisher\":{\"@id\":\"https:\/\/hospibath.it\/ro\/#organization\"},\"potentialAction\":[{\"@type\":\"SearchAction\",\"target\":{\"@type\":\"EntryPoint\",\"urlTemplate\":\"https:\/\/hospibath.it\/ro\/?s={search_term_string}\"},\"query-input\":{\"@type\":\"PropertyValueSpecification\",\"valueRequired\":true,\"valueName\":\"search_term_string\"}}],\"inLanguage\":\"ro-RO\"},{\"@type\":\"Organization\",\"@id\":\"https:\/\/hospibath.it\/ro\/#organization\",\"name\":\"HospiBath\",\"url\":\"https:\/\/hospibath.it\/ro\/\",\"logo\":{\"@type\":\"ImageObject\",\"inLanguage\":\"ro-RO\",\"@id\":\"https:\/\/hospibath.it\/ro\/#\/schema\/logo\/image\/\",\"url\":\"https:\/\/hospibath.it\/wp-content\/uploads\/2024\/05\/logo_hospibat_small.jpg\",\"contentUrl\":\"https:\/\/hospibath.it\/wp-content\/uploads\/2024\/05\/logo_hospibat_small.jpg\",\"width\":283,\"height\":86,\"caption\":\"HospiBath\"},\"image\":{\"@id\":\"https:\/\/hospibath.it\/ro\/#\/schema\/logo\/image\/\"},\"sameAs\":[\"https:\/\/www.facebook.com\/kango.mall.italy\/\",\"https:\/\/www.instagram.com\/hospibath\/\",\"https:\/\/it.pinterest.com\/HospiBath\/\"]}]}<\/script>\n<!-- \/ Yoast SEO plugin. -->","yoast_head_json":{"title":"CAPETE DE DU\u0218 - HospiBath","robots":{"index":"index","follow":"follow","max-snippet":"max-snippet:-1","max-image-preview":"max-image-preview:large","max-video-preview":"max-video-preview:-1"},"canonical":"https:\/\/hospibath.it\/ro\/capete-de-dus\/","og_locale":"ro_RO","og_type":"article","og_title":"CAPETE DE DU\u0218 - HospiBath","og_description":"Capetele noastre de du\u0219 sunt concepute pentru a asigura o experien\u021b\u0103 optim\u0103 de confort \u0219i func\u021bionalitate \u00een structurile hoteliere. Structura lor robust\u0103 \u0219i durabil\u0103 asigur\u0103 o durat\u0103 lung\u0103 chiar \u0219i \u00een medii cu trafic intens. Capetele noastre de du\u0219 ajut\u0103 la economisirea apei, contribuind la...","og_url":"https:\/\/hospibath.it\/ro\/capete-de-dus\/","og_site_name":"HospiBath","article_publisher":"https:\/\/www.facebook.com\/kango.mall.italy\/","article_modified_time":"2025-05-28T22:37:11+00:00","og_image":[{"width":1024,"height":724,"url":"https:\/\/hospibath.it\/wp-content\/uploads\/2025\/05\/set-completo-soffione-doccia-con-braccio-modello-quadrato-fornitore-hospibath.jpg","type":"image\/jpeg"}],"twitter_card":"summary_large_image","twitter_misc":{"Timp estimat pentru citire":"2 minute"},"schema":{"@context":"https:\/\/schema.org","@graph":[{"@type":"WebPage","@id":"https:\/\/hospibath.it\/ro\/capete-de-dus\/","url":"https:\/\/hospibath.it\/ro\/capete-de-dus\/","name":"CAPETE DE DU\u0218 - HospiBath","isPartOf":{"@id":"https:\/\/hospibath.it\/ro\/#website"},"primaryImageOfPage":{"@id":"https:\/\/hospibath.it\/ro\/capete-de-dus\/#primaryimage"},"image":{"@id":"https:\/\/hospibath.it\/ro\/capete-de-dus\/#primaryimage"},"thumbnailUrl":"https:\/\/hospibath.it\/wp-content\/uploads\/2025\/05\/set-completo-soffione-doccia-con-braccio-modello-quadrato-fornitore-hospibath.jpg","datePublished":"2025-05-24T12:42:37+00:00","dateModified":"2025-05-28T22:37:11+00:00","breadcrumb":{"@id":"https:\/\/hospibath.it\/ro\/capete-de-dus\/#breadcrumb"},"inLanguage":"ro-RO","potentialAction":[{"@type":"ReadAction","target":["https:\/\/hospibath.it\/ro\/capete-de-dus\/"]}]},{"@type":"ImageObject","inLanguage":"ro-RO","@id":"https:\/\/hospibath.it\/ro\/capete-de-dus\/#primaryimage","url":"https:\/\/hospibath.it\/wp-content\/uploads\/2025\/05\/set-completo-soffione-doccia-con-braccio-modello-quadrato-fornitore-hospibath.jpg","contentUrl":"https:\/\/hospibath.it\/wp-content\/uploads\/2025\/05\/set-completo-soffione-doccia-con-braccio-modello-quadrato-fornitore-hospibath.jpg","width":1024,"height":724},{"@type":"BreadcrumbList","@id":"https:\/\/hospibath.it\/ro\/capete-de-dus\/#breadcrumb","itemListElement":[{"@type":"ListItem","position":1,"name":"Home","item":"https:\/\/hospibath.it\/ro\/"},{"@type":"ListItem","position":2,"name":"CAPETE DE DU\u0218"}]},{"@type":"WebSite","@id":"https:\/\/hospibath.it\/ro\/#website","url":"https:\/\/hospibath.it\/ro\/","name":"HospiBath","description":"Hotel&amp;Bathroom","publisher":{"@id":"https:\/\/hospibath.it\/ro\/#organization"},"potentialAction":[{"@type":"SearchAction","target":{"@type":"EntryPoint","urlTemplate":"https:\/\/hospibath.it\/ro\/?s={search_term_string}"},"query-input":{"@type":"PropertyValueSpecification","valueRequired":true,"valueName":"search_term_string"}}],"inLanguage":"ro-RO"},{"@type":"Organization","@id":"https:\/\/hospibath.it\/ro\/#organization","name":"HospiBath","url":"https:\/\/hospibath.it\/ro\/","logo":{"@type":"ImageObject","inLanguage":"ro-RO","@id":"https:\/\/hospibath.it\/ro\/#\/schema\/logo\/image\/","url":"https:\/\/hospibath.it\/wp-content\/uploads\/2024\/05\/logo_hospibat_small.jpg","contentUrl":"https:\/\/hospibath.it\/wp-content\/uploads\/2024\/05\/logo_hospibat_small.jpg","width":283,"height":86,"caption":"HospiBath"},"image":{"@id":"https:\/\/hospibath.it\/ro\/#\/schema\/logo\/image\/"},"sameAs":["https:\/\/www.facebook.com\/kango.mall.italy\/","https:\/\/www.instagram.com\/hospibath\/","https:\/\/it.pinterest.com\/HospiBath\/"]}]}},"_links":{"self":[{"href":"https:\/\/hospibath.it\/ro\/wp-json\/wp\/v2\/pages\/16740","targetHints":{"allow":["GET"]}}],"collection":[{"href":"https:\/\/hospibath.it\/ro\/wp-json\/wp\/v2\/pages"}],"about":[{"href":"https:\/\/hospibath.it\/ro\/wp-json\/wp\/v2\/types\/page"}],"author":[{"embeddable":true,"href":"https:\/\/hospibath.it\/ro\/wp-json\/wp\/v2\/users\/3"}],"replies":[{"embeddable":true,"href":"https:\/\/hospibath.it\/ro\/wp-json\/wp\/v2\/comments?post=16740"}],"version-history":[{"count":1,"href":"https:\/\/hospibath.it\/ro\/wp-json\/wp\/v2\/pages\/16740\/revisions"}],"predecessor-version":[{"id":16741,"href":"https:\/\/hospibath.it\/ro\/wp-json\/wp\/v2\/pages\/16740\/revisions\/16741"}],"wp:featuredmedia":[{"embeddable":true,"href":"https:\/\/hospibath.it\/ro\/wp-json\/wp\/v2\/media\/16389"}],"wp:attachment":[{"href":"https:\/\/hospibath.it\/ro\/wp-json\/wp\/v2\/media?parent=16740"}],"curies":[{"name":"wp","href":"https:\/\/api.w.org\/{rel}","templated":true}]}}