{"id":16744,"date":"2025-05-24T14:18:12","date_gmt":"2025-05-24T14:18:12","guid":{"rendered":"https:\/\/hospibath.it\/bare-de-dus\/"},"modified":"2025-05-29T19:51:57","modified_gmt":"2025-05-29T19:51:57","slug":"bare-de-dus","status":"publish","type":"page","link":"https:\/\/hospibath.it\/ro\/bare-de-dus\/","title":{"rendered":"BARE DE DU\u0218"},"content":{"rendered":"\n<p><strong>Barele noastre complete de du\u0219<\/strong> sunt proiectate pentru a oferi confort \u0219i confort maxim oaspe\u021bilor atunci c\u00e2nd <strong>folosesc du\u0219ul.<\/strong><\/p>\n\n<p><br\/>Acestea sunt complete cu furtun asortat, du\u0219 de m\u00e2n\u0103, suport glisant \u0219i picioare reglabile la perete care v\u0103 permit s\u0103 le pozi\u021biona\u021bi la \u00een\u0103l\u021bimea dorit\u0103.<br\/><strong>Calitatea materialelor<\/strong> garanteaz\u0103 durabilitate \u0219i rezisten\u021b\u0103 la uzur\u0103, chiar \u0219i \u00een <strong>medii cu trafic intens<\/strong>, cum ar fi hotelurile.<\/p>\n\n<p>\u00cen plus, barele de du\u0219 sunt u\u0219or de instalat \u0219i de \u00eentre\u021binut, av\u00e2nd suprafe\u021be u\u0219or de cur\u0103\u021bat \u0219i sisteme anticalcar pentru <strong>a le p\u0103stra performan\u021ba \u00een timp.<\/strong><\/p>\n\n<p>Bara Barele de du\u0219 pe care v-o propunem este alc\u0103tuit\u0103 dintr-o tij\u0103 pe care este montat un cap de du\u0219 care poate glisa \u00een sus sau \u00een jos, pentru a v\u0103 permite s\u0103 regla\u021bi cel mai bine \u00een\u0103l\u021bimea, de exemplu pentru adulti sau pentru copii.<\/p>\n\n<p><br\/><strong>Motive pentru a alege barele de du\u0219 \u00een b\u0103ile hotelurilor:<\/strong><br\/>&#8211; <strong>Comoditate \u0219i confort<\/strong>: acestea permit oaspe\u021bilor s\u0103 ajusteze cu u\u0219urin\u021b\u0103 \u00een\u0103l\u021bimea \u0219i unghiul du\u0219ului manual, oferind astfel o experien\u021b\u0103 de relaxare personalizat\u0103 \u0219i confortabil\u0103.<br\/>&#8211; <strong>Design func\u021bional \u0219i elegant<\/strong>: se integreaz\u0103 perfect cu mobilierul de baie, oferind un aspect minimalist \u0219i profesional.<br\/>&#8211; <strong>Durabilitate \u0219i fiabilitate<\/strong>: fabricate din materiale de \u00eenalt\u0103 calitate, rezistente la coroziune \u0219i uzur\u0103, prin urmare ideale pentru medii cu trafic intens.<br\/>&#8211; <strong>U\u0219urin\u021b\u0103 \u00een instalare \u0219i \u00eentre\u021binere<\/strong>: sisteme u\u0219or de asamblat \u0219i cur\u0103\u021bat, cu tehnologii anticalcar care garanteaz\u0103 o func\u021bionare optim\u0103 \u00een timp.<br\/>&#8211; <strong>Sustenabilitate \u0219i economii:<\/strong> du\u0219urile sunt dotate cu tehnologii care promoveaz\u0103 economisirea apei \u0219i a energiei, contribuind la sustenabilitatea mediului \u0219i la reducerea costurilor de operare.<\/p>\n\n<p><br\/><strong>Iat\u0103 c\u00e2teva dintre propunerile noastre, contacta\u021bi-ne pentru orice solicitare sau informa\u021bie.<\/strong><\/p>\n\n<div style=\"height:50px\" aria-hidden=\"true\" class=\"wp-block-spacer\"><\/div>\n\n<div class=\"wp-block-group\"><div class=\"wp-block-group__inner-container is-layout-constrained wp-block-group-is-layout-constrained\">\n<figure class=\"wp-block-gallery has-nested-images columns-default wp-block-gallery-1 is-layout-flex wp-block-gallery-is-layout-flex\">\n<figure class=\"wp-block-image size-large\"><a href=\"https:\/\/hospibath.it\/wp-content\/uploads\/2025\/05\/saliscendi-doccia-antico-per-bagno-hotel-fornitore-hospibath.jpg\"><img loading=\"lazy\" decoding=\"async\" width=\"600\" height=\"812\" data-id=\"16426\" src=\"https:\/\/hospibath.it\/wp-content\/uploads\/2025\/05\/saliscendi-doccia-antico-per-bagno-hotel-fornitore-hospibath.jpg\" alt=\"\" class=\"wp-image-16426\" srcset=\"https:\/\/hospibath.it\/wp-content\/uploads\/2025\/05\/saliscendi-doccia-antico-per-bagno-hotel-fornitore-hospibath.jpg 600w, https:\/\/hospibath.it\/wp-content\/uploads\/2025\/05\/saliscendi-doccia-antico-per-bagno-hotel-fornitore-hospibath-222x300.jpg 222w\" sizes=\"auto, (max-width: 600px) 100vw, 600px\" \/><\/a><\/figure>\n\n\n\n<figure class=\"wp-block-image size-large\"><a href=\"https:\/\/hospibath.it\/wp-content\/uploads\/2025\/05\/saliscendi-doccia-elegante-per-alberghi-hotel-fornitore-hospibath.jpg\"><img loading=\"lazy\" decoding=\"async\" width=\"767\" height=\"1024\" data-id=\"16441\" src=\"https:\/\/hospibath.it\/wp-content\/uploads\/2025\/05\/saliscendi-doccia-elegante-per-alberghi-hotel-fornitore-hospibath-767x1024.jpg\" alt=\"\" class=\"wp-image-16441\" srcset=\"https:\/\/hospibath.it\/wp-content\/uploads\/2025\/05\/saliscendi-doccia-elegante-per-alberghi-hotel-fornitore-hospibath-767x1024.jpg 767w, https:\/\/hospibath.it\/wp-content\/uploads\/2025\/05\/saliscendi-doccia-elegante-per-alberghi-hotel-fornitore-hospibath-225x300.jpg 225w, https:\/\/hospibath.it\/wp-content\/uploads\/2025\/05\/saliscendi-doccia-elegante-per-alberghi-hotel-fornitore-hospibath-768x1025.jpg 768w, https:\/\/hospibath.it\/wp-content\/uploads\/2025\/05\/saliscendi-doccia-elegante-per-alberghi-hotel-fornitore-hospibath-600x800.jpg 600w, https:\/\/hospibath.it\/wp-content\/uploads\/2025\/05\/saliscendi-doccia-elegante-per-alberghi-hotel-fornitore-hospibath-700x934.jpg 700w, https:\/\/hospibath.it\/wp-content\/uploads\/2025\/05\/saliscendi-doccia-elegante-per-alberghi-hotel-fornitore-hospibath.jpg 824w\" sizes=\"auto, (max-width: 767px) 100vw, 767px\" \/><\/a><\/figure>\n\n\n\n<figure class=\"wp-block-image size-large\"><a href=\"https:\/\/hospibath.it\/wp-content\/uploads\/2025\/05\/saliscendi-con-doccia-e-flessibile-portasapone-fornitore-hospibath-hotel.jpg\"><img loading=\"lazy\" decoding=\"async\" width=\"726\" height=\"1000\" data-id=\"16432\" src=\"https:\/\/hospibath.it\/wp-content\/uploads\/2025\/05\/saliscendi-con-doccia-e-flessibile-portasapone-fornitore-hospibath-hotel.jpg\" alt=\"\" class=\"wp-image-16432\" srcset=\"https:\/\/hospibath.it\/wp-content\/uploads\/2025\/05\/saliscendi-con-doccia-e-flessibile-portasapone-fornitore-hospibath-hotel.jpg 726w, https:\/\/hospibath.it\/wp-content\/uploads\/2025\/05\/saliscendi-con-doccia-e-flessibile-portasapone-fornitore-hospibath-hotel-218x300.jpg 218w, https:\/\/hospibath.it\/wp-content\/uploads\/2025\/05\/saliscendi-con-doccia-e-flessibile-portasapone-fornitore-hospibath-hotel-700x964.jpg 700w\" sizes=\"auto, (max-width: 726px) 100vw, 726px\" \/><\/a><\/figure>\n\n\n\n<figure class=\"wp-block-image size-large\"><img loading=\"lazy\" decoding=\"async\" width=\"735\" height=\"1024\" data-id=\"16450\" src=\"https:\/\/hospibath.it\/wp-content\/uploads\/2025\/05\/saliscendi-nero-completo-bagno-doccia-hotel-residence-fornitore-hospibath-1-735x1024.jpg\" alt=\"\" class=\"wp-image-16450\" srcset=\"https:\/\/hospibath.it\/wp-content\/uploads\/2025\/05\/saliscendi-nero-completo-bagno-doccia-hotel-residence-fornitore-hospibath-1-735x1024.jpg 735w, https:\/\/hospibath.it\/wp-content\/uploads\/2025\/05\/saliscendi-nero-completo-bagno-doccia-hotel-residence-fornitore-hospibath-1-215x300.jpg 215w, https:\/\/hospibath.it\/wp-content\/uploads\/2025\/05\/saliscendi-nero-completo-bagno-doccia-hotel-residence-fornitore-hospibath-1-768x1070.jpg 768w, https:\/\/hospibath.it\/wp-content\/uploads\/2025\/05\/saliscendi-nero-completo-bagno-doccia-hotel-residence-fornitore-hospibath-1-1102x1536.jpg 1102w, https:\/\/hospibath.it\/wp-content\/uploads\/2025\/05\/saliscendi-nero-completo-bagno-doccia-hotel-residence-fornitore-hospibath-1-700x975.jpg 700w, https:\/\/hospibath.it\/wp-content\/uploads\/2025\/05\/saliscendi-nero-completo-bagno-doccia-hotel-residence-fornitore-hospibath-1.jpg 1210w\" sizes=\"auto, (max-width: 735px) 100vw, 735px\" \/><\/figure>\n\n\n\n<figure class=\"wp-block-image size-large\"><a href=\"https:\/\/hospibath.it\/wp-content\/uploads\/2025\/05\/saliscendo-doccia-quadrato-per-albergo-hotel-fornitore-hospibath.jpg\"><img loading=\"lazy\" decoding=\"async\" width=\"900\" height=\"900\" data-id=\"16444\" src=\"https:\/\/hospibath.it\/wp-content\/uploads\/2025\/05\/saliscendo-doccia-quadrato-per-albergo-hotel-fornitore-hospibath.jpg\" alt=\"\" class=\"wp-image-16444\" srcset=\"https:\/\/hospibath.it\/wp-content\/uploads\/2025\/05\/saliscendo-doccia-quadrato-per-albergo-hotel-fornitore-hospibath.jpg 900w, https:\/\/hospibath.it\/wp-content\/uploads\/2025\/05\/saliscendo-doccia-quadrato-per-albergo-hotel-fornitore-hospibath-300x300.jpg 300w, https:\/\/hospibath.it\/wp-content\/uploads\/2025\/05\/saliscendo-doccia-quadrato-per-albergo-hotel-fornitore-hospibath-150x150.jpg 150w, https:\/\/hospibath.it\/wp-content\/uploads\/2025\/05\/saliscendo-doccia-quadrato-per-albergo-hotel-fornitore-hospibath-768x768.jpg 768w, https:\/\/hospibath.it\/wp-content\/uploads\/2025\/05\/saliscendo-doccia-quadrato-per-albergo-hotel-fornitore-hospibath-570x570.jpg 570w, https:\/\/hospibath.it\/wp-content\/uploads\/2025\/05\/saliscendo-doccia-quadrato-per-albergo-hotel-fornitore-hospibath-500x500.jpg 500w, https:\/\/hospibath.it\/wp-content\/uploads\/2025\/05\/saliscendo-doccia-quadrato-per-albergo-hotel-fornitore-hospibath-700x700.jpg 700w, https:\/\/hospibath.it\/wp-content\/uploads\/2025\/05\/saliscendo-doccia-quadrato-per-albergo-hotel-fornitore-hospibath-650x650.jpg 650w\" sizes=\"auto, (max-width: 900px) 100vw, 900px\" \/><\/a><\/figure>\n\n\n\n<figure class=\"wp-block-image size-large\"><a href=\"https:\/\/hospibath.it\/wp-content\/uploads\/2025\/05\/saliscendi-completo-doccia-flessibile-portasapone-per-bagno-hotel-fornitore-hospibath.jpg\"><img loading=\"lazy\" decoding=\"async\" width=\"636\" height=\"855\" data-id=\"16423\" src=\"https:\/\/hospibath.it\/wp-content\/uploads\/2025\/05\/saliscendi-completo-doccia-flessibile-portasapone-per-bagno-hotel-fornitore-hospibath.jpg\" alt=\"\" class=\"wp-image-16423\" srcset=\"https:\/\/hospibath.it\/wp-content\/uploads\/2025\/05\/saliscendi-completo-doccia-flessibile-portasapone-per-bagno-hotel-fornitore-hospibath.jpg 636w, https:\/\/hospibath.it\/wp-content\/uploads\/2025\/05\/saliscendi-completo-doccia-flessibile-portasapone-per-bagno-hotel-fornitore-hospibath-223x300.jpg 223w\" sizes=\"auto, (max-width: 636px) 100vw, 636px\" \/><\/a><\/figure>\n\n\n\n<figure class=\"wp-block-image size-large\"><a href=\"https:\/\/hospibath.it\/wp-content\/uploads\/2025\/05\/saliscendi-doccia-completo-bagno-hotel-residence-fornitore-hospibath.jpg\"><img loading=\"lazy\" decoding=\"async\" width=\"1024\" height=\"723\" data-id=\"16435\" src=\"https:\/\/hospibath.it\/wp-content\/uploads\/2025\/05\/saliscendi-doccia-completo-bagno-hotel-residence-fornitore-hospibath.jpg\" alt=\"\" class=\"wp-image-16435\" srcset=\"https:\/\/hospibath.it\/wp-content\/uploads\/2025\/05\/saliscendi-doccia-completo-bagno-hotel-residence-fornitore-hospibath.jpg 1024w, https:\/\/hospibath.it\/wp-content\/uploads\/2025\/05\/saliscendi-doccia-completo-bagno-hotel-residence-fornitore-hospibath-300x212.jpg 300w, https:\/\/hospibath.it\/wp-content\/uploads\/2025\/05\/saliscendi-doccia-completo-bagno-hotel-residence-fornitore-hospibath-768x542.jpg 768w, https:\/\/hospibath.it\/wp-content\/uploads\/2025\/05\/saliscendi-doccia-completo-bagno-hotel-residence-fornitore-hospibath-700x494.jpg 700w\" sizes=\"auto, (max-width: 1024px) 100vw, 1024px\" \/><\/a><\/figure>\n\n\n\n<figure class=\"wp-block-image size-large\"><a href=\"https:\/\/hospibath.it\/wp-content\/uploads\/2025\/05\/saliscendi-doccia-completo-per-box-doccia-hotel-residence-fornitore-hospibath.jpg\"><img loading=\"lazy\" decoding=\"async\" width=\"978\" height=\"764\" data-id=\"16438\" src=\"https:\/\/hospibath.it\/wp-content\/uploads\/2025\/05\/saliscendi-doccia-completo-per-box-doccia-hotel-residence-fornitore-hospibath.jpg\" alt=\"\" class=\"wp-image-16438\" srcset=\"https:\/\/hospibath.it\/wp-content\/uploads\/2025\/05\/saliscendi-doccia-completo-per-box-doccia-hotel-residence-fornitore-hospibath.jpg 978w, https:\/\/hospibath.it\/wp-content\/uploads\/2025\/05\/saliscendi-doccia-completo-per-box-doccia-hotel-residence-fornitore-hospibath-300x234.jpg 300w, https:\/\/hospibath.it\/wp-content\/uploads\/2025\/05\/saliscendi-doccia-completo-per-box-doccia-hotel-residence-fornitore-hospibath-768x600.jpg 768w, https:\/\/hospibath.it\/wp-content\/uploads\/2025\/05\/saliscendi-doccia-completo-per-box-doccia-hotel-residence-fornitore-hospibath-700x547.jpg 700w\" sizes=\"auto, (max-width: 978px) 100vw, 978px\" \/><\/a><\/figure>\n\n\n\n<figure class=\"wp-block-image size-large\"><a href=\"https:\/\/hospibath.it\/wp-content\/uploads\/2025\/05\/saliscendi-con-doccia-a-mano-e-flessibile-box-doccia-hotel-fornitore-hospibath.jpg\"><img loading=\"lazy\" decoding=\"async\" width=\"1024\" height=\"680\" data-id=\"16429\" src=\"https:\/\/hospibath.it\/wp-content\/uploads\/2025\/05\/saliscendi-con-doccia-a-mano-e-flessibile-box-doccia-hotel-fornitore-hospibath-1024x680.jpg\" alt=\"\" class=\"wp-image-16429\" srcset=\"https:\/\/hospibath.it\/wp-content\/uploads\/2025\/05\/saliscendi-con-doccia-a-mano-e-flessibile-box-doccia-hotel-fornitore-hospibath-1024x680.jpg 1024w, https:\/\/hospibath.it\/wp-content\/uploads\/2025\/05\/saliscendi-con-doccia-a-mano-e-flessibile-box-doccia-hotel-fornitore-hospibath-300x199.jpg 300w, https:\/\/hospibath.it\/wp-content\/uploads\/2025\/05\/saliscendi-con-doccia-a-mano-e-flessibile-box-doccia-hotel-fornitore-hospibath-768x510.jpg 768w, https:\/\/hospibath.it\/wp-content\/uploads\/2025\/05\/saliscendi-con-doccia-a-mano-e-flessibile-box-doccia-hotel-fornitore-hospibath-700x465.jpg 700w, https:\/\/hospibath.it\/wp-content\/uploads\/2025\/05\/saliscendi-con-doccia-a-mano-e-flessibile-box-doccia-hotel-fornitore-hospibath.jpg 1100w\" sizes=\"auto, (max-width: 1024px) 100vw, 1024px\" \/><\/a><\/figure>\n<\/figure>\n<\/div><\/div>\n\n<div style=\"height:50px\" aria-hidden=\"true\" class=\"wp-block-spacer\"><\/div>\n","protected":false},"excerpt":{"rendered":"<p>Barele noastre complete de du\u0219 sunt proiectate pentru a oferi confort \u0219i confort maxim oaspe\u021bilor atunci c\u00e2nd folosesc du\u0219ul. Acestea sunt complete cu furtun asortat, du\u0219 de m\u00e2n\u0103, suport glisant \u0219i picioare reglabile la perete care v\u0103 permit s\u0103 le pozi\u021biona\u021bi la \u00een\u0103l\u021bimea dorit\u0103.Calitatea materialelor&#8230;<\/p>\n","protected":false},"author":3,"featured_media":16389,"parent":0,"menu_order":0,"comment_status":"closed","ping_status":"closed","template":"","meta":{"footnotes":""},"class_list":["post-16744","page","type-page","status-publish","has-post-thumbnail","hentry"],"yoast_head":"<!-- This site is optimized with the Yoast SEO plugin v26.8 - https:\/\/yoast.com\/product\/yoast-seo-wordpress\/ -->\n<title>BARE DE DU\u0218 - HospiBath<\/title>\n<meta name=\"robots\" content=\"index, follow, max-snippet:-1, max-image-preview:large, max-video-preview:-1\" \/>\n<link rel=\"canonical\" href=\"https:\/\/hospibath.it\/ro\/bare-de-dus\/\" \/>\n<meta property=\"og:locale\" content=\"ro_RO\" \/>\n<meta property=\"og:type\" content=\"article\" \/>\n<meta property=\"og:title\" content=\"BARE DE DU\u0218 - HospiBath\" \/>\n<meta property=\"og:description\" content=\"Barele noastre complete de du\u0219 sunt proiectate pentru a oferi confort \u0219i confort maxim oaspe\u021bilor atunci c\u00e2nd folosesc du\u0219ul. Acestea sunt complete cu furtun asortat, du\u0219 de m\u00e2n\u0103, suport glisant \u0219i picioare reglabile la perete care v\u0103 permit s\u0103 le pozi\u021biona\u021bi la \u00een\u0103l\u021bimea dorit\u0103.Calitatea materialelor...\" \/>\n<meta property=\"og:url\" content=\"https:\/\/hospibath.it\/ro\/bare-de-dus\/\" \/>\n<meta property=\"og:site_name\" content=\"HospiBath\" \/>\n<meta property=\"article:publisher\" content=\"https:\/\/www.facebook.com\/kango.mall.italy\/\" \/>\n<meta property=\"article:modified_time\" content=\"2025-05-29T19:51:57+00:00\" \/>\n<meta property=\"og:image\" content=\"https:\/\/hospibath.it\/wp-content\/uploads\/2025\/05\/set-completo-soffione-doccia-con-braccio-modello-quadrato-fornitore-hospibath.jpg\" \/>\n\t<meta property=\"og:image:width\" content=\"1024\" \/>\n\t<meta property=\"og:image:height\" content=\"724\" \/>\n\t<meta property=\"og:image:type\" content=\"image\/jpeg\" \/>\n<meta name=\"twitter:card\" content=\"summary_large_image\" \/>\n<meta name=\"twitter:label1\" content=\"Timp estimat pentru citire\" \/>\n\t<meta name=\"twitter:data1\" content=\"2 minute\" \/>\n<script type=\"application\/ld+json\" class=\"yoast-schema-graph\">{\"@context\":\"https:\/\/schema.org\",\"@graph\":[{\"@type\":\"WebPage\",\"@id\":\"https:\/\/hospibath.it\/ro\/bare-de-dus\/\",\"url\":\"https:\/\/hospibath.it\/ro\/bare-de-dus\/\",\"name\":\"BARE DE DU\u0218 - HospiBath\",\"isPartOf\":{\"@id\":\"https:\/\/hospibath.it\/ro\/#website\"},\"primaryImageOfPage\":{\"@id\":\"https:\/\/hospibath.it\/ro\/bare-de-dus\/#primaryimage\"},\"image\":{\"@id\":\"https:\/\/hospibath.it\/ro\/bare-de-dus\/#primaryimage\"},\"thumbnailUrl\":\"https:\/\/hospibath.it\/wp-content\/uploads\/2025\/05\/set-completo-soffione-doccia-con-braccio-modello-quadrato-fornitore-hospibath.jpg\",\"datePublished\":\"2025-05-24T14:18:12+00:00\",\"dateModified\":\"2025-05-29T19:51:57+00:00\",\"breadcrumb\":{\"@id\":\"https:\/\/hospibath.it\/ro\/bare-de-dus\/#breadcrumb\"},\"inLanguage\":\"ro-RO\",\"potentialAction\":[{\"@type\":\"ReadAction\",\"target\":[\"https:\/\/hospibath.it\/ro\/bare-de-dus\/\"]}]},{\"@type\":\"ImageObject\",\"inLanguage\":\"ro-RO\",\"@id\":\"https:\/\/hospibath.it\/ro\/bare-de-dus\/#primaryimage\",\"url\":\"https:\/\/hospibath.it\/wp-content\/uploads\/2025\/05\/set-completo-soffione-doccia-con-braccio-modello-quadrato-fornitore-hospibath.jpg\",\"contentUrl\":\"https:\/\/hospibath.it\/wp-content\/uploads\/2025\/05\/set-completo-soffione-doccia-con-braccio-modello-quadrato-fornitore-hospibath.jpg\",\"width\":1024,\"height\":724},{\"@type\":\"BreadcrumbList\",\"@id\":\"https:\/\/hospibath.it\/ro\/bare-de-dus\/#breadcrumb\",\"itemListElement\":[{\"@type\":\"ListItem\",\"position\":1,\"name\":\"Home\",\"item\":\"https:\/\/hospibath.it\/ro\/\"},{\"@type\":\"ListItem\",\"position\":2,\"name\":\"BARE DE DU\u0218\"}]},{\"@type\":\"WebSite\",\"@id\":\"https:\/\/hospibath.it\/ro\/#website\",\"url\":\"https:\/\/hospibath.it\/ro\/\",\"name\":\"HospiBath\",\"description\":\"Hotel&amp;Bathroom\",\"publisher\":{\"@id\":\"https:\/\/hospibath.it\/ro\/#organization\"},\"potentialAction\":[{\"@type\":\"SearchAction\",\"target\":{\"@type\":\"EntryPoint\",\"urlTemplate\":\"https:\/\/hospibath.it\/ro\/?s={search_term_string}\"},\"query-input\":{\"@type\":\"PropertyValueSpecification\",\"valueRequired\":true,\"valueName\":\"search_term_string\"}}],\"inLanguage\":\"ro-RO\"},{\"@type\":\"Organization\",\"@id\":\"https:\/\/hospibath.it\/ro\/#organization\",\"name\":\"HospiBath\",\"url\":\"https:\/\/hospibath.it\/ro\/\",\"logo\":{\"@type\":\"ImageObject\",\"inLanguage\":\"ro-RO\",\"@id\":\"https:\/\/hospibath.it\/ro\/#\/schema\/logo\/image\/\",\"url\":\"https:\/\/hospibath.it\/wp-content\/uploads\/2024\/05\/logo_hospibat_small.jpg\",\"contentUrl\":\"https:\/\/hospibath.it\/wp-content\/uploads\/2024\/05\/logo_hospibat_small.jpg\",\"width\":283,\"height\":86,\"caption\":\"HospiBath\"},\"image\":{\"@id\":\"https:\/\/hospibath.it\/ro\/#\/schema\/logo\/image\/\"},\"sameAs\":[\"https:\/\/www.facebook.com\/kango.mall.italy\/\",\"https:\/\/www.instagram.com\/hospibath\/\",\"https:\/\/it.pinterest.com\/HospiBath\/\"]}]}<\/script>\n<!-- \/ Yoast SEO plugin. -->","yoast_head_json":{"title":"BARE DE DU\u0218 - HospiBath","robots":{"index":"index","follow":"follow","max-snippet":"max-snippet:-1","max-image-preview":"max-image-preview:large","max-video-preview":"max-video-preview:-1"},"canonical":"https:\/\/hospibath.it\/ro\/bare-de-dus\/","og_locale":"ro_RO","og_type":"article","og_title":"BARE DE DU\u0218 - HospiBath","og_description":"Barele noastre complete de du\u0219 sunt proiectate pentru a oferi confort \u0219i confort maxim oaspe\u021bilor atunci c\u00e2nd folosesc du\u0219ul. Acestea sunt complete cu furtun asortat, du\u0219 de m\u00e2n\u0103, suport glisant \u0219i picioare reglabile la perete care v\u0103 permit s\u0103 le pozi\u021biona\u021bi la \u00een\u0103l\u021bimea dorit\u0103.Calitatea materialelor...","og_url":"https:\/\/hospibath.it\/ro\/bare-de-dus\/","og_site_name":"HospiBath","article_publisher":"https:\/\/www.facebook.com\/kango.mall.italy\/","article_modified_time":"2025-05-29T19:51:57+00:00","og_image":[{"width":1024,"height":724,"url":"https:\/\/hospibath.it\/wp-content\/uploads\/2025\/05\/set-completo-soffione-doccia-con-braccio-modello-quadrato-fornitore-hospibath.jpg","type":"image\/jpeg"}],"twitter_card":"summary_large_image","twitter_misc":{"Timp estimat pentru citire":"2 minute"},"schema":{"@context":"https:\/\/schema.org","@graph":[{"@type":"WebPage","@id":"https:\/\/hospibath.it\/ro\/bare-de-dus\/","url":"https:\/\/hospibath.it\/ro\/bare-de-dus\/","name":"BARE DE DU\u0218 - HospiBath","isPartOf":{"@id":"https:\/\/hospibath.it\/ro\/#website"},"primaryImageOfPage":{"@id":"https:\/\/hospibath.it\/ro\/bare-de-dus\/#primaryimage"},"image":{"@id":"https:\/\/hospibath.it\/ro\/bare-de-dus\/#primaryimage"},"thumbnailUrl":"https:\/\/hospibath.it\/wp-content\/uploads\/2025\/05\/set-completo-soffione-doccia-con-braccio-modello-quadrato-fornitore-hospibath.jpg","datePublished":"2025-05-24T14:18:12+00:00","dateModified":"2025-05-29T19:51:57+00:00","breadcrumb":{"@id":"https:\/\/hospibath.it\/ro\/bare-de-dus\/#breadcrumb"},"inLanguage":"ro-RO","potentialAction":[{"@type":"ReadAction","target":["https:\/\/hospibath.it\/ro\/bare-de-dus\/"]}]},{"@type":"ImageObject","inLanguage":"ro-RO","@id":"https:\/\/hospibath.it\/ro\/bare-de-dus\/#primaryimage","url":"https:\/\/hospibath.it\/wp-content\/uploads\/2025\/05\/set-completo-soffione-doccia-con-braccio-modello-quadrato-fornitore-hospibath.jpg","contentUrl":"https:\/\/hospibath.it\/wp-content\/uploads\/2025\/05\/set-completo-soffione-doccia-con-braccio-modello-quadrato-fornitore-hospibath.jpg","width":1024,"height":724},{"@type":"BreadcrumbList","@id":"https:\/\/hospibath.it\/ro\/bare-de-dus\/#breadcrumb","itemListElement":[{"@type":"ListItem","position":1,"name":"Home","item":"https:\/\/hospibath.it\/ro\/"},{"@type":"ListItem","position":2,"name":"BARE DE DU\u0218"}]},{"@type":"WebSite","@id":"https:\/\/hospibath.it\/ro\/#website","url":"https:\/\/hospibath.it\/ro\/","name":"HospiBath","description":"Hotel&amp;Bathroom","publisher":{"@id":"https:\/\/hospibath.it\/ro\/#organization"},"potentialAction":[{"@type":"SearchAction","target":{"@type":"EntryPoint","urlTemplate":"https:\/\/hospibath.it\/ro\/?s={search_term_string}"},"query-input":{"@type":"PropertyValueSpecification","valueRequired":true,"valueName":"search_term_string"}}],"inLanguage":"ro-RO"},{"@type":"Organization","@id":"https:\/\/hospibath.it\/ro\/#organization","name":"HospiBath","url":"https:\/\/hospibath.it\/ro\/","logo":{"@type":"ImageObject","inLanguage":"ro-RO","@id":"https:\/\/hospibath.it\/ro\/#\/schema\/logo\/image\/","url":"https:\/\/hospibath.it\/wp-content\/uploads\/2024\/05\/logo_hospibat_small.jpg","contentUrl":"https:\/\/hospibath.it\/wp-content\/uploads\/2024\/05\/logo_hospibat_small.jpg","width":283,"height":86,"caption":"HospiBath"},"image":{"@id":"https:\/\/hospibath.it\/ro\/#\/schema\/logo\/image\/"},"sameAs":["https:\/\/www.facebook.com\/kango.mall.italy\/","https:\/\/www.instagram.com\/hospibath\/","https:\/\/it.pinterest.com\/HospiBath\/"]}]}},"_links":{"self":[{"href":"https:\/\/hospibath.it\/ro\/wp-json\/wp\/v2\/pages\/16744","targetHints":{"allow":["GET"]}}],"collection":[{"href":"https:\/\/hospibath.it\/ro\/wp-json\/wp\/v2\/pages"}],"about":[{"href":"https:\/\/hospibath.it\/ro\/wp-json\/wp\/v2\/types\/page"}],"author":[{"embeddable":true,"href":"https:\/\/hospibath.it\/ro\/wp-json\/wp\/v2\/users\/3"}],"replies":[{"embeddable":true,"href":"https:\/\/hospibath.it\/ro\/wp-json\/wp\/v2\/comments?post=16744"}],"version-history":[{"count":1,"href":"https:\/\/hospibath.it\/ro\/wp-json\/wp\/v2\/pages\/16744\/revisions"}],"predecessor-version":[{"id":16745,"href":"https:\/\/hospibath.it\/ro\/wp-json\/wp\/v2\/pages\/16744\/revisions\/16745"}],"wp:featuredmedia":[{"embeddable":true,"href":"https:\/\/hospibath.it\/ro\/wp-json\/wp\/v2\/media\/16389"}],"wp:attachment":[{"href":"https:\/\/hospibath.it\/ro\/wp-json\/wp\/v2\/media?parent=16744"}],"curies":[{"name":"wp","href":"https:\/\/api.w.org\/{rel}","templated":true}]}}