{"id":16746,"date":"2025-05-24T15:07:26","date_gmt":"2025-05-24T15:07:26","guid":{"rendered":"https:\/\/hospibath.it\/scaune-si-componente-pentru-baie\/"},"modified":"2025-05-29T20:06:15","modified_gmt":"2025-05-29T20:06:15","slug":"scaune-si-componente-pentru-baie","status":"publish","type":"page","link":"https:\/\/hospibath.it\/ro\/scaune-si-componente-pentru-baie\/","title":{"rendered":"SCAUNE \u0218I COMPONENTE PENTRU BAIE"},"content":{"rendered":"\n<p><strong>Scaunele \u0219i componentele pentru du\u0219<\/strong> sunt elemente esen\u021biale pentru a asigura confortul, siguran\u021ba \u0219i func\u021bionalitatea \u00een <strong>structurilor de primire turistice cu func\u021biuni de cazare<\/strong><br\/><strong>Scaunele de du\u0219 <\/strong>sunt fabricate din materiale rezistente la ap\u0103, temperaturi ridicate \u0219i uzur\u0103.<br\/>Sunt concepute pentru a fi instalate cu u\u0219urin\u021b\u0103 \u00een interiorul cabinei sau a c\u0103zii.<br\/>Sunt reglabile pe \u00een\u0103l\u021bime \u0219i sunt prev\u0103zute cu suprafe\u021be antiderapante pentru a asigura <strong>stabilitatea \u00een timpul utiliz\u0103rii.<\/strong><br\/><strong>M\u00e2nerele \u0219i suporturile de du\u0219<\/strong>, pe de alt\u0103 parte, sunt concepute pentru a oferi <strong>suport sigur oaspe\u021bilor, <\/strong>facilit\u00e2nd intrarea \u0219i ie\u0219irea din du\u0219 sau cad\u0103 \u0219i pentru a preveni orice accidente.<br\/>Prezen\u021ba lor contribuie la crearea unui <strong>mediu mai accesibil \u0219i mai confortabil,<\/strong> \u00een special pentru <strong>oaspe\u021bii cu nevoi speciale.<\/strong><\/p>\n\n<p><br\/><strong>Motive pentru a alege scaune de du\u0219 \u0219i bare de sus\u021binere pentru hoteluri<\/strong><br\/>&#8211; <strong>Siguran\u021b\u0103 \u0219i accesibilitate:<\/strong> Acestea ofer\u0103 un suport stabil \u0219i ajut\u0103 la prevenirea alunec\u0103rilor \u0219i c\u0103derilor, f\u0103c\u00e2nd baia mai sigur\u0103, \u00een special pentru oaspe\u021bii cu mobilitate redus\u0103.<br\/>&#8211; <strong>Confort personalizat<\/strong>: Scaunele reglabile \u0219i m\u00e2nerele ergonomice permit oaspe\u021bilor s\u0103 adapteze mediul \u00een func\u021bie de nevoile lor, \u00eembun\u0103t\u0103\u021bind experien\u021ba utilizatorului.<br\/>&#8211; <strong>Design func\u021bional \u0219i elegant<\/strong>: se integreaz\u0103 perfect cu mobilierul de baie, oferind un aspect modern \u0219i profesional.<br\/>&#8211; <strong>Durabilitate \u0219i fiabilitate<\/strong>: Fabricate din materiale de \u00eenalt\u0103 calitate, rezistente la umiditate, coroziune \u0219i uzur\u0103, ideale pentru medii cu trafic intens, cum ar fi hotelurile si structurile de primire turistice cu func\u021biuni de cazare.<br\/>&#8211; <strong>Instalare \u0219i \u00eentre\u021binere u\u0219oar\u0103:<\/strong> componente u\u0219or de asamblat \u0219i \u00eentre\u021binut, cu suprafe\u021be netede care asigur\u0103 o func\u021bionare optim\u0103 \u00een timp.<br\/>&#8211; <strong>Sustenabilitate \u0219i economie<\/strong>: multe modele sunt concepute s\u0103 reziste mult timp, reduc\u00e2nd nevoia de \u00eenlocuiri frecvente \u0219i contribuind la sustenabilitatea mediului.<\/p>\n\n<p><br\/><strong>Iat\u0103 c\u00e2teva dintre propunerile noastre, contacta\u021bi-ne pentru orice solicitare sau informa\u021bie.<\/strong><\/p>\n\n<div style=\"height:50px\" aria-hidden=\"true\" class=\"wp-block-spacer\"><\/div>\n\n<div class=\"wp-block-group\"><div class=\"wp-block-group__inner-container is-layout-constrained wp-block-group-is-layout-constrained\">\n<figure class=\"wp-block-gallery has-nested-images columns-default wp-block-gallery-1 is-layout-flex wp-block-gallery-is-layout-flex\">\n<figure class=\"wp-block-image size-full\"><a href=\"https:\/\/hospibath.it\/wp-content\/uploads\/2025\/05\/sedili-doccia-pieghevoli-forniture-alberghi-hospibath.jpg\"><img loading=\"lazy\" decoding=\"async\" width=\"1600\" height=\"1133\" data-id=\"16481\" src=\"https:\/\/hospibath.it\/wp-content\/uploads\/2025\/05\/sedili-doccia-pieghevoli-forniture-alberghi-hospibath.jpg\" alt=\"\" class=\"wp-image-16481\" srcset=\"https:\/\/hospibath.it\/wp-content\/uploads\/2025\/05\/sedili-doccia-pieghevoli-forniture-alberghi-hospibath.jpg 1600w, https:\/\/hospibath.it\/wp-content\/uploads\/2025\/05\/sedili-doccia-pieghevoli-forniture-alberghi-hospibath-300x212.jpg 300w, https:\/\/hospibath.it\/wp-content\/uploads\/2025\/05\/sedili-doccia-pieghevoli-forniture-alberghi-hospibath-1024x725.jpg 1024w, https:\/\/hospibath.it\/wp-content\/uploads\/2025\/05\/sedili-doccia-pieghevoli-forniture-alberghi-hospibath-768x544.jpg 768w, https:\/\/hospibath.it\/wp-content\/uploads\/2025\/05\/sedili-doccia-pieghevoli-forniture-alberghi-hospibath-1536x1088.jpg 1536w, https:\/\/hospibath.it\/wp-content\/uploads\/2025\/05\/sedili-doccia-pieghevoli-forniture-alberghi-hospibath-700x496.jpg 700w\" sizes=\"auto, (max-width: 1600px) 100vw, 1600px\" \/><\/a><\/figure>\n\n\n\n<figure class=\"wp-block-image size-full\"><a href=\"https:\/\/hospibath.it\/wp-content\/uploads\/2025\/05\/seduta-per-doccia-anziani-disabili-bagno-hotel-fornitore-hospibath.jpg\"><img loading=\"lazy\" decoding=\"async\" width=\"1000\" height=\"1026\" data-id=\"16475\" src=\"https:\/\/hospibath.it\/wp-content\/uploads\/2025\/05\/seduta-per-doccia-anziani-disabili-bagno-hotel-fornitore-hospibath.jpg\" alt=\"\" class=\"wp-image-16475\" srcset=\"https:\/\/hospibath.it\/wp-content\/uploads\/2025\/05\/seduta-per-doccia-anziani-disabili-bagno-hotel-fornitore-hospibath.jpg 1000w, https:\/\/hospibath.it\/wp-content\/uploads\/2025\/05\/seduta-per-doccia-anziani-disabili-bagno-hotel-fornitore-hospibath-292x300.jpg 292w, https:\/\/hospibath.it\/wp-content\/uploads\/2025\/05\/seduta-per-doccia-anziani-disabili-bagno-hotel-fornitore-hospibath-998x1024.jpg 998w, https:\/\/hospibath.it\/wp-content\/uploads\/2025\/05\/seduta-per-doccia-anziani-disabili-bagno-hotel-fornitore-hospibath-768x788.jpg 768w, https:\/\/hospibath.it\/wp-content\/uploads\/2025\/05\/seduta-per-doccia-anziani-disabili-bagno-hotel-fornitore-hospibath-700x718.jpg 700w\" sizes=\"auto, (max-width: 1000px) 100vw, 1000px\" \/><\/a><\/figure>\n\n\n\n<figure class=\"wp-block-image size-full\"><a href=\"https:\/\/hospibath.it\/wp-content\/uploads\/2025\/05\/sedili-sedute-doccia-resistenti-per-bagno-hotel-residence-fornitore-hospibath.jpg\"><img loading=\"lazy\" decoding=\"async\" width=\"1024\" height=\"723\" data-id=\"16463\" src=\"https:\/\/hospibath.it\/wp-content\/uploads\/2025\/05\/sedili-sedute-doccia-resistenti-per-bagno-hotel-residence-fornitore-hospibath.jpg\" alt=\"\" class=\"wp-image-16463\" srcset=\"https:\/\/hospibath.it\/wp-content\/uploads\/2025\/05\/sedili-sedute-doccia-resistenti-per-bagno-hotel-residence-fornitore-hospibath.jpg 1024w, https:\/\/hospibath.it\/wp-content\/uploads\/2025\/05\/sedili-sedute-doccia-resistenti-per-bagno-hotel-residence-fornitore-hospibath-300x212.jpg 300w, https:\/\/hospibath.it\/wp-content\/uploads\/2025\/05\/sedili-sedute-doccia-resistenti-per-bagno-hotel-residence-fornitore-hospibath-768x542.jpg 768w, https:\/\/hospibath.it\/wp-content\/uploads\/2025\/05\/sedili-sedute-doccia-resistenti-per-bagno-hotel-residence-fornitore-hospibath-700x494.jpg 700w\" sizes=\"auto, (max-width: 1024px) 100vw, 1024px\" \/><\/a><\/figure>\n\n\n\n<figure class=\"wp-block-image size-full\"><a href=\"https:\/\/hospibath.it\/wp-content\/uploads\/2025\/05\/seduta-doccia-pratica-e-resistente-componenti-hotel-fornitore-hospibath.jpg\"><img loading=\"lazy\" decoding=\"async\" width=\"959\" height=\"1280\" data-id=\"16477\" src=\"https:\/\/hospibath.it\/wp-content\/uploads\/2025\/05\/seduta-doccia-pratica-e-resistente-componenti-hotel-fornitore-hospibath.jpg\" alt=\"\" class=\"wp-image-16477\" srcset=\"https:\/\/hospibath.it\/wp-content\/uploads\/2025\/05\/seduta-doccia-pratica-e-resistente-componenti-hotel-fornitore-hospibath.jpg 959w, https:\/\/hospibath.it\/wp-content\/uploads\/2025\/05\/seduta-doccia-pratica-e-resistente-componenti-hotel-fornitore-hospibath-225x300.jpg 225w, https:\/\/hospibath.it\/wp-content\/uploads\/2025\/05\/seduta-doccia-pratica-e-resistente-componenti-hotel-fornitore-hospibath-767x1024.jpg 767w, https:\/\/hospibath.it\/wp-content\/uploads\/2025\/05\/seduta-doccia-pratica-e-resistente-componenti-hotel-fornitore-hospibath-768x1025.jpg 768w, https:\/\/hospibath.it\/wp-content\/uploads\/2025\/05\/seduta-doccia-pratica-e-resistente-componenti-hotel-fornitore-hospibath-600x800.jpg 600w, https:\/\/hospibath.it\/wp-content\/uploads\/2025\/05\/seduta-doccia-pratica-e-resistente-componenti-hotel-fornitore-hospibath-700x934.jpg 700w\" sizes=\"auto, (max-width: 959px) 100vw, 959px\" \/><\/a><\/figure>\n\n\n\n<figure class=\"wp-block-image size-full\"><a href=\"https:\/\/hospibath.it\/wp-content\/uploads\/2025\/05\/seduta-sedili-doccia-per-hotel-resort-residence-fornitore-hospibath.jpg\"><img loading=\"lazy\" decoding=\"async\" width=\"956\" height=\"879\" data-id=\"16466\" src=\"https:\/\/hospibath.it\/wp-content\/uploads\/2025\/05\/seduta-sedili-doccia-per-hotel-resort-residence-fornitore-hospibath.jpg\" alt=\"\" class=\"wp-image-16466\" srcset=\"https:\/\/hospibath.it\/wp-content\/uploads\/2025\/05\/seduta-sedili-doccia-per-hotel-resort-residence-fornitore-hospibath.jpg 956w, https:\/\/hospibath.it\/wp-content\/uploads\/2025\/05\/seduta-sedili-doccia-per-hotel-resort-residence-fornitore-hospibath-300x276.jpg 300w, https:\/\/hospibath.it\/wp-content\/uploads\/2025\/05\/seduta-sedili-doccia-per-hotel-resort-residence-fornitore-hospibath-768x706.jpg 768w, https:\/\/hospibath.it\/wp-content\/uploads\/2025\/05\/seduta-sedili-doccia-per-hotel-resort-residence-fornitore-hospibath-700x644.jpg 700w\" sizes=\"auto, (max-width: 956px) 100vw, 956px\" \/><\/a><\/figure>\n\n\n\n<figure class=\"wp-block-image size-full\"><a href=\"https:\/\/hospibath.it\/wp-content\/uploads\/2025\/05\/sedute-sedie-doccia-per-persone-anziane-forniture-alberghi-hospibath.jpg\"><img loading=\"lazy\" decoding=\"async\" width=\"658\" height=\"1000\" data-id=\"16472\" src=\"https:\/\/hospibath.it\/wp-content\/uploads\/2025\/05\/sedute-sedie-doccia-per-persone-anziane-forniture-alberghi-hospibath.jpg\" alt=\"\" class=\"wp-image-16472\" srcset=\"https:\/\/hospibath.it\/wp-content\/uploads\/2025\/05\/sedute-sedie-doccia-per-persone-anziane-forniture-alberghi-hospibath.jpg 658w, https:\/\/hospibath.it\/wp-content\/uploads\/2025\/05\/sedute-sedie-doccia-per-persone-anziane-forniture-alberghi-hospibath-197x300.jpg 197w\" sizes=\"auto, (max-width: 658px) 100vw, 658px\" \/><\/a><\/figure>\n\n\n\n<figure class=\"wp-block-image size-full\"><a href=\"https:\/\/hospibath.it\/wp-content\/uploads\/2025\/05\/sedili-per-doccia-anziani-disabili-forniture-hotel-albergo-hospibath.jpg\"><img loading=\"lazy\" decoding=\"async\" width=\"1379\" height=\"1054\" data-id=\"16484\" src=\"https:\/\/hospibath.it\/wp-content\/uploads\/2025\/05\/sedili-per-doccia-anziani-disabili-forniture-hotel-albergo-hospibath.jpg\" alt=\"\" class=\"wp-image-16484\" srcset=\"https:\/\/hospibath.it\/wp-content\/uploads\/2025\/05\/sedili-per-doccia-anziani-disabili-forniture-hotel-albergo-hospibath.jpg 1379w, https:\/\/hospibath.it\/wp-content\/uploads\/2025\/05\/sedili-per-doccia-anziani-disabili-forniture-hotel-albergo-hospibath-300x229.jpg 300w, https:\/\/hospibath.it\/wp-content\/uploads\/2025\/05\/sedili-per-doccia-anziani-disabili-forniture-hotel-albergo-hospibath-1024x783.jpg 1024w, https:\/\/hospibath.it\/wp-content\/uploads\/2025\/05\/sedili-per-doccia-anziani-disabili-forniture-hotel-albergo-hospibath-768x587.jpg 768w, https:\/\/hospibath.it\/wp-content\/uploads\/2025\/05\/sedili-per-doccia-anziani-disabili-forniture-hotel-albergo-hospibath-700x535.jpg 700w\" sizes=\"auto, (max-width: 1379px) 100vw, 1379px\" \/><\/a><\/figure>\n\n\n\n<figure class=\"wp-block-image size-full\"><a href=\"https:\/\/hospibath.it\/wp-content\/uploads\/2025\/05\/maniglie-vasca-e-doccia-mobilita-disabili-fornitore-hotel-hospibath.jpg\"><img loading=\"lazy\" decoding=\"async\" width=\"1500\" height=\"1500\" data-id=\"16469\" src=\"https:\/\/hospibath.it\/wp-content\/uploads\/2025\/05\/maniglie-vasca-e-doccia-mobilita-disabili-fornitore-hotel-hospibath.jpg\" alt=\"\" class=\"wp-image-16469\" srcset=\"https:\/\/hospibath.it\/wp-content\/uploads\/2025\/05\/maniglie-vasca-e-doccia-mobilita-disabili-fornitore-hotel-hospibath.jpg 1500w, https:\/\/hospibath.it\/wp-content\/uploads\/2025\/05\/maniglie-vasca-e-doccia-mobilita-disabili-fornitore-hotel-hospibath-300x300.jpg 300w, https:\/\/hospibath.it\/wp-content\/uploads\/2025\/05\/maniglie-vasca-e-doccia-mobilita-disabili-fornitore-hotel-hospibath-1024x1024.jpg 1024w, https:\/\/hospibath.it\/wp-content\/uploads\/2025\/05\/maniglie-vasca-e-doccia-mobilita-disabili-fornitore-hotel-hospibath-150x150.jpg 150w, https:\/\/hospibath.it\/wp-content\/uploads\/2025\/05\/maniglie-vasca-e-doccia-mobilita-disabili-fornitore-hotel-hospibath-768x768.jpg 768w, https:\/\/hospibath.it\/wp-content\/uploads\/2025\/05\/maniglie-vasca-e-doccia-mobilita-disabili-fornitore-hotel-hospibath-570x570.jpg 570w, https:\/\/hospibath.it\/wp-content\/uploads\/2025\/05\/maniglie-vasca-e-doccia-mobilita-disabili-fornitore-hotel-hospibath-500x500.jpg 500w, https:\/\/hospibath.it\/wp-content\/uploads\/2025\/05\/maniglie-vasca-e-doccia-mobilita-disabili-fornitore-hotel-hospibath-1000x1000.jpg 1000w, https:\/\/hospibath.it\/wp-content\/uploads\/2025\/05\/maniglie-vasca-e-doccia-mobilita-disabili-fornitore-hotel-hospibath-700x700.jpg 700w, https:\/\/hospibath.it\/wp-content\/uploads\/2025\/05\/maniglie-vasca-e-doccia-mobilita-disabili-fornitore-hotel-hospibath-650x650.jpg 650w, https:\/\/hospibath.it\/wp-content\/uploads\/2025\/05\/maniglie-vasca-e-doccia-mobilita-disabili-fornitore-hotel-hospibath-1300x1300.jpg 1300w\" sizes=\"auto, (max-width: 1500px) 100vw, 1500px\" \/><\/a><\/figure>\n\n\n\n<figure class=\"wp-block-image size-full\"><a href=\"https:\/\/hospibath.it\/wp-content\/uploads\/2025\/05\/maniglia-per-disabili-componenti-hotel-fornitore-hospibath.jpg\"><img loading=\"lazy\" decoding=\"async\" width=\"1000\" height=\"1000\" data-id=\"16460\" src=\"https:\/\/hospibath.it\/wp-content\/uploads\/2025\/05\/maniglia-per-disabili-componenti-hotel-fornitore-hospibath.jpg\" alt=\"\" class=\"wp-image-16460\" srcset=\"https:\/\/hospibath.it\/wp-content\/uploads\/2025\/05\/maniglia-per-disabili-componenti-hotel-fornitore-hospibath.jpg 1000w, https:\/\/hospibath.it\/wp-content\/uploads\/2025\/05\/maniglia-per-disabili-componenti-hotel-fornitore-hospibath-300x300.jpg 300w, https:\/\/hospibath.it\/wp-content\/uploads\/2025\/05\/maniglia-per-disabili-componenti-hotel-fornitore-hospibath-150x150.jpg 150w, https:\/\/hospibath.it\/wp-content\/uploads\/2025\/05\/maniglia-per-disabili-componenti-hotel-fornitore-hospibath-768x768.jpg 768w, https:\/\/hospibath.it\/wp-content\/uploads\/2025\/05\/maniglia-per-disabili-componenti-hotel-fornitore-hospibath-570x570.jpg 570w, https:\/\/hospibath.it\/wp-content\/uploads\/2025\/05\/maniglia-per-disabili-componenti-hotel-fornitore-hospibath-500x500.jpg 500w, https:\/\/hospibath.it\/wp-content\/uploads\/2025\/05\/maniglia-per-disabili-componenti-hotel-fornitore-hospibath-700x700.jpg 700w, https:\/\/hospibath.it\/wp-content\/uploads\/2025\/05\/maniglia-per-disabili-componenti-hotel-fornitore-hospibath-650x650.jpg 650w\" sizes=\"auto, (max-width: 1000px) 100vw, 1000px\" \/><\/a><\/figure>\n<\/figure>\n<\/div><\/div>\n\n<div style=\"height:50px\" aria-hidden=\"true\" class=\"wp-block-spacer\"><\/div>\n","protected":false},"excerpt":{"rendered":"<p>Scaunele \u0219i componentele pentru du\u0219 sunt elemente esen\u021biale pentru a asigura confortul, siguran\u021ba \u0219i func\u021bionalitatea \u00een structurilor de primire turistice cu func\u021biuni de cazareScaunele de du\u0219 sunt fabricate din materiale rezistente la ap\u0103, temperaturi ridicate \u0219i uzur\u0103.Sunt concepute pentru a fi instalate cu u\u0219urin\u021b\u0103 \u00een&#8230;<\/p>\n","protected":false},"author":3,"featured_media":16389,"parent":0,"menu_order":0,"comment_status":"closed","ping_status":"closed","template":"","meta":{"footnotes":""},"class_list":["post-16746","page","type-page","status-publish","has-post-thumbnail","hentry"],"yoast_head":"<!-- This site is optimized with the Yoast SEO plugin v26.8 - https:\/\/yoast.com\/product\/yoast-seo-wordpress\/ -->\n<title>SCAUNE \u0218I COMPONENTE PENTRU BAIE - HospiBath<\/title>\n<meta name=\"robots\" content=\"index, follow, max-snippet:-1, max-image-preview:large, max-video-preview:-1\" \/>\n<link rel=\"canonical\" href=\"https:\/\/hospibath.it\/ro\/scaune-si-componente-pentru-baie\/\" \/>\n<meta property=\"og:locale\" content=\"ro_RO\" \/>\n<meta property=\"og:type\" content=\"article\" \/>\n<meta property=\"og:title\" content=\"SCAUNE \u0218I COMPONENTE PENTRU BAIE - HospiBath\" \/>\n<meta property=\"og:description\" content=\"Scaunele \u0219i componentele pentru du\u0219 sunt elemente esen\u021biale pentru a asigura confortul, siguran\u021ba \u0219i func\u021bionalitatea \u00een structurilor de primire turistice cu func\u021biuni de cazareScaunele de du\u0219 sunt fabricate din materiale rezistente la ap\u0103, temperaturi ridicate \u0219i uzur\u0103.Sunt concepute pentru a fi instalate cu u\u0219urin\u021b\u0103 \u00een...\" \/>\n<meta property=\"og:url\" content=\"https:\/\/hospibath.it\/ro\/scaune-si-componente-pentru-baie\/\" \/>\n<meta property=\"og:site_name\" content=\"HospiBath\" \/>\n<meta property=\"article:publisher\" content=\"https:\/\/www.facebook.com\/kango.mall.italy\/\" \/>\n<meta property=\"article:modified_time\" content=\"2025-05-29T20:06:15+00:00\" \/>\n<meta property=\"og:image\" content=\"https:\/\/hospibath.it\/wp-content\/uploads\/2025\/05\/set-completo-soffione-doccia-con-braccio-modello-quadrato-fornitore-hospibath.jpg\" \/>\n\t<meta property=\"og:image:width\" content=\"1024\" \/>\n\t<meta property=\"og:image:height\" content=\"724\" \/>\n\t<meta property=\"og:image:type\" content=\"image\/jpeg\" \/>\n<meta name=\"twitter:card\" content=\"summary_large_image\" \/>\n<meta name=\"twitter:label1\" content=\"Timp estimat pentru citire\" \/>\n\t<meta name=\"twitter:data1\" content=\"2 minute\" \/>\n<script type=\"application\/ld+json\" class=\"yoast-schema-graph\">{\"@context\":\"https:\/\/schema.org\",\"@graph\":[{\"@type\":\"WebPage\",\"@id\":\"https:\/\/hospibath.it\/ro\/scaune-si-componente-pentru-baie\/\",\"url\":\"https:\/\/hospibath.it\/ro\/scaune-si-componente-pentru-baie\/\",\"name\":\"SCAUNE \u0218I COMPONENTE PENTRU BAIE - HospiBath\",\"isPartOf\":{\"@id\":\"https:\/\/hospibath.it\/ro\/#website\"},\"primaryImageOfPage\":{\"@id\":\"https:\/\/hospibath.it\/ro\/scaune-si-componente-pentru-baie\/#primaryimage\"},\"image\":{\"@id\":\"https:\/\/hospibath.it\/ro\/scaune-si-componente-pentru-baie\/#primaryimage\"},\"thumbnailUrl\":\"https:\/\/hospibath.it\/wp-content\/uploads\/2025\/05\/set-completo-soffione-doccia-con-braccio-modello-quadrato-fornitore-hospibath.jpg\",\"datePublished\":\"2025-05-24T15:07:26+00:00\",\"dateModified\":\"2025-05-29T20:06:15+00:00\",\"breadcrumb\":{\"@id\":\"https:\/\/hospibath.it\/ro\/scaune-si-componente-pentru-baie\/#breadcrumb\"},\"inLanguage\":\"ro-RO\",\"potentialAction\":[{\"@type\":\"ReadAction\",\"target\":[\"https:\/\/hospibath.it\/ro\/scaune-si-componente-pentru-baie\/\"]}]},{\"@type\":\"ImageObject\",\"inLanguage\":\"ro-RO\",\"@id\":\"https:\/\/hospibath.it\/ro\/scaune-si-componente-pentru-baie\/#primaryimage\",\"url\":\"https:\/\/hospibath.it\/wp-content\/uploads\/2025\/05\/set-completo-soffione-doccia-con-braccio-modello-quadrato-fornitore-hospibath.jpg\",\"contentUrl\":\"https:\/\/hospibath.it\/wp-content\/uploads\/2025\/05\/set-completo-soffione-doccia-con-braccio-modello-quadrato-fornitore-hospibath.jpg\",\"width\":1024,\"height\":724},{\"@type\":\"BreadcrumbList\",\"@id\":\"https:\/\/hospibath.it\/ro\/scaune-si-componente-pentru-baie\/#breadcrumb\",\"itemListElement\":[{\"@type\":\"ListItem\",\"position\":1,\"name\":\"Home\",\"item\":\"https:\/\/hospibath.it\/ro\/\"},{\"@type\":\"ListItem\",\"position\":2,\"name\":\"SCAUNE \u0218I COMPONENTE PENTRU BAIE\"}]},{\"@type\":\"WebSite\",\"@id\":\"https:\/\/hospibath.it\/ro\/#website\",\"url\":\"https:\/\/hospibath.it\/ro\/\",\"name\":\"HospiBath\",\"description\":\"Hotel&amp;Bathroom\",\"publisher\":{\"@id\":\"https:\/\/hospibath.it\/ro\/#organization\"},\"potentialAction\":[{\"@type\":\"SearchAction\",\"target\":{\"@type\":\"EntryPoint\",\"urlTemplate\":\"https:\/\/hospibath.it\/ro\/?s={search_term_string}\"},\"query-input\":{\"@type\":\"PropertyValueSpecification\",\"valueRequired\":true,\"valueName\":\"search_term_string\"}}],\"inLanguage\":\"ro-RO\"},{\"@type\":\"Organization\",\"@id\":\"https:\/\/hospibath.it\/ro\/#organization\",\"name\":\"HospiBath\",\"url\":\"https:\/\/hospibath.it\/ro\/\",\"logo\":{\"@type\":\"ImageObject\",\"inLanguage\":\"ro-RO\",\"@id\":\"https:\/\/hospibath.it\/ro\/#\/schema\/logo\/image\/\",\"url\":\"https:\/\/hospibath.it\/wp-content\/uploads\/2024\/05\/logo_hospibat_small.jpg\",\"contentUrl\":\"https:\/\/hospibath.it\/wp-content\/uploads\/2024\/05\/logo_hospibat_small.jpg\",\"width\":283,\"height\":86,\"caption\":\"HospiBath\"},\"image\":{\"@id\":\"https:\/\/hospibath.it\/ro\/#\/schema\/logo\/image\/\"},\"sameAs\":[\"https:\/\/www.facebook.com\/kango.mall.italy\/\",\"https:\/\/www.instagram.com\/hospibath\/\",\"https:\/\/it.pinterest.com\/HospiBath\/\"]}]}<\/script>\n<!-- \/ Yoast SEO plugin. -->","yoast_head_json":{"title":"SCAUNE \u0218I COMPONENTE PENTRU BAIE - HospiBath","robots":{"index":"index","follow":"follow","max-snippet":"max-snippet:-1","max-image-preview":"max-image-preview:large","max-video-preview":"max-video-preview:-1"},"canonical":"https:\/\/hospibath.it\/ro\/scaune-si-componente-pentru-baie\/","og_locale":"ro_RO","og_type":"article","og_title":"SCAUNE \u0218I COMPONENTE PENTRU BAIE - HospiBath","og_description":"Scaunele \u0219i componentele pentru du\u0219 sunt elemente esen\u021biale pentru a asigura confortul, siguran\u021ba \u0219i func\u021bionalitatea \u00een structurilor de primire turistice cu func\u021biuni de cazareScaunele de du\u0219 sunt fabricate din materiale rezistente la ap\u0103, temperaturi ridicate \u0219i uzur\u0103.Sunt concepute pentru a fi instalate cu u\u0219urin\u021b\u0103 \u00een...","og_url":"https:\/\/hospibath.it\/ro\/scaune-si-componente-pentru-baie\/","og_site_name":"HospiBath","article_publisher":"https:\/\/www.facebook.com\/kango.mall.italy\/","article_modified_time":"2025-05-29T20:06:15+00:00","og_image":[{"width":1024,"height":724,"url":"https:\/\/hospibath.it\/wp-content\/uploads\/2025\/05\/set-completo-soffione-doccia-con-braccio-modello-quadrato-fornitore-hospibath.jpg","type":"image\/jpeg"}],"twitter_card":"summary_large_image","twitter_misc":{"Timp estimat pentru citire":"2 minute"},"schema":{"@context":"https:\/\/schema.org","@graph":[{"@type":"WebPage","@id":"https:\/\/hospibath.it\/ro\/scaune-si-componente-pentru-baie\/","url":"https:\/\/hospibath.it\/ro\/scaune-si-componente-pentru-baie\/","name":"SCAUNE \u0218I COMPONENTE PENTRU BAIE - HospiBath","isPartOf":{"@id":"https:\/\/hospibath.it\/ro\/#website"},"primaryImageOfPage":{"@id":"https:\/\/hospibath.it\/ro\/scaune-si-componente-pentru-baie\/#primaryimage"},"image":{"@id":"https:\/\/hospibath.it\/ro\/scaune-si-componente-pentru-baie\/#primaryimage"},"thumbnailUrl":"https:\/\/hospibath.it\/wp-content\/uploads\/2025\/05\/set-completo-soffione-doccia-con-braccio-modello-quadrato-fornitore-hospibath.jpg","datePublished":"2025-05-24T15:07:26+00:00","dateModified":"2025-05-29T20:06:15+00:00","breadcrumb":{"@id":"https:\/\/hospibath.it\/ro\/scaune-si-componente-pentru-baie\/#breadcrumb"},"inLanguage":"ro-RO","potentialAction":[{"@type":"ReadAction","target":["https:\/\/hospibath.it\/ro\/scaune-si-componente-pentru-baie\/"]}]},{"@type":"ImageObject","inLanguage":"ro-RO","@id":"https:\/\/hospibath.it\/ro\/scaune-si-componente-pentru-baie\/#primaryimage","url":"https:\/\/hospibath.it\/wp-content\/uploads\/2025\/05\/set-completo-soffione-doccia-con-braccio-modello-quadrato-fornitore-hospibath.jpg","contentUrl":"https:\/\/hospibath.it\/wp-content\/uploads\/2025\/05\/set-completo-soffione-doccia-con-braccio-modello-quadrato-fornitore-hospibath.jpg","width":1024,"height":724},{"@type":"BreadcrumbList","@id":"https:\/\/hospibath.it\/ro\/scaune-si-componente-pentru-baie\/#breadcrumb","itemListElement":[{"@type":"ListItem","position":1,"name":"Home","item":"https:\/\/hospibath.it\/ro\/"},{"@type":"ListItem","position":2,"name":"SCAUNE \u0218I COMPONENTE PENTRU BAIE"}]},{"@type":"WebSite","@id":"https:\/\/hospibath.it\/ro\/#website","url":"https:\/\/hospibath.it\/ro\/","name":"HospiBath","description":"Hotel&amp;Bathroom","publisher":{"@id":"https:\/\/hospibath.it\/ro\/#organization"},"potentialAction":[{"@type":"SearchAction","target":{"@type":"EntryPoint","urlTemplate":"https:\/\/hospibath.it\/ro\/?s={search_term_string}"},"query-input":{"@type":"PropertyValueSpecification","valueRequired":true,"valueName":"search_term_string"}}],"inLanguage":"ro-RO"},{"@type":"Organization","@id":"https:\/\/hospibath.it\/ro\/#organization","name":"HospiBath","url":"https:\/\/hospibath.it\/ro\/","logo":{"@type":"ImageObject","inLanguage":"ro-RO","@id":"https:\/\/hospibath.it\/ro\/#\/schema\/logo\/image\/","url":"https:\/\/hospibath.it\/wp-content\/uploads\/2024\/05\/logo_hospibat_small.jpg","contentUrl":"https:\/\/hospibath.it\/wp-content\/uploads\/2024\/05\/logo_hospibat_small.jpg","width":283,"height":86,"caption":"HospiBath"},"image":{"@id":"https:\/\/hospibath.it\/ro\/#\/schema\/logo\/image\/"},"sameAs":["https:\/\/www.facebook.com\/kango.mall.italy\/","https:\/\/www.instagram.com\/hospibath\/","https:\/\/it.pinterest.com\/HospiBath\/"]}]}},"_links":{"self":[{"href":"https:\/\/hospibath.it\/ro\/wp-json\/wp\/v2\/pages\/16746","targetHints":{"allow":["GET"]}}],"collection":[{"href":"https:\/\/hospibath.it\/ro\/wp-json\/wp\/v2\/pages"}],"about":[{"href":"https:\/\/hospibath.it\/ro\/wp-json\/wp\/v2\/types\/page"}],"author":[{"embeddable":true,"href":"https:\/\/hospibath.it\/ro\/wp-json\/wp\/v2\/users\/3"}],"replies":[{"embeddable":true,"href":"https:\/\/hospibath.it\/ro\/wp-json\/wp\/v2\/comments?post=16746"}],"version-history":[{"count":1,"href":"https:\/\/hospibath.it\/ro\/wp-json\/wp\/v2\/pages\/16746\/revisions"}],"predecessor-version":[{"id":16747,"href":"https:\/\/hospibath.it\/ro\/wp-json\/wp\/v2\/pages\/16746\/revisions\/16747"}],"wp:featuredmedia":[{"embeddable":true,"href":"https:\/\/hospibath.it\/ro\/wp-json\/wp\/v2\/media\/16389"}],"wp:attachment":[{"href":"https:\/\/hospibath.it\/ro\/wp-json\/wp\/v2\/media?parent=16746"}],"curies":[{"name":"wp","href":"https:\/\/api.w.org\/{rel}","templated":true}]}}