{"id":16748,"date":"2025-05-24T16:56:24","date_gmt":"2025-05-24T16:56:24","guid":{"rendered":"https:\/\/hospibath.it\/rafturi-pentru-dus\/"},"modified":"2025-05-29T20:20:56","modified_gmt":"2025-05-29T20:20:56","slug":"rafturi-pentru-dus","status":"publish","type":"page","link":"https:\/\/hospibath.it\/ro\/rafturi-pentru-dus\/","title":{"rendered":"RAFTURI PENTRU DU\u0218"},"content":{"rendered":"\n<p><strong>Rafturile de dus, unit\u0103\u021bile de col\u021b \u0219i suporturile<\/strong> sunt elemente esen\u021biale pentru optimizarea spa\u021biului \u0219i \u00eembun\u0103t\u0103\u021birea func\u021bionalit\u0103\u021bii unei b\u0103i de hotel.<\/p>\n\n<p><br\/><strong>Rafturile de dus<\/strong> sunt concepute pentru a fi instalate \u00een interiorul cabinei de du\u0219 sau pe perete sau pe geamul dusului. De asemenea, ofer\u0103 un<strong> spa\u021biu convenabil <\/strong>unde oaspe\u021bii pot depozita \u0219amponul, gelul de du\u0219, s\u0103punuri \u0219i alte produse personale.<br\/><strong>Unitatile de colt \u0219i suporturile,<\/strong> pe de alt\u0103 parte, sunt elemente de fixare ideale pentru depozitarea altor accesorii, cum ar fi bure\u021bi \u0219i aparate de ras. Acestea asigur\u0103 <strong>stabilitate \u0219i siguran\u021b\u0103 <\/strong>\u00een timpul utiliz\u0103rii du\u0219ului. Prin urmare, se recomand\u0103 amplasarea rafurilor de du\u0219 la nivelul ochilor, pentru a g\u0103si cu u\u0219urin\u021b\u0103 ceea ce trebuie clientilor.<br\/>Fabricate din materiale de \u00eenalt\u0103 calitate, aceste componente sunt <strong>concepute pentru a rezista la umiditate, temperaturi ridicate \u0219i uzur\u0103 zilnic\u0103.<\/strong><\/p>\n\n<p><br\/><strong>Motive pentru a alege rafturi, col\u021bare \u0219i suporturi \u00een hoteluri:<\/strong><br\/>&#8211; <strong>Practicitate \u0219i organizare maxim\u0103:<\/strong> ofer\u0103 un spa\u021biu dedicat produselor personale, evit\u00e2nd dezordinea \u0219i facilit\u00e2nd accesul \u00een timpul du\u0219ului.<br\/>&#8211; <strong>Siguran\u021b\u0103 \u0219i stabilitate<\/strong>: suporturile robuste \u0219i fix\u0103rile sigure garanteaz\u0103 c\u0103 obiectele depozitate nu vor c\u0103dea, reduc\u00e2nd riscul de accidente.<br\/>&#8211; <strong>Design func\u021bional \u0219i elegant<\/strong>: se integreaz\u0103 perfect cu mobilierul de baie, oferind un aspect modern \u0219i profesional.<br\/>&#8211; <strong>Durabilitate \u0219i fiabilitate<\/strong>: fabricate din materiale rezistente la umiditate, coroziune \u0219i uzur\u0103, ideale pentru medii cu trafic intens, cum ar fi hotelurile.<br\/>&#8211; <strong>U\u0219urin\u021b\u0103 \u00een instalare \u0219i \u00eentre\u021binere<\/strong>: componente u\u0219or de asamblat \u0219i \u00eentre\u021binut, cu func\u021bionare optim\u0103 \u00een timp.<br\/>&#8211; <strong>Optimizarea spa\u021biului:<\/strong> rafturile \u0219i coltarele de dus permit clientilor s\u0103 profite la maximum de pere\u021bi, men\u021bin\u00e2nd baia ordonat\u0103 \u0219i func\u021bional\u0103.<br\/>&#8211; <strong>Sustenabilitate<\/strong>: Multe modele sunt concepute s\u0103 reziste mult timp, reduc\u00e2nd nevoia de \u00eenlocuiri frecvente \u0219i contribuind la sustenabilitatea mediului.<\/p>\n\n<p><br\/><strong>Iat\u0103 c\u00e2teva dintre propunerile noastre, contacta\u021bi-ne pentru orice solicitare sau informa\u021bie.<\/strong><\/p>\n\n<div style=\"height:50px\" aria-hidden=\"true\" class=\"wp-block-spacer\"><\/div>\n\n<div class=\"wp-block-group\"><div class=\"wp-block-group__inner-container is-layout-constrained wp-block-group-is-layout-constrained\">\n<figure class=\"wp-block-gallery has-nested-images columns-default wp-block-gallery-1 is-layout-flex wp-block-gallery-is-layout-flex\">\n<figure class=\"wp-block-image size-large\"><a href=\"https:\/\/hospibath.it\/wp-content\/uploads\/2025\/05\/angolare-doppio-box-doccia-fornitore-hotel-resort-hospibath.jpg\"><img loading=\"lazy\" decoding=\"async\" width=\"788\" height=\"1024\" data-id=\"16498\" src=\"https:\/\/hospibath.it\/wp-content\/uploads\/2025\/05\/angolare-doppio-box-doccia-fornitore-hotel-resort-hospibath-788x1024.jpg\" alt=\"\" class=\"wp-image-16498\" srcset=\"https:\/\/hospibath.it\/wp-content\/uploads\/2025\/05\/angolare-doppio-box-doccia-fornitore-hotel-resort-hospibath-788x1024.jpg 788w, https:\/\/hospibath.it\/wp-content\/uploads\/2025\/05\/angolare-doppio-box-doccia-fornitore-hotel-resort-hospibath-231x300.jpg 231w, https:\/\/hospibath.it\/wp-content\/uploads\/2025\/05\/angolare-doppio-box-doccia-fornitore-hotel-resort-hospibath-768x998.jpg 768w, https:\/\/hospibath.it\/wp-content\/uploads\/2025\/05\/angolare-doppio-box-doccia-fornitore-hotel-resort-hospibath-700x910.jpg 700w, https:\/\/hospibath.it\/wp-content\/uploads\/2025\/05\/angolare-doppio-box-doccia-fornitore-hotel-resort-hospibath.jpg 923w\" sizes=\"auto, (max-width: 788px) 100vw, 788px\" \/><\/a><\/figure>\n\n\n\n<figure class=\"wp-block-image size-large\"><a href=\"https:\/\/hospibath.it\/wp-content\/uploads\/2025\/05\/accessori-box-doccia-porta-oggetti-hotel-hospibath.jpg\"><img loading=\"lazy\" decoding=\"async\" width=\"819\" height=\"1024\" data-id=\"16495\" src=\"https:\/\/hospibath.it\/wp-content\/uploads\/2025\/05\/accessori-box-doccia-porta-oggetti-hotel-hospibath-819x1024.jpg\" alt=\"\" class=\"wp-image-16495\" srcset=\"https:\/\/hospibath.it\/wp-content\/uploads\/2025\/05\/accessori-box-doccia-porta-oggetti-hotel-hospibath-819x1024.jpg 819w, https:\/\/hospibath.it\/wp-content\/uploads\/2025\/05\/accessori-box-doccia-porta-oggetti-hotel-hospibath-240x300.jpg 240w, https:\/\/hospibath.it\/wp-content\/uploads\/2025\/05\/accessori-box-doccia-porta-oggetti-hotel-hospibath-768x960.jpg 768w, https:\/\/hospibath.it\/wp-content\/uploads\/2025\/05\/accessori-box-doccia-porta-oggetti-hotel-hospibath-700x875.jpg 700w, https:\/\/hospibath.it\/wp-content\/uploads\/2025\/05\/accessori-box-doccia-porta-oggetti-hotel-hospibath.jpg 1080w\" sizes=\"auto, (max-width: 819px) 100vw, 819px\" \/><\/a><\/figure>\n\n\n\n<figure class=\"wp-block-image size-large\"><a href=\"https:\/\/hospibath.it\/wp-content\/uploads\/2025\/05\/mensole-ottone-per-vetro-doccia-fornitore-hotel-hospibath.jpg\"><img loading=\"lazy\" decoding=\"async\" width=\"737\" height=\"1024\" data-id=\"16519\" src=\"https:\/\/hospibath.it\/wp-content\/uploads\/2025\/05\/mensole-ottone-per-vetro-doccia-fornitore-hotel-hospibath-737x1024.jpg\" alt=\"\" class=\"wp-image-16519\" srcset=\"https:\/\/hospibath.it\/wp-content\/uploads\/2025\/05\/mensole-ottone-per-vetro-doccia-fornitore-hotel-hospibath-737x1024.jpg 737w, https:\/\/hospibath.it\/wp-content\/uploads\/2025\/05\/mensole-ottone-per-vetro-doccia-fornitore-hotel-hospibath-216x300.jpg 216w, https:\/\/hospibath.it\/wp-content\/uploads\/2025\/05\/mensole-ottone-per-vetro-doccia-fornitore-hotel-hospibath-768x1067.jpg 768w, https:\/\/hospibath.it\/wp-content\/uploads\/2025\/05\/mensole-ottone-per-vetro-doccia-fornitore-hotel-hospibath-1106x1536.jpg 1106w, https:\/\/hospibath.it\/wp-content\/uploads\/2025\/05\/mensole-ottone-per-vetro-doccia-fornitore-hotel-hospibath-1474x2048.jpg 1474w, https:\/\/hospibath.it\/wp-content\/uploads\/2025\/05\/mensole-ottone-per-vetro-doccia-fornitore-hotel-hospibath-700x973.jpg 700w, https:\/\/hospibath.it\/wp-content\/uploads\/2025\/05\/mensole-ottone-per-vetro-doccia-fornitore-hotel-hospibath.jpg 1700w\" sizes=\"auto, (max-width: 737px) 100vw, 737px\" \/><\/a><\/figure>\n\n\n\n<figure class=\"wp-block-image size-large\"><a href=\"https:\/\/hospibath.it\/wp-content\/uploads\/2025\/05\/porta-oggetti-doccia-bahno-hotel-hospibath.jpg\"><img loading=\"lazy\" decoding=\"async\" width=\"707\" height=\"1024\" data-id=\"16504\" src=\"https:\/\/hospibath.it\/wp-content\/uploads\/2025\/05\/porta-oggetti-doccia-bahno-hotel-hospibath-707x1024.jpg\" alt=\"\" class=\"wp-image-16504\" srcset=\"https:\/\/hospibath.it\/wp-content\/uploads\/2025\/05\/porta-oggetti-doccia-bahno-hotel-hospibath-707x1024.jpg 707w, https:\/\/hospibath.it\/wp-content\/uploads\/2025\/05\/porta-oggetti-doccia-bahno-hotel-hospibath-207x300.jpg 207w, https:\/\/hospibath.it\/wp-content\/uploads\/2025\/05\/porta-oggetti-doccia-bahno-hotel-hospibath-700x1014.jpg 700w, https:\/\/hospibath.it\/wp-content\/uploads\/2025\/05\/porta-oggetti-doccia-bahno-hotel-hospibath.jpg 759w\" sizes=\"auto, (max-width: 707px) 100vw, 707px\" \/><\/a><\/figure>\n\n\n\n<figure class=\"wp-block-image size-large\"><a href=\"https:\/\/hospibath.it\/wp-content\/uploads\/2025\/05\/porta-oggetti-accessori-box-doccia-hotel-residence-hospibath.jpg\"><img loading=\"lazy\" decoding=\"async\" width=\"586\" height=\"1024\" data-id=\"16501\" src=\"https:\/\/hospibath.it\/wp-content\/uploads\/2025\/05\/porta-oggetti-accessori-box-doccia-hotel-residence-hospibath-586x1024.jpg\" alt=\"\" class=\"wp-image-16501\" srcset=\"https:\/\/hospibath.it\/wp-content\/uploads\/2025\/05\/porta-oggetti-accessori-box-doccia-hotel-residence-hospibath-586x1024.jpg 586w, https:\/\/hospibath.it\/wp-content\/uploads\/2025\/05\/porta-oggetti-accessori-box-doccia-hotel-residence-hospibath-172x300.jpg 172w, https:\/\/hospibath.it\/wp-content\/uploads\/2025\/05\/porta-oggetti-accessori-box-doccia-hotel-residence-hospibath.jpg 629w\" sizes=\"auto, (max-width: 586px) 100vw, 586px\" \/><\/a><\/figure>\n\n\n\n<figure class=\"wp-block-image size-large\"><a href=\"https:\/\/hospibath.it\/wp-content\/uploads\/2025\/05\/porta-oggetti-doccia-fornitore-alberghi-e-resort-hospibath.jpg\"><img loading=\"lazy\" decoding=\"async\" width=\"680\" height=\"1024\" data-id=\"16513\" src=\"https:\/\/hospibath.it\/wp-content\/uploads\/2025\/05\/porta-oggetti-doccia-fornitore-alberghi-e-resort-hospibath-680x1024.jpg\" alt=\"\" class=\"wp-image-16513\" srcset=\"https:\/\/hospibath.it\/wp-content\/uploads\/2025\/05\/porta-oggetti-doccia-fornitore-alberghi-e-resort-hospibath-680x1024.jpg 680w, https:\/\/hospibath.it\/wp-content\/uploads\/2025\/05\/porta-oggetti-doccia-fornitore-alberghi-e-resort-hospibath-199x300.jpg 199w, https:\/\/hospibath.it\/wp-content\/uploads\/2025\/05\/porta-oggetti-doccia-fornitore-alberghi-e-resort-hospibath-768x1156.jpg 768w, https:\/\/hospibath.it\/wp-content\/uploads\/2025\/05\/porta-oggetti-doccia-fornitore-alberghi-e-resort-hospibath-1020x1536.jpg 1020w, https:\/\/hospibath.it\/wp-content\/uploads\/2025\/05\/porta-oggetti-doccia-fornitore-alberghi-e-resort-hospibath-700x1054.jpg 700w, https:\/\/hospibath.it\/wp-content\/uploads\/2025\/05\/porta-oggetti-doccia-fornitore-alberghi-e-resort-hospibath.jpg 1181w\" sizes=\"auto, (max-width: 680px) 100vw, 680px\" \/><\/a><\/figure>\n\n\n\n<figure class=\"wp-block-image size-large\"><a href=\"https:\/\/hospibath.it\/wp-content\/uploads\/2025\/05\/accessori-doccia-supporti-e-porta-oggetti-bagno-hotel-hospibath.jpg\"><img loading=\"lazy\" decoding=\"async\" width=\"846\" height=\"1024\" data-id=\"16507\" src=\"https:\/\/hospibath.it\/wp-content\/uploads\/2025\/05\/accessori-doccia-supporti-e-porta-oggetti-bagno-hotel-hospibath-846x1024.jpg\" alt=\"\" class=\"wp-image-16507\" srcset=\"https:\/\/hospibath.it\/wp-content\/uploads\/2025\/05\/accessori-doccia-supporti-e-porta-oggetti-bagno-hotel-hospibath-846x1024.jpg 846w, https:\/\/hospibath.it\/wp-content\/uploads\/2025\/05\/accessori-doccia-supporti-e-porta-oggetti-bagno-hotel-hospibath-248x300.jpg 248w, https:\/\/hospibath.it\/wp-content\/uploads\/2025\/05\/accessori-doccia-supporti-e-porta-oggetti-bagno-hotel-hospibath-768x930.jpg 768w, https:\/\/hospibath.it\/wp-content\/uploads\/2025\/05\/accessori-doccia-supporti-e-porta-oggetti-bagno-hotel-hospibath-700x848.jpg 700w, https:\/\/hospibath.it\/wp-content\/uploads\/2025\/05\/accessori-doccia-supporti-e-porta-oggetti-bagno-hotel-hospibath.jpg 1080w\" sizes=\"auto, (max-width: 846px) 100vw, 846px\" \/><\/a><\/figure>\n\n\n\n<figure class=\"wp-block-image size-large\"><a href=\"https:\/\/hospibath.it\/wp-content\/uploads\/2025\/05\/supporti-a-parete-doccia-nei-bagni-hotel-fornitore-hospibath.jpg\"><img loading=\"lazy\" decoding=\"async\" width=\"600\" height=\"899\" data-id=\"16516\" src=\"https:\/\/hospibath.it\/wp-content\/uploads\/2025\/05\/supporti-a-parete-doccia-nei-bagni-hotel-fornitore-hospibath.jpg\" alt=\"\" class=\"wp-image-16516\" srcset=\"https:\/\/hospibath.it\/wp-content\/uploads\/2025\/05\/supporti-a-parete-doccia-nei-bagni-hotel-fornitore-hospibath.jpg 600w, https:\/\/hospibath.it\/wp-content\/uploads\/2025\/05\/supporti-a-parete-doccia-nei-bagni-hotel-fornitore-hospibath-200x300.jpg 200w\" sizes=\"auto, (max-width: 600px) 100vw, 600px\" \/><\/a><\/figure>\n\n\n\n<figure class=\"wp-block-image size-large\"><a href=\"https:\/\/hospibath.it\/wp-content\/uploads\/2025\/05\/porta-oggetti-supporti-doccia-per-bagno-hotel-fornitore-hospibath.jpg\"><img loading=\"lazy\" decoding=\"async\" width=\"1024\" height=\"764\" data-id=\"16510\" src=\"https:\/\/hospibath.it\/wp-content\/uploads\/2025\/05\/porta-oggetti-supporti-doccia-per-bagno-hotel-fornitore-hospibath-1024x764.jpg\" alt=\"\" class=\"wp-image-16510\" srcset=\"https:\/\/hospibath.it\/wp-content\/uploads\/2025\/05\/porta-oggetti-supporti-doccia-per-bagno-hotel-fornitore-hospibath-1024x764.jpg 1024w, https:\/\/hospibath.it\/wp-content\/uploads\/2025\/05\/porta-oggetti-supporti-doccia-per-bagno-hotel-fornitore-hospibath-300x224.jpg 300w, https:\/\/hospibath.it\/wp-content\/uploads\/2025\/05\/porta-oggetti-supporti-doccia-per-bagno-hotel-fornitore-hospibath-768x573.jpg 768w, https:\/\/hospibath.it\/wp-content\/uploads\/2025\/05\/porta-oggetti-supporti-doccia-per-bagno-hotel-fornitore-hospibath-700x522.jpg 700w, https:\/\/hospibath.it\/wp-content\/uploads\/2025\/05\/porta-oggetti-supporti-doccia-per-bagno-hotel-fornitore-hospibath.jpg 1140w\" sizes=\"auto, (max-width: 1024px) 100vw, 1024px\" \/><\/a><\/figure>\n<\/figure>\n<\/div><\/div>\n\n<div style=\"height:50px\" aria-hidden=\"true\" class=\"wp-block-spacer\"><\/div>\n","protected":false},"excerpt":{"rendered":"<p>Rafturile de dus, unit\u0103\u021bile de col\u021b \u0219i suporturile sunt elemente esen\u021biale pentru optimizarea spa\u021biului \u0219i \u00eembun\u0103t\u0103\u021birea func\u021bionalit\u0103\u021bii unei b\u0103i de hotel. Rafturile de dus sunt concepute pentru a fi instalate \u00een interiorul cabinei de du\u0219 sau pe perete sau pe geamul dusului. De asemenea, ofer\u0103&#8230;<\/p>\n","protected":false},"author":3,"featured_media":16389,"parent":0,"menu_order":0,"comment_status":"closed","ping_status":"closed","template":"","meta":{"footnotes":""},"class_list":["post-16748","page","type-page","status-publish","has-post-thumbnail","hentry"],"yoast_head":"<!-- This site is optimized with the Yoast SEO plugin v26.8 - https:\/\/yoast.com\/product\/yoast-seo-wordpress\/ -->\n<title>RAFTURI PENTRU DU\u0218 - HospiBath<\/title>\n<meta name=\"robots\" content=\"index, follow, max-snippet:-1, max-image-preview:large, max-video-preview:-1\" \/>\n<link rel=\"canonical\" href=\"https:\/\/hospibath.it\/ro\/rafturi-pentru-dus\/\" \/>\n<meta property=\"og:locale\" content=\"ro_RO\" \/>\n<meta property=\"og:type\" content=\"article\" \/>\n<meta property=\"og:title\" content=\"Rafturi si coltare pentru cabina de dus\" \/>\n<meta property=\"og:description\" content=\"Rafturile de dus, unit\u0103\u021bile de col\u021b \u0219i suporturile sunt elemente esen\u021biale pentru optimizarea spa\u021biului \u0219i \u00eembun\u0103t\u0103\u021birea func\u021bionalit\u0103\u021bii unei b\u0103i de hotel. Rafturile de dus sunt concepute pentru a fi instalate \u00een interiorul cabinei de du\u0219 sau pe perete sau pe geamul dusului. De asemenea, ofer\u0103...\" \/>\n<meta property=\"og:url\" content=\"https:\/\/hospibath.it\/ro\/rafturi-pentru-dus\/\" \/>\n<meta property=\"og:site_name\" content=\"HospiBath\" \/>\n<meta property=\"article:publisher\" content=\"https:\/\/www.facebook.com\/kango.mall.italy\/\" \/>\n<meta property=\"article:modified_time\" content=\"2025-05-29T20:20:56+00:00\" \/>\n<meta property=\"og:image\" content=\"https:\/\/hospibath.it\/wp-content\/uploads\/2025\/05\/mensole-ottone-per-vetro-doccia-fornitore-hotel-hospibath-216x300.jpg\" \/>\n<meta name=\"twitter:card\" content=\"summary_large_image\" \/>\n<meta name=\"twitter:label1\" content=\"Timp estimat pentru citire\" \/>\n\t<meta name=\"twitter:data1\" content=\"2 minute\" \/>\n<script type=\"application\/ld+json\" class=\"yoast-schema-graph\">{\"@context\":\"https:\/\/schema.org\",\"@graph\":[{\"@type\":\"WebPage\",\"@id\":\"https:\/\/hospibath.it\/ro\/rafturi-pentru-dus\/\",\"url\":\"https:\/\/hospibath.it\/ro\/rafturi-pentru-dus\/\",\"name\":\"RAFTURI PENTRU DU\u0218 - HospiBath\",\"isPartOf\":{\"@id\":\"https:\/\/hospibath.it\/ro\/#website\"},\"primaryImageOfPage\":{\"@id\":\"https:\/\/hospibath.it\/ro\/rafturi-pentru-dus\/#primaryimage\"},\"image\":{\"@id\":\"https:\/\/hospibath.it\/ro\/rafturi-pentru-dus\/#primaryimage\"},\"thumbnailUrl\":\"https:\/\/hospibath.it\/wp-content\/uploads\/2025\/05\/set-completo-soffione-doccia-con-braccio-modello-quadrato-fornitore-hospibath.jpg\",\"datePublished\":\"2025-05-24T16:56:24+00:00\",\"dateModified\":\"2025-05-29T20:20:56+00:00\",\"breadcrumb\":{\"@id\":\"https:\/\/hospibath.it\/ro\/rafturi-pentru-dus\/#breadcrumb\"},\"inLanguage\":\"ro-RO\",\"potentialAction\":[{\"@type\":\"ReadAction\",\"target\":[\"https:\/\/hospibath.it\/ro\/rafturi-pentru-dus\/\"]}]},{\"@type\":\"ImageObject\",\"inLanguage\":\"ro-RO\",\"@id\":\"https:\/\/hospibath.it\/ro\/rafturi-pentru-dus\/#primaryimage\",\"url\":\"https:\/\/hospibath.it\/wp-content\/uploads\/2025\/05\/set-completo-soffione-doccia-con-braccio-modello-quadrato-fornitore-hospibath.jpg\",\"contentUrl\":\"https:\/\/hospibath.it\/wp-content\/uploads\/2025\/05\/set-completo-soffione-doccia-con-braccio-modello-quadrato-fornitore-hospibath.jpg\",\"width\":1024,\"height\":724},{\"@type\":\"BreadcrumbList\",\"@id\":\"https:\/\/hospibath.it\/ro\/rafturi-pentru-dus\/#breadcrumb\",\"itemListElement\":[{\"@type\":\"ListItem\",\"position\":1,\"name\":\"Home\",\"item\":\"https:\/\/hospibath.it\/ro\/\"},{\"@type\":\"ListItem\",\"position\":2,\"name\":\"RAFTURI PENTRU DU\u0218\"}]},{\"@type\":\"WebSite\",\"@id\":\"https:\/\/hospibath.it\/ro\/#website\",\"url\":\"https:\/\/hospibath.it\/ro\/\",\"name\":\"HospiBath\",\"description\":\"Hotel&amp;Bathroom\",\"publisher\":{\"@id\":\"https:\/\/hospibath.it\/ro\/#organization\"},\"potentialAction\":[{\"@type\":\"SearchAction\",\"target\":{\"@type\":\"EntryPoint\",\"urlTemplate\":\"https:\/\/hospibath.it\/ro\/?s={search_term_string}\"},\"query-input\":{\"@type\":\"PropertyValueSpecification\",\"valueRequired\":true,\"valueName\":\"search_term_string\"}}],\"inLanguage\":\"ro-RO\"},{\"@type\":\"Organization\",\"@id\":\"https:\/\/hospibath.it\/ro\/#organization\",\"name\":\"HospiBath\",\"url\":\"https:\/\/hospibath.it\/ro\/\",\"logo\":{\"@type\":\"ImageObject\",\"inLanguage\":\"ro-RO\",\"@id\":\"https:\/\/hospibath.it\/ro\/#\/schema\/logo\/image\/\",\"url\":\"https:\/\/hospibath.it\/wp-content\/uploads\/2024\/05\/logo_hospibat_small.jpg\",\"contentUrl\":\"https:\/\/hospibath.it\/wp-content\/uploads\/2024\/05\/logo_hospibat_small.jpg\",\"width\":283,\"height\":86,\"caption\":\"HospiBath\"},\"image\":{\"@id\":\"https:\/\/hospibath.it\/ro\/#\/schema\/logo\/image\/\"},\"sameAs\":[\"https:\/\/www.facebook.com\/kango.mall.italy\/\",\"https:\/\/www.instagram.com\/hospibath\/\",\"https:\/\/it.pinterest.com\/HospiBath\/\"]}]}<\/script>\n<!-- \/ Yoast SEO plugin. -->","yoast_head_json":{"title":"RAFTURI PENTRU DU\u0218 - HospiBath","robots":{"index":"index","follow":"follow","max-snippet":"max-snippet:-1","max-image-preview":"max-image-preview:large","max-video-preview":"max-video-preview:-1"},"canonical":"https:\/\/hospibath.it\/ro\/rafturi-pentru-dus\/","og_locale":"ro_RO","og_type":"article","og_title":"Rafturi si coltare pentru cabina de dus","og_description":"Rafturile de dus, unit\u0103\u021bile de col\u021b \u0219i suporturile sunt elemente esen\u021biale pentru optimizarea spa\u021biului \u0219i \u00eembun\u0103t\u0103\u021birea func\u021bionalit\u0103\u021bii unei b\u0103i de hotel. Rafturile de dus sunt concepute pentru a fi instalate \u00een interiorul cabinei de du\u0219 sau pe perete sau pe geamul dusului. De asemenea, ofer\u0103...","og_url":"https:\/\/hospibath.it\/ro\/rafturi-pentru-dus\/","og_site_name":"HospiBath","article_publisher":"https:\/\/www.facebook.com\/kango.mall.italy\/","article_modified_time":"2025-05-29T20:20:56+00:00","og_image":[{"url":"https:\/\/hospibath.it\/wp-content\/uploads\/2025\/05\/mensole-ottone-per-vetro-doccia-fornitore-hotel-hospibath-216x300.jpg","type":"","width":"","height":""}],"twitter_card":"summary_large_image","twitter_misc":{"Timp estimat pentru citire":"2 minute"},"schema":{"@context":"https:\/\/schema.org","@graph":[{"@type":"WebPage","@id":"https:\/\/hospibath.it\/ro\/rafturi-pentru-dus\/","url":"https:\/\/hospibath.it\/ro\/rafturi-pentru-dus\/","name":"RAFTURI PENTRU DU\u0218 - HospiBath","isPartOf":{"@id":"https:\/\/hospibath.it\/ro\/#website"},"primaryImageOfPage":{"@id":"https:\/\/hospibath.it\/ro\/rafturi-pentru-dus\/#primaryimage"},"image":{"@id":"https:\/\/hospibath.it\/ro\/rafturi-pentru-dus\/#primaryimage"},"thumbnailUrl":"https:\/\/hospibath.it\/wp-content\/uploads\/2025\/05\/set-completo-soffione-doccia-con-braccio-modello-quadrato-fornitore-hospibath.jpg","datePublished":"2025-05-24T16:56:24+00:00","dateModified":"2025-05-29T20:20:56+00:00","breadcrumb":{"@id":"https:\/\/hospibath.it\/ro\/rafturi-pentru-dus\/#breadcrumb"},"inLanguage":"ro-RO","potentialAction":[{"@type":"ReadAction","target":["https:\/\/hospibath.it\/ro\/rafturi-pentru-dus\/"]}]},{"@type":"ImageObject","inLanguage":"ro-RO","@id":"https:\/\/hospibath.it\/ro\/rafturi-pentru-dus\/#primaryimage","url":"https:\/\/hospibath.it\/wp-content\/uploads\/2025\/05\/set-completo-soffione-doccia-con-braccio-modello-quadrato-fornitore-hospibath.jpg","contentUrl":"https:\/\/hospibath.it\/wp-content\/uploads\/2025\/05\/set-completo-soffione-doccia-con-braccio-modello-quadrato-fornitore-hospibath.jpg","width":1024,"height":724},{"@type":"BreadcrumbList","@id":"https:\/\/hospibath.it\/ro\/rafturi-pentru-dus\/#breadcrumb","itemListElement":[{"@type":"ListItem","position":1,"name":"Home","item":"https:\/\/hospibath.it\/ro\/"},{"@type":"ListItem","position":2,"name":"RAFTURI PENTRU DU\u0218"}]},{"@type":"WebSite","@id":"https:\/\/hospibath.it\/ro\/#website","url":"https:\/\/hospibath.it\/ro\/","name":"HospiBath","description":"Hotel&amp;Bathroom","publisher":{"@id":"https:\/\/hospibath.it\/ro\/#organization"},"potentialAction":[{"@type":"SearchAction","target":{"@type":"EntryPoint","urlTemplate":"https:\/\/hospibath.it\/ro\/?s={search_term_string}"},"query-input":{"@type":"PropertyValueSpecification","valueRequired":true,"valueName":"search_term_string"}}],"inLanguage":"ro-RO"},{"@type":"Organization","@id":"https:\/\/hospibath.it\/ro\/#organization","name":"HospiBath","url":"https:\/\/hospibath.it\/ro\/","logo":{"@type":"ImageObject","inLanguage":"ro-RO","@id":"https:\/\/hospibath.it\/ro\/#\/schema\/logo\/image\/","url":"https:\/\/hospibath.it\/wp-content\/uploads\/2024\/05\/logo_hospibat_small.jpg","contentUrl":"https:\/\/hospibath.it\/wp-content\/uploads\/2024\/05\/logo_hospibat_small.jpg","width":283,"height":86,"caption":"HospiBath"},"image":{"@id":"https:\/\/hospibath.it\/ro\/#\/schema\/logo\/image\/"},"sameAs":["https:\/\/www.facebook.com\/kango.mall.italy\/","https:\/\/www.instagram.com\/hospibath\/","https:\/\/it.pinterest.com\/HospiBath\/"]}]}},"_links":{"self":[{"href":"https:\/\/hospibath.it\/ro\/wp-json\/wp\/v2\/pages\/16748","targetHints":{"allow":["GET"]}}],"collection":[{"href":"https:\/\/hospibath.it\/ro\/wp-json\/wp\/v2\/pages"}],"about":[{"href":"https:\/\/hospibath.it\/ro\/wp-json\/wp\/v2\/types\/page"}],"author":[{"embeddable":true,"href":"https:\/\/hospibath.it\/ro\/wp-json\/wp\/v2\/users\/3"}],"replies":[{"embeddable":true,"href":"https:\/\/hospibath.it\/ro\/wp-json\/wp\/v2\/comments?post=16748"}],"version-history":[{"count":1,"href":"https:\/\/hospibath.it\/ro\/wp-json\/wp\/v2\/pages\/16748\/revisions"}],"predecessor-version":[{"id":16749,"href":"https:\/\/hospibath.it\/ro\/wp-json\/wp\/v2\/pages\/16748\/revisions\/16749"}],"wp:featuredmedia":[{"embeddable":true,"href":"https:\/\/hospibath.it\/ro\/wp-json\/wp\/v2\/media\/16389"}],"wp:attachment":[{"href":"https:\/\/hospibath.it\/ro\/wp-json\/wp\/v2\/media?parent=16748"}],"curies":[{"name":"wp","href":"https:\/\/api.w.org\/{rel}","templated":true}]}}