{"id":16750,"date":"2025-05-24T18:50:16","date_gmt":"2025-05-24T18:50:16","guid":{"rendered":"https:\/\/hospibath.it\/accesorii-de-baie\/"},"modified":"2025-05-29T20:33:08","modified_gmt":"2025-05-29T20:33:08","slug":"accesorii-de-baie","status":"publish","type":"page","link":"https:\/\/hospibath.it\/ro\/accesorii-de-baie\/","title":{"rendered":"ACCESORII DE BAIE"},"content":{"rendered":"\n<p><strong>Accesoriile pentru baie<\/strong> sunt elemente esen\u021biale pentru a asigura func\u021bionalitatea, <strong>caracterul practic \u0219i un aspect \u00eengrijit<\/strong> \u00een interiorul b\u0103ilor hoteliere. <\/p>\n\n<p>Printre cele mai comune se num\u0103r\u0103 <strong>suportul pentru prosoape, suportul pentru h\u00e2rtia igienica, suport de haine, dozatoarele \u0219i alte suporturi utile.<\/strong><\/p>\n\n<p><br\/><strong>Suportul pentru prosoape<\/strong> permite oaspe\u021bilor s\u0103 aib\u0103 la \u00eendem\u00e2n\u0103 prosoape curate \u0219i bine organizate, contribuind astfel la men\u021binerea unui mediu ordonat \u0219i func\u021bional.<br\/><strong>Suportul pentru h\u00e2rtie igienica <\/strong>este esen\u021bial pentru a asigura accesul facil la h\u00e2rtia igienic\u0103, men\u021bin\u00e2nd-o mereu \u00een ordine \u0219i u\u0219or de \u00eenlocuit.<br\/>Alte accesorii, cum ar fi <strong>suporturile de haine, dozatoare de s\u0103pun, suporturi pentru prosoape montate pe perete<\/strong>, completeaz\u0103 spa\u021biul, oferind caracter practic \u0219i \u00eembun\u0103t\u0103\u021bind experien\u021ba oaspe\u021bilor.<\/p>\n\n<p><br\/><strong>Motive pentru a alege accesoriile noastre pentru baie:<\/strong><br\/>&#8211; <strong>Practicitate \u0219i organizare<\/strong>: v\u0103 permit s\u0103 p\u0103stra\u021bi baia ordonat\u0103, av\u00e2nd obiectele esen\u021biale mereu la \u00eendem\u00e2n\u0103<br\/>&#8211; <strong>Estetic\u0103 \u0219i design<\/strong>: suporturile \u0219i accesoriile de calitate se integreaz\u0103 cu mobilierul, oferind un aspect modern, profesional \u0219i atent la detalii.<br\/>&#8211; <strong>Durabilitate \u0219i fiabilitate:<\/strong> fabricate din materiale rezistente la umiditate, coroziune \u0219i uzur\u0103, sunt ideale pentru medii cu trafic intens, cum ar fi hotelurile si structurile de cazare.<br\/>&#8211; <strong>U\u0219urin\u021b\u0103 \u00een instalare \u0219i \u00eentre\u021binere:<\/strong> componente u\u0219or de asamblat, cur\u0103\u021bat \u0219i \u00eenlocuit, asigur\u00e2nd o func\u021bionare optim\u0103 \u00een timp.<br\/>&#8211; <strong>Siguran\u021b\u0103:<\/strong> Suporturile robuste \u0219i fix\u0103rile sigure previn c\u0103derile accidentale sau spargerea, contribuind la siguran\u021ba oaspe\u021bilor.<br\/>&#8211; <strong>Optimizarea spa\u021biului:<\/strong> ajut\u0103 la valorificarea la maximum a pere\u021bilor \u0219i a spa\u021biilor disponibile, men\u021bin\u00e2nd baia ordonat\u0103 \u0219i func\u021bional\u0103.<br\/>&#8211;<strong> Sustenabilitate<\/strong>: concepute pentru a rezista mult timp, reduc\u00e2nd nevoia de \u00eenlocuiri frecvente \u0219i contribuind la sustenabilitatea mediului.<\/p>\n\n<p><br\/><strong>Iat\u0103 c\u00e2teva dintre propunerile noastre, contacta\u021bi-ne pentru orice solicitare sau informa\u021bie.<\/strong><\/p>\n\n<div style=\"height:50px\" aria-hidden=\"true\" class=\"wp-block-spacer\"><\/div>\n\n<div class=\"wp-block-group\"><div class=\"wp-block-group__inner-container is-layout-constrained wp-block-group-is-layout-constrained\">\n<div class=\"wp-block-group\"><div class=\"wp-block-group__inner-container is-layout-constrained wp-block-group-is-layout-constrained\">\n<div class=\"wp-block-columns is-layout-flex wp-container-core-columns-is-layout-9d6595d7 wp-block-columns-is-layout-flex\">\n<div class=\"wp-block-column is-layout-flow wp-block-column-is-layout-flow\" style=\"flex-basis:100%\">\n<div class=\"wp-block-group is-nowrap is-layout-flex wp-container-core-group-is-layout-ad2f72ca wp-block-group-is-layout-flex\">\n<figure class=\"wp-block-gallery has-nested-images columns-default wp-block-gallery-1 is-layout-flex wp-block-gallery-is-layout-flex\">\n<figure class=\"wp-block-image size-full\"><a href=\"https:\/\/hospibath.it\/wp-content\/uploads\/2025\/05\/accessori-bagno-porta-salviette-dispenser-sapone-fornitore-hospibath.jpg\"><img loading=\"lazy\" decoding=\"async\" width=\"667\" height=\"1000\" data-id=\"16543\" src=\"https:\/\/hospibath.it\/wp-content\/uploads\/2025\/05\/accessori-bagno-porta-salviette-dispenser-sapone-fornitore-hospibath.jpg\" alt=\"\" class=\"wp-image-16543\" srcset=\"https:\/\/hospibath.it\/wp-content\/uploads\/2025\/05\/accessori-bagno-porta-salviette-dispenser-sapone-fornitore-hospibath.jpg 667w, https:\/\/hospibath.it\/wp-content\/uploads\/2025\/05\/accessori-bagno-porta-salviette-dispenser-sapone-fornitore-hospibath-200x300.jpg 200w\" sizes=\"auto, (max-width: 667px) 100vw, 667px\" \/><\/a><\/figure>\n\n\n\n<figure class=\"wp-block-image size-full\"><a href=\"https:\/\/hospibath.it\/wp-content\/uploads\/2025\/05\/accessori-bagno-oro-con-cristalli-swarovski-forniture-hotel-hospibath.jpg\"><img loading=\"lazy\" decoding=\"async\" width=\"2048\" height=\"1507\" data-id=\"16546\" src=\"https:\/\/hospibath.it\/wp-content\/uploads\/2025\/05\/accessori-bagno-oro-con-cristalli-swarovski-forniture-hotel-hospibath.jpg\" alt=\"\" class=\"wp-image-16546\" srcset=\"https:\/\/hospibath.it\/wp-content\/uploads\/2025\/05\/accessori-bagno-oro-con-cristalli-swarovski-forniture-hotel-hospibath.jpg 2048w, https:\/\/hospibath.it\/wp-content\/uploads\/2025\/05\/accessori-bagno-oro-con-cristalli-swarovski-forniture-hotel-hospibath-300x221.jpg 300w, https:\/\/hospibath.it\/wp-content\/uploads\/2025\/05\/accessori-bagno-oro-con-cristalli-swarovski-forniture-hotel-hospibath-1024x754.jpg 1024w, https:\/\/hospibath.it\/wp-content\/uploads\/2025\/05\/accessori-bagno-oro-con-cristalli-swarovski-forniture-hotel-hospibath-768x565.jpg 768w, https:\/\/hospibath.it\/wp-content\/uploads\/2025\/05\/accessori-bagno-oro-con-cristalli-swarovski-forniture-hotel-hospibath-1536x1130.jpg 1536w, https:\/\/hospibath.it\/wp-content\/uploads\/2025\/05\/accessori-bagno-oro-con-cristalli-swarovski-forniture-hotel-hospibath-700x515.jpg 700w\" sizes=\"auto, (max-width: 2048px) 100vw, 2048px\" \/><\/a><\/figure>\n\n\n\n<figure class=\"wp-block-image size-full\"><a href=\"https:\/\/hospibath.it\/wp-content\/uploads\/2025\/05\/accessori-bagno-bagno-hotel-fornitore-bagno-hospibath.jpg\"><img loading=\"lazy\" decoding=\"async\" width=\"670\" height=\"1000\" data-id=\"16525\" src=\"https:\/\/hospibath.it\/wp-content\/uploads\/2025\/05\/accessori-bagno-bagno-hotel-fornitore-bagno-hospibath.jpg\" alt=\"\" class=\"wp-image-16525\" srcset=\"https:\/\/hospibath.it\/wp-content\/uploads\/2025\/05\/accessori-bagno-bagno-hotel-fornitore-bagno-hospibath.jpg 670w, https:\/\/hospibath.it\/wp-content\/uploads\/2025\/05\/accessori-bagno-bagno-hotel-fornitore-bagno-hospibath-201x300.jpg 201w\" sizes=\"auto, (max-width: 670px) 100vw, 670px\" \/><\/a><\/figure>\n\n\n\n<figure class=\"wp-block-image size-full\"><a href=\"https:\/\/hospibath.it\/wp-content\/uploads\/2025\/05\/accessori-bsgno-con-cristalli-swarovski-per-bagno-hotel-fornitore-hospibath.jpg\"><img loading=\"lazy\" decoding=\"async\" width=\"742\" height=\"1000\" data-id=\"16528\" src=\"https:\/\/hospibath.it\/wp-content\/uploads\/2025\/05\/accessori-bsgno-con-cristalli-swarovski-per-bagno-hotel-fornitore-hospibath.jpg\" alt=\"\" class=\"wp-image-16528\" srcset=\"https:\/\/hospibath.it\/wp-content\/uploads\/2025\/05\/accessori-bsgno-con-cristalli-swarovski-per-bagno-hotel-fornitore-hospibath.jpg 742w, https:\/\/hospibath.it\/wp-content\/uploads\/2025\/05\/accessori-bsgno-con-cristalli-swarovski-per-bagno-hotel-fornitore-hospibath-223x300.jpg 223w, https:\/\/hospibath.it\/wp-content\/uploads\/2025\/05\/accessori-bsgno-con-cristalli-swarovski-per-bagno-hotel-fornitore-hospibath-700x943.jpg 700w\" sizes=\"auto, (max-width: 742px) 100vw, 742px\" \/><\/a><\/figure>\n\n\n\n<figure class=\"wp-block-image size-full\"><a href=\"https:\/\/hospibath.it\/wp-content\/uploads\/2025\/05\/piantane-porta-rotolo-porta-salviette-per-bagno-albergo-hospibath.jpg\"><img loading=\"lazy\" decoding=\"async\" width=\"900\" height=\"608\" data-id=\"16531\" src=\"https:\/\/hospibath.it\/wp-content\/uploads\/2025\/05\/piantane-porta-rotolo-porta-salviette-per-bagno-albergo-hospibath.jpg\" alt=\"\" class=\"wp-image-16531\" srcset=\"https:\/\/hospibath.it\/wp-content\/uploads\/2025\/05\/piantane-porta-rotolo-porta-salviette-per-bagno-albergo-hospibath.jpg 900w, https:\/\/hospibath.it\/wp-content\/uploads\/2025\/05\/piantane-porta-rotolo-porta-salviette-per-bagno-albergo-hospibath-300x203.jpg 300w, https:\/\/hospibath.it\/wp-content\/uploads\/2025\/05\/piantane-porta-rotolo-porta-salviette-per-bagno-albergo-hospibath-768x519.jpg 768w, https:\/\/hospibath.it\/wp-content\/uploads\/2025\/05\/piantane-porta-rotolo-porta-salviette-per-bagno-albergo-hospibath-700x473.jpg 700w\" sizes=\"auto, (max-width: 900px) 100vw, 900px\" \/><\/a><\/figure>\n\n\n\n<figure class=\"wp-block-image size-full\"><a href=\"https:\/\/hospibath.it\/wp-content\/uploads\/2025\/05\/porta-salviette-bidet-accessori-bagno-hotel-hospibath.jpg\"><img loading=\"lazy\" decoding=\"async\" width=\"788\" height=\"1000\" data-id=\"16552\" src=\"https:\/\/hospibath.it\/wp-content\/uploads\/2025\/05\/porta-salviette-bidet-accessori-bagno-hotel-hospibath.jpg\" alt=\"\" class=\"wp-image-16552\" srcset=\"https:\/\/hospibath.it\/wp-content\/uploads\/2025\/05\/porta-salviette-bidet-accessori-bagno-hotel-hospibath.jpg 788w, https:\/\/hospibath.it\/wp-content\/uploads\/2025\/05\/porta-salviette-bidet-accessori-bagno-hotel-hospibath-236x300.jpg 236w, https:\/\/hospibath.it\/wp-content\/uploads\/2025\/05\/porta-salviette-bidet-accessori-bagno-hotel-hospibath-768x975.jpg 768w, https:\/\/hospibath.it\/wp-content\/uploads\/2025\/05\/porta-salviette-bidet-accessori-bagno-hotel-hospibath-700x888.jpg 700w\" sizes=\"auto, (max-width: 788px) 100vw, 788px\" \/><\/a><\/figure>\n\n\n\n<figure class=\"wp-block-image size-full\"><a href=\"https:\/\/hospibath.it\/wp-content\/uploads\/2025\/05\/dosatore-sapone-a-parete-accessori-bagno-per-hotel-fornitore-hospibath.jpg\"><img loading=\"lazy\" decoding=\"async\" width=\"825\" height=\"1000\" data-id=\"16549\" src=\"https:\/\/hospibath.it\/wp-content\/uploads\/2025\/05\/dosatore-sapone-a-parete-accessori-bagno-per-hotel-fornitore-hospibath.jpg\" alt=\"\" class=\"wp-image-16549\" srcset=\"https:\/\/hospibath.it\/wp-content\/uploads\/2025\/05\/dosatore-sapone-a-parete-accessori-bagno-per-hotel-fornitore-hospibath.jpg 825w, https:\/\/hospibath.it\/wp-content\/uploads\/2025\/05\/dosatore-sapone-a-parete-accessori-bagno-per-hotel-fornitore-hospibath-248x300.jpg 248w, https:\/\/hospibath.it\/wp-content\/uploads\/2025\/05\/dosatore-sapone-a-parete-accessori-bagno-per-hotel-fornitore-hospibath-768x931.jpg 768w, https:\/\/hospibath.it\/wp-content\/uploads\/2025\/05\/dosatore-sapone-a-parete-accessori-bagno-per-hotel-fornitore-hospibath-700x848.jpg 700w\" sizes=\"auto, (max-width: 825px) 100vw, 825px\" \/><\/a><\/figure>\n\n\n\n<figure class=\"wp-block-image size-full\"><a href=\"https:\/\/hospibath.it\/wp-content\/uploads\/2025\/05\/porta-scopino-da-parete-forniture-accessori-bagno-hotel-hospibath.jpg\"><img loading=\"lazy\" decoding=\"async\" width=\"686\" height=\"1000\" data-id=\"16540\" src=\"https:\/\/hospibath.it\/wp-content\/uploads\/2025\/05\/porta-scopino-da-parete-forniture-accessori-bagno-hotel-hospibath.jpg\" alt=\"\" class=\"wp-image-16540\" srcset=\"https:\/\/hospibath.it\/wp-content\/uploads\/2025\/05\/porta-scopino-da-parete-forniture-accessori-bagno-hotel-hospibath.jpg 686w, https:\/\/hospibath.it\/wp-content\/uploads\/2025\/05\/porta-scopino-da-parete-forniture-accessori-bagno-hotel-hospibath-206x300.jpg 206w\" sizes=\"auto, (max-width: 686px) 100vw, 686px\" \/><\/a><\/figure>\n\n\n\n<figure class=\"wp-block-image size-full\"><a href=\"https:\/\/hospibath.it\/wp-content\/uploads\/2025\/05\/porta-sapone-da-parete-per-bagno-hotel-resort-residence-fornitore-hospibath.jpg\"><img loading=\"lazy\" decoding=\"async\" width=\"1178\" height=\"611\" data-id=\"16537\" src=\"https:\/\/hospibath.it\/wp-content\/uploads\/2025\/05\/porta-sapone-da-parete-per-bagno-hotel-resort-residence-fornitore-hospibath.jpg\" alt=\"\" class=\"wp-image-16537\" srcset=\"https:\/\/hospibath.it\/wp-content\/uploads\/2025\/05\/porta-sapone-da-parete-per-bagno-hotel-resort-residence-fornitore-hospibath.jpg 1178w, https:\/\/hospibath.it\/wp-content\/uploads\/2025\/05\/porta-sapone-da-parete-per-bagno-hotel-resort-residence-fornitore-hospibath-300x156.jpg 300w, https:\/\/hospibath.it\/wp-content\/uploads\/2025\/05\/porta-sapone-da-parete-per-bagno-hotel-resort-residence-fornitore-hospibath-1024x531.jpg 1024w, https:\/\/hospibath.it\/wp-content\/uploads\/2025\/05\/porta-sapone-da-parete-per-bagno-hotel-resort-residence-fornitore-hospibath-768x398.jpg 768w, https:\/\/hospibath.it\/wp-content\/uploads\/2025\/05\/porta-sapone-da-parete-per-bagno-hotel-resort-residence-fornitore-hospibath-700x363.jpg 700w\" sizes=\"auto, (max-width: 1178px) 100vw, 1178px\" \/><\/a><\/figure>\n<\/figure>\n<\/div>\n<\/div>\n<\/div>\n<\/div><\/div>\n<\/div><\/div>\n\n<div style=\"height:50px\" aria-hidden=\"true\" class=\"wp-block-spacer\"><\/div>\n","protected":false},"excerpt":{"rendered":"<p>Accesoriile pentru baie sunt elemente esen\u021biale pentru a asigura func\u021bionalitatea, caracterul practic \u0219i un aspect \u00eengrijit \u00een interiorul b\u0103ilor hoteliere. Printre cele mai comune se num\u0103r\u0103 suportul pentru prosoape, suportul pentru h\u00e2rtia igienica, suport de haine, dozatoarele \u0219i alte suporturi utile. Suportul pentru prosoape permite&#8230;<\/p>\n","protected":false},"author":3,"featured_media":16389,"parent":0,"menu_order":0,"comment_status":"closed","ping_status":"closed","template":"","meta":{"footnotes":""},"class_list":["post-16750","page","type-page","status-publish","has-post-thumbnail","hentry"],"yoast_head":"<!-- This site is optimized with the Yoast SEO plugin v26.8 - https:\/\/yoast.com\/product\/yoast-seo-wordpress\/ -->\n<title>ACCESORII DE BAIE - HospiBath<\/title>\n<meta name=\"robots\" content=\"index, follow, max-snippet:-1, max-image-preview:large, max-video-preview:-1\" \/>\n<link rel=\"canonical\" href=\"https:\/\/hospibath.it\/ro\/accesorii-de-baie\/\" \/>\n<meta property=\"og:locale\" content=\"ro_RO\" \/>\n<meta property=\"og:type\" content=\"article\" \/>\n<meta property=\"og:title\" content=\"Accesorii pentru baie, suporturi pentru prosoape, suporturi pentru rola de h\u00e2rtie igienic\u0103, s\u0103puniere, pahare \u0219i dozatoare din alam\u0103 \u0219i o\u021bel.\" \/>\n<meta property=\"og:description\" content=\"Accesoriile pentru baie sunt elemente esen\u021biale pentru a asigura func\u021bionalitatea, caracterul practic \u0219i un aspect \u00eengrijit \u00een interiorul b\u0103ilor hoteliere. Printre cele mai comune se num\u0103r\u0103 suportul pentru prosoape, suportul pentru h\u00e2rtia igienica, suport de haine, dozatoarele \u0219i alte suporturi utile. Suportul pentru prosoape permite...\" \/>\n<meta property=\"og:url\" content=\"https:\/\/hospibath.it\/ro\/accesorii-de-baie\/\" \/>\n<meta property=\"og:site_name\" content=\"HospiBath\" \/>\n<meta property=\"article:publisher\" content=\"https:\/\/www.facebook.com\/kango.mall.italy\/\" \/>\n<meta property=\"article:modified_time\" content=\"2025-05-29T20:33:08+00:00\" \/>\n<meta property=\"og:image\" content=\"https:\/\/hospibath.it\/wp-content\/uploads\/2025\/05\/accessori-bagno-oro-con-cristalli-swarovski-forniture-hotel-hospibath-1024x754.jpg\" \/>\n<meta name=\"twitter:card\" content=\"summary_large_image\" \/>\n<meta name=\"twitter:label1\" content=\"Timp estimat pentru citire\" \/>\n\t<meta name=\"twitter:data1\" content=\"2 minute\" \/>\n<script type=\"application\/ld+json\" class=\"yoast-schema-graph\">{\"@context\":\"https:\/\/schema.org\",\"@graph\":[{\"@type\":\"WebPage\",\"@id\":\"https:\/\/hospibath.it\/ro\/accesorii-de-baie\/\",\"url\":\"https:\/\/hospibath.it\/ro\/accesorii-de-baie\/\",\"name\":\"ACCESORII DE BAIE - HospiBath\",\"isPartOf\":{\"@id\":\"https:\/\/hospibath.it\/ro\/#website\"},\"primaryImageOfPage\":{\"@id\":\"https:\/\/hospibath.it\/ro\/accesorii-de-baie\/#primaryimage\"},\"image\":{\"@id\":\"https:\/\/hospibath.it\/ro\/accesorii-de-baie\/#primaryimage\"},\"thumbnailUrl\":\"https:\/\/hospibath.it\/wp-content\/uploads\/2025\/05\/set-completo-soffione-doccia-con-braccio-modello-quadrato-fornitore-hospibath.jpg\",\"datePublished\":\"2025-05-24T18:50:16+00:00\",\"dateModified\":\"2025-05-29T20:33:08+00:00\",\"breadcrumb\":{\"@id\":\"https:\/\/hospibath.it\/ro\/accesorii-de-baie\/#breadcrumb\"},\"inLanguage\":\"ro-RO\",\"potentialAction\":[{\"@type\":\"ReadAction\",\"target\":[\"https:\/\/hospibath.it\/ro\/accesorii-de-baie\/\"]}]},{\"@type\":\"ImageObject\",\"inLanguage\":\"ro-RO\",\"@id\":\"https:\/\/hospibath.it\/ro\/accesorii-de-baie\/#primaryimage\",\"url\":\"https:\/\/hospibath.it\/wp-content\/uploads\/2025\/05\/set-completo-soffione-doccia-con-braccio-modello-quadrato-fornitore-hospibath.jpg\",\"contentUrl\":\"https:\/\/hospibath.it\/wp-content\/uploads\/2025\/05\/set-completo-soffione-doccia-con-braccio-modello-quadrato-fornitore-hospibath.jpg\",\"width\":1024,\"height\":724},{\"@type\":\"BreadcrumbList\",\"@id\":\"https:\/\/hospibath.it\/ro\/accesorii-de-baie\/#breadcrumb\",\"itemListElement\":[{\"@type\":\"ListItem\",\"position\":1,\"name\":\"Home\",\"item\":\"https:\/\/hospibath.it\/ro\/\"},{\"@type\":\"ListItem\",\"position\":2,\"name\":\"ACCESORII DE BAIE\"}]},{\"@type\":\"WebSite\",\"@id\":\"https:\/\/hospibath.it\/ro\/#website\",\"url\":\"https:\/\/hospibath.it\/ro\/\",\"name\":\"HospiBath\",\"description\":\"Hotel&amp;Bathroom\",\"publisher\":{\"@id\":\"https:\/\/hospibath.it\/ro\/#organization\"},\"potentialAction\":[{\"@type\":\"SearchAction\",\"target\":{\"@type\":\"EntryPoint\",\"urlTemplate\":\"https:\/\/hospibath.it\/ro\/?s={search_term_string}\"},\"query-input\":{\"@type\":\"PropertyValueSpecification\",\"valueRequired\":true,\"valueName\":\"search_term_string\"}}],\"inLanguage\":\"ro-RO\"},{\"@type\":\"Organization\",\"@id\":\"https:\/\/hospibath.it\/ro\/#organization\",\"name\":\"HospiBath\",\"url\":\"https:\/\/hospibath.it\/ro\/\",\"logo\":{\"@type\":\"ImageObject\",\"inLanguage\":\"ro-RO\",\"@id\":\"https:\/\/hospibath.it\/ro\/#\/schema\/logo\/image\/\",\"url\":\"https:\/\/hospibath.it\/wp-content\/uploads\/2024\/05\/logo_hospibat_small.jpg\",\"contentUrl\":\"https:\/\/hospibath.it\/wp-content\/uploads\/2024\/05\/logo_hospibat_small.jpg\",\"width\":283,\"height\":86,\"caption\":\"HospiBath\"},\"image\":{\"@id\":\"https:\/\/hospibath.it\/ro\/#\/schema\/logo\/image\/\"},\"sameAs\":[\"https:\/\/www.facebook.com\/kango.mall.italy\/\",\"https:\/\/www.instagram.com\/hospibath\/\",\"https:\/\/it.pinterest.com\/HospiBath\/\"]}]}<\/script>\n<!-- \/ Yoast SEO plugin. -->","yoast_head_json":{"title":"ACCESORII DE BAIE - HospiBath","robots":{"index":"index","follow":"follow","max-snippet":"max-snippet:-1","max-image-preview":"max-image-preview:large","max-video-preview":"max-video-preview:-1"},"canonical":"https:\/\/hospibath.it\/ro\/accesorii-de-baie\/","og_locale":"ro_RO","og_type":"article","og_title":"Accesorii pentru baie, suporturi pentru prosoape, suporturi pentru rola de h\u00e2rtie igienic\u0103, s\u0103puniere, pahare \u0219i dozatoare din alam\u0103 \u0219i o\u021bel.","og_description":"Accesoriile pentru baie sunt elemente esen\u021biale pentru a asigura func\u021bionalitatea, caracterul practic \u0219i un aspect \u00eengrijit \u00een interiorul b\u0103ilor hoteliere. Printre cele mai comune se num\u0103r\u0103 suportul pentru prosoape, suportul pentru h\u00e2rtia igienica, suport de haine, dozatoarele \u0219i alte suporturi utile. Suportul pentru prosoape permite...","og_url":"https:\/\/hospibath.it\/ro\/accesorii-de-baie\/","og_site_name":"HospiBath","article_publisher":"https:\/\/www.facebook.com\/kango.mall.italy\/","article_modified_time":"2025-05-29T20:33:08+00:00","og_image":[{"url":"https:\/\/hospibath.it\/wp-content\/uploads\/2025\/05\/accessori-bagno-oro-con-cristalli-swarovski-forniture-hotel-hospibath-1024x754.jpg","type":"","width":"","height":""}],"twitter_card":"summary_large_image","twitter_misc":{"Timp estimat pentru citire":"2 minute"},"schema":{"@context":"https:\/\/schema.org","@graph":[{"@type":"WebPage","@id":"https:\/\/hospibath.it\/ro\/accesorii-de-baie\/","url":"https:\/\/hospibath.it\/ro\/accesorii-de-baie\/","name":"ACCESORII DE BAIE - HospiBath","isPartOf":{"@id":"https:\/\/hospibath.it\/ro\/#website"},"primaryImageOfPage":{"@id":"https:\/\/hospibath.it\/ro\/accesorii-de-baie\/#primaryimage"},"image":{"@id":"https:\/\/hospibath.it\/ro\/accesorii-de-baie\/#primaryimage"},"thumbnailUrl":"https:\/\/hospibath.it\/wp-content\/uploads\/2025\/05\/set-completo-soffione-doccia-con-braccio-modello-quadrato-fornitore-hospibath.jpg","datePublished":"2025-05-24T18:50:16+00:00","dateModified":"2025-05-29T20:33:08+00:00","breadcrumb":{"@id":"https:\/\/hospibath.it\/ro\/accesorii-de-baie\/#breadcrumb"},"inLanguage":"ro-RO","potentialAction":[{"@type":"ReadAction","target":["https:\/\/hospibath.it\/ro\/accesorii-de-baie\/"]}]},{"@type":"ImageObject","inLanguage":"ro-RO","@id":"https:\/\/hospibath.it\/ro\/accesorii-de-baie\/#primaryimage","url":"https:\/\/hospibath.it\/wp-content\/uploads\/2025\/05\/set-completo-soffione-doccia-con-braccio-modello-quadrato-fornitore-hospibath.jpg","contentUrl":"https:\/\/hospibath.it\/wp-content\/uploads\/2025\/05\/set-completo-soffione-doccia-con-braccio-modello-quadrato-fornitore-hospibath.jpg","width":1024,"height":724},{"@type":"BreadcrumbList","@id":"https:\/\/hospibath.it\/ro\/accesorii-de-baie\/#breadcrumb","itemListElement":[{"@type":"ListItem","position":1,"name":"Home","item":"https:\/\/hospibath.it\/ro\/"},{"@type":"ListItem","position":2,"name":"ACCESORII DE BAIE"}]},{"@type":"WebSite","@id":"https:\/\/hospibath.it\/ro\/#website","url":"https:\/\/hospibath.it\/ro\/","name":"HospiBath","description":"Hotel&amp;Bathroom","publisher":{"@id":"https:\/\/hospibath.it\/ro\/#organization"},"potentialAction":[{"@type":"SearchAction","target":{"@type":"EntryPoint","urlTemplate":"https:\/\/hospibath.it\/ro\/?s={search_term_string}"},"query-input":{"@type":"PropertyValueSpecification","valueRequired":true,"valueName":"search_term_string"}}],"inLanguage":"ro-RO"},{"@type":"Organization","@id":"https:\/\/hospibath.it\/ro\/#organization","name":"HospiBath","url":"https:\/\/hospibath.it\/ro\/","logo":{"@type":"ImageObject","inLanguage":"ro-RO","@id":"https:\/\/hospibath.it\/ro\/#\/schema\/logo\/image\/","url":"https:\/\/hospibath.it\/wp-content\/uploads\/2024\/05\/logo_hospibat_small.jpg","contentUrl":"https:\/\/hospibath.it\/wp-content\/uploads\/2024\/05\/logo_hospibat_small.jpg","width":283,"height":86,"caption":"HospiBath"},"image":{"@id":"https:\/\/hospibath.it\/ro\/#\/schema\/logo\/image\/"},"sameAs":["https:\/\/www.facebook.com\/kango.mall.italy\/","https:\/\/www.instagram.com\/hospibath\/","https:\/\/it.pinterest.com\/HospiBath\/"]}]}},"_links":{"self":[{"href":"https:\/\/hospibath.it\/ro\/wp-json\/wp\/v2\/pages\/16750","targetHints":{"allow":["GET"]}}],"collection":[{"href":"https:\/\/hospibath.it\/ro\/wp-json\/wp\/v2\/pages"}],"about":[{"href":"https:\/\/hospibath.it\/ro\/wp-json\/wp\/v2\/types\/page"}],"author":[{"embeddable":true,"href":"https:\/\/hospibath.it\/ro\/wp-json\/wp\/v2\/users\/3"}],"replies":[{"embeddable":true,"href":"https:\/\/hospibath.it\/ro\/wp-json\/wp\/v2\/comments?post=16750"}],"version-history":[{"count":1,"href":"https:\/\/hospibath.it\/ro\/wp-json\/wp\/v2\/pages\/16750\/revisions"}],"predecessor-version":[{"id":16751,"href":"https:\/\/hospibath.it\/ro\/wp-json\/wp\/v2\/pages\/16750\/revisions\/16751"}],"wp:featuredmedia":[{"embeddable":true,"href":"https:\/\/hospibath.it\/ro\/wp-json\/wp\/v2\/media\/16389"}],"wp:attachment":[{"href":"https:\/\/hospibath.it\/ro\/wp-json\/wp\/v2\/media?parent=16750"}],"curies":[{"name":"wp","href":"https:\/\/api.w.org\/{rel}","templated":true}]}}