{"id":16754,"date":"2025-05-25T17:56:13","date_gmt":"2025-05-25T17:56:13","guid":{"rendered":"https:\/\/hospibath.it\/robinete-cu-dus-pentru-toaleta\/"},"modified":"2025-05-29T21:20:34","modified_gmt":"2025-05-29T21:20:34","slug":"robinete-cu-dus-pentru-toaleta","status":"publish","type":"page","link":"https:\/\/hospibath.it\/ro\/robinete-cu-dus-pentru-toaleta\/","title":{"rendered":"ROBINETE CU DU\u0218 PENTRU TOALET\u0102"},"content":{"rendered":"\n<p>O <strong>baterie de du\u0219 pentru toalet\u0103<\/strong> este folosita pentru <strong>cur\u0103\u021barea toaletei<\/strong>. Este o op\u021biune mai igienic\u0103 dec\u00e2t peria de toalet\u0103 tradi\u021bional\u0103, deoarece nu necesit\u0103 contact direct cu vasul de toalet\u0103.<br\/>De asemenea, fiind o alternativ\u0103 la peria de toalet\u0103 tradi\u021bional\u0103, ofer\u0103 o cur\u0103\u021bare mai eficient\u0103 \u0219i mai igienic\u0103, datorit\u0103<strong> jetului direct de ap\u0103.<\/strong><\/p>\n\n<p><br\/>Baterie noastre pentru curatarea toaletei sunt<strong> instrumente de \u00eenalt\u0103 calitate<\/strong>, concepute pentru a asigura cur\u0103\u021barea eficient\u0103, igienic\u0103 \u0219i de lung\u0103 durat\u0103 a <strong>toaletelor<\/strong> din hoteluri \u0219i unit\u0103\u021bi de cazare.<br\/>Fabricate din <strong>materiale rezistente, <\/strong>cum ar fi alama \u0219i polipropilena, acestea sunt concepute pentru a rezista la utilizarea zilnic\u0103 \u00een opera\u021biunile de cur\u0103\u021bare.<br\/>Dusul este <strong>conectat la sistemul de instala\u021bii sanitare<\/strong> \u0219i furnizeaz\u0103 printr-un<strong> jet de ap\u0103 puternic \u0219i precis.<\/strong><\/p>\n\n<p><\/p>\n\n<p>Poate fi montat pe perete, \u00eencorporat sau ascuns.<\/p>\n\n<p>Este o op\u021biune mai igienic\u0103 dec\u00e2t peria de toalet\u0103 tradi\u021bional\u0103, deoarece<strong> nu necesit\u0103 contact direct cu toaleta.<\/strong><\/p>\n\n<p><\/p>\n\n<p><strong>De ce s\u0103 alege\u021bi bateriile noastre pentru curatirea toaletei \u00een locul periilor obi\u0219nuite?<\/strong><br\/>&#8211; <strong>Igien\u0103 sporit\u0103<\/strong>: robinetele cu dus sunt concepute pentru a fi u\u0219or cur\u0103\u021bate \u0219i dezinfectate,<strong> reduc\u00e2nd riscul acumul\u0103rii de bacterii,<\/strong> mucegai \u0219i mirosuri nepl\u0103cute \u00een compara\u021bie cu periile tradi\u021bionale.<br\/>&#8211; <strong>Design profesional \u0219i igienic<\/strong>: concepute pentru medii publice \u0219i unit\u0103\u021bi hoteliere, acestea ofer\u0103 un aspect mai rafinat, curat \u0219i profesional dec\u00e2t periile conven\u021bionale.<br\/>&#8211; <strong>Rezisten\u021b\u0103 \u0219i durabilitate<\/strong>: fabricate din materiale de \u00eenalt\u0103 calitate, acestea rezist\u0103 uzurii, garant\u00e2nd o <strong>investi\u021bie de lung\u0103 durat\u0103.<\/strong><br\/>&#8211; <strong>U\u0219urin\u021b\u0103 \u00een \u00eentre\u021binere<\/strong>: datorit\u0103 sistemelor de fixare \u0219i recipientelor speciale, sunt u\u0219or de dezinfectat, de \u00eenlocuit piesele de schimb \u0219i de men\u021binut standarde ridicate de igien\u0103.<\/p>\n\n<p>&#8211; <strong>Eficien\u021b\u0103 \u00een cur\u0103\u021bare<\/strong>: fiind mult mai eficient\u0103, datorit\u0103 unui jet puternic \u0219i precis de ap\u0103 rece, capabil s\u0103 <strong>\u00eendep\u0103rteze complet murd\u0103ria<\/strong> din vasul de toalet\u0103.<br\/>&#8211;<strong> Respectarea reglement\u0103rilor<\/strong>: bateriile noastre respect\u0103 reglement\u0103rile de siguran\u021b\u0103 \u0219i igien\u0103, fiind ideale pentru mediile publice \u0219i unit\u0103\u021bile de cazare care trebuie s\u0103 \u00eendeplineasc\u0103 standarde \u00eenalte.<\/p>\n\n<p><\/p>\n\n<p><br\/><strong>Iat\u0103 c\u00e2teva dintre propunerile noastre, contacta\u021bi-ne pentru orice solicitare sau informa\u021bie.<\/strong><\/p>\n\n<div style=\"height:50px\" aria-hidden=\"true\" class=\"wp-block-spacer\"><\/div>\n\n<div class=\"wp-block-group\"><div class=\"wp-block-group__inner-container is-layout-constrained wp-block-group-is-layout-constrained\">\n<figure class=\"wp-block-gallery has-nested-images columns-default wp-block-gallery-1 is-layout-flex wp-block-gallery-is-layout-flex\">\n<figure class=\"wp-block-image size-full\"><a href=\"https:\/\/hospibath.it\/wp-content\/uploads\/2025\/05\/idroscopino-doccia-igienica-rubinetti-per-wc-fornitore-hospibath.jpg\"><img loading=\"lazy\" decoding=\"async\" width=\"669\" height=\"900\" data-id=\"16613\" src=\"https:\/\/hospibath.it\/wp-content\/uploads\/2025\/05\/idroscopino-doccia-igienica-rubinetti-per-wc-fornitore-hospibath.jpg\" alt=\"\" class=\"wp-image-16613\" srcset=\"https:\/\/hospibath.it\/wp-content\/uploads\/2025\/05\/idroscopino-doccia-igienica-rubinetti-per-wc-fornitore-hospibath.jpg 669w, https:\/\/hospibath.it\/wp-content\/uploads\/2025\/05\/idroscopino-doccia-igienica-rubinetti-per-wc-fornitore-hospibath-223x300.jpg 223w\" sizes=\"auto, (max-width: 669px) 100vw, 669px\" \/><\/a><\/figure>\n\n\n\n<figure class=\"wp-block-image size-full\"><a href=\"https:\/\/hospibath.it\/wp-content\/uploads\/2025\/05\/idroscopino-pulizia-wc-strumenti-pulizia-sanitari-hotel-fornitore-hospibath.jpg\"><img loading=\"lazy\" decoding=\"async\" width=\"740\" height=\"900\" data-id=\"16616\" src=\"https:\/\/hospibath.it\/wp-content\/uploads\/2025\/05\/idroscopino-pulizia-wc-strumenti-pulizia-sanitari-hotel-fornitore-hospibath.jpg\" alt=\"\" class=\"wp-image-16616\" srcset=\"https:\/\/hospibath.it\/wp-content\/uploads\/2025\/05\/idroscopino-pulizia-wc-strumenti-pulizia-sanitari-hotel-fornitore-hospibath.jpg 740w, https:\/\/hospibath.it\/wp-content\/uploads\/2025\/05\/idroscopino-pulizia-wc-strumenti-pulizia-sanitari-hotel-fornitore-hospibath-247x300.jpg 247w, https:\/\/hospibath.it\/wp-content\/uploads\/2025\/05\/idroscopino-pulizia-wc-strumenti-pulizia-sanitari-hotel-fornitore-hospibath-700x851.jpg 700w\" sizes=\"auto, (max-width: 740px) 100vw, 740px\" \/><\/a><\/figure>\n\n\n\n<figure class=\"wp-block-image size-full\"><a href=\"https:\/\/hospibath.it\/wp-content\/uploads\/2025\/05\/doccia-igienica-idroscopino-rubinetti-bagno-hotel-fornitore-hospibath.jpg\"><img loading=\"lazy\" decoding=\"async\" width=\"525\" height=\"800\" data-id=\"16598\" src=\"https:\/\/hospibath.it\/wp-content\/uploads\/2025\/05\/doccia-igienica-idroscopino-rubinetti-bagno-hotel-fornitore-hospibath.jpg\" alt=\"\" class=\"wp-image-16598\" srcset=\"https:\/\/hospibath.it\/wp-content\/uploads\/2025\/05\/doccia-igienica-idroscopino-rubinetti-bagno-hotel-fornitore-hospibath.jpg 525w, https:\/\/hospibath.it\/wp-content\/uploads\/2025\/05\/doccia-igienica-idroscopino-rubinetti-bagno-hotel-fornitore-hospibath-197x300.jpg 197w\" sizes=\"auto, (max-width: 525px) 100vw, 525px\" \/><\/a><\/figure>\n\n\n\n<figure class=\"wp-block-image size-full\"><a href=\"https:\/\/hospibath.it\/wp-content\/uploads\/2025\/05\/idroscopino-igienico-per-pulizia-wc-negli-hotel-e-strutture-ricettive-hospibath.jpg\"><img loading=\"lazy\" decoding=\"async\" width=\"594\" height=\"900\" data-id=\"16604\" src=\"https:\/\/hospibath.it\/wp-content\/uploads\/2025\/05\/idroscopino-igienico-per-pulizia-wc-negli-hotel-e-strutture-ricettive-hospibath.jpg\" alt=\"\" class=\"wp-image-16604\" srcset=\"https:\/\/hospibath.it\/wp-content\/uploads\/2025\/05\/idroscopino-igienico-per-pulizia-wc-negli-hotel-e-strutture-ricettive-hospibath.jpg 594w, https:\/\/hospibath.it\/wp-content\/uploads\/2025\/05\/idroscopino-igienico-per-pulizia-wc-negli-hotel-e-strutture-ricettive-hospibath-198x300.jpg 198w\" sizes=\"auto, (max-width: 594px) 100vw, 594px\" \/><\/a><\/figure>\n\n\n\n<figure class=\"wp-block-image size-full\"><a href=\"https:\/\/hospibath.it\/wp-content\/uploads\/2025\/05\/idroscopino-rubinetto-pulizia-water-hotel-igiene-e-sicurezza-hospibath.jpg\"><img loading=\"lazy\" decoding=\"async\" width=\"961\" height=\"599\" data-id=\"16607\" src=\"https:\/\/hospibath.it\/wp-content\/uploads\/2025\/05\/idroscopino-rubinetto-pulizia-water-hotel-igiene-e-sicurezza-hospibath.jpg\" alt=\"\" class=\"wp-image-16607\" srcset=\"https:\/\/hospibath.it\/wp-content\/uploads\/2025\/05\/idroscopino-rubinetto-pulizia-water-hotel-igiene-e-sicurezza-hospibath.jpg 961w, https:\/\/hospibath.it\/wp-content\/uploads\/2025\/05\/idroscopino-rubinetto-pulizia-water-hotel-igiene-e-sicurezza-hospibath-300x187.jpg 300w, https:\/\/hospibath.it\/wp-content\/uploads\/2025\/05\/idroscopino-rubinetto-pulizia-water-hotel-igiene-e-sicurezza-hospibath-768x479.jpg 768w, https:\/\/hospibath.it\/wp-content\/uploads\/2025\/05\/idroscopino-rubinetto-pulizia-water-hotel-igiene-e-sicurezza-hospibath-700x436.jpg 700w\" sizes=\"auto, (max-width: 961px) 100vw, 961px\" \/><\/a><\/figure>\n\n\n\n<figure class=\"wp-block-image size-full\"><a href=\"https:\/\/hospibath.it\/wp-content\/uploads\/2025\/05\/idroscopino-igienico-doccia-igienica-rubinetti-per-wc-fornitore-hospibath.jpg\"><img loading=\"lazy\" decoding=\"async\" width=\"675\" height=\"900\" data-id=\"16601\" src=\"https:\/\/hospibath.it\/wp-content\/uploads\/2025\/05\/idroscopino-igienico-doccia-igienica-rubinetti-per-wc-fornitore-hospibath.jpg\" alt=\"\" class=\"wp-image-16601\" srcset=\"https:\/\/hospibath.it\/wp-content\/uploads\/2025\/05\/idroscopino-igienico-doccia-igienica-rubinetti-per-wc-fornitore-hospibath.jpg 675w, https:\/\/hospibath.it\/wp-content\/uploads\/2025\/05\/idroscopino-igienico-doccia-igienica-rubinetti-per-wc-fornitore-hospibath-225x300.jpg 225w, https:\/\/hospibath.it\/wp-content\/uploads\/2025\/05\/idroscopino-igienico-doccia-igienica-rubinetti-per-wc-fornitore-hospibath-600x800.jpg 600w\" sizes=\"auto, (max-width: 675px) 100vw, 675px\" \/><\/a><\/figure>\n\n\n\n<figure class=\"wp-block-image size-full\"><a href=\"https:\/\/hospibath.it\/wp-content\/uploads\/2025\/05\/idroscopino-salitari-pulizia-wc-forniture-hotel-hospibath.jpg\"><img loading=\"lazy\" decoding=\"async\" width=\"1024\" height=\"1024\" data-id=\"16619\" src=\"https:\/\/hospibath.it\/wp-content\/uploads\/2025\/05\/idroscopino-salitari-pulizia-wc-forniture-hotel-hospibath.jpg\" alt=\"\" class=\"wp-image-16619\" srcset=\"https:\/\/hospibath.it\/wp-content\/uploads\/2025\/05\/idroscopino-salitari-pulizia-wc-forniture-hotel-hospibath.jpg 1024w, https:\/\/hospibath.it\/wp-content\/uploads\/2025\/05\/idroscopino-salitari-pulizia-wc-forniture-hotel-hospibath-300x300.jpg 300w, https:\/\/hospibath.it\/wp-content\/uploads\/2025\/05\/idroscopino-salitari-pulizia-wc-forniture-hotel-hospibath-150x150.jpg 150w, https:\/\/hospibath.it\/wp-content\/uploads\/2025\/05\/idroscopino-salitari-pulizia-wc-forniture-hotel-hospibath-768x768.jpg 768w, https:\/\/hospibath.it\/wp-content\/uploads\/2025\/05\/idroscopino-salitari-pulizia-wc-forniture-hotel-hospibath-570x570.jpg 570w, https:\/\/hospibath.it\/wp-content\/uploads\/2025\/05\/idroscopino-salitari-pulizia-wc-forniture-hotel-hospibath-500x500.jpg 500w, https:\/\/hospibath.it\/wp-content\/uploads\/2025\/05\/idroscopino-salitari-pulizia-wc-forniture-hotel-hospibath-1000x1000.jpg 1000w, https:\/\/hospibath.it\/wp-content\/uploads\/2025\/05\/idroscopino-salitari-pulizia-wc-forniture-hotel-hospibath-700x700.jpg 700w, https:\/\/hospibath.it\/wp-content\/uploads\/2025\/05\/idroscopino-salitari-pulizia-wc-forniture-hotel-hospibath-650x650.jpg 650w\" sizes=\"auto, (max-width: 1024px) 100vw, 1024px\" \/><\/a><\/figure>\n\n\n\n<figure class=\"wp-block-image size-full\"><a href=\"https:\/\/hospibath.it\/wp-content\/uploads\/2025\/05\/idroscopino-vaso-bagno-doccia-igienica-hotel-fornitore-hospibath.jpg\"><img loading=\"lazy\" decoding=\"async\" width=\"1024\" height=\"682\" data-id=\"16610\" src=\"https:\/\/hospibath.it\/wp-content\/uploads\/2025\/05\/idroscopino-vaso-bagno-doccia-igienica-hotel-fornitore-hospibath.jpg\" alt=\"\" class=\"wp-image-16610\" srcset=\"https:\/\/hospibath.it\/wp-content\/uploads\/2025\/05\/idroscopino-vaso-bagno-doccia-igienica-hotel-fornitore-hospibath.jpg 1024w, https:\/\/hospibath.it\/wp-content\/uploads\/2025\/05\/idroscopino-vaso-bagno-doccia-igienica-hotel-fornitore-hospibath-300x200.jpg 300w, https:\/\/hospibath.it\/wp-content\/uploads\/2025\/05\/idroscopino-vaso-bagno-doccia-igienica-hotel-fornitore-hospibath-768x512.jpg 768w, https:\/\/hospibath.it\/wp-content\/uploads\/2025\/05\/idroscopino-vaso-bagno-doccia-igienica-hotel-fornitore-hospibath-700x466.jpg 700w\" sizes=\"auto, (max-width: 1024px) 100vw, 1024px\" \/><\/a><\/figure>\n\n\n\n<figure class=\"wp-block-image size-full\"><a href=\"https:\/\/hospibath.it\/wp-content\/uploads\/2025\/05\/idroscopino-rubinetto-pulizia-water-hotel-igiene-e-sicurezza-fornitore-hospibath.jpg\"><img loading=\"lazy\" decoding=\"async\" width=\"1006\" height=\"1006\" data-id=\"16622\" src=\"https:\/\/hospibath.it\/wp-content\/uploads\/2025\/05\/idroscopino-rubinetto-pulizia-water-hotel-igiene-e-sicurezza-fornitore-hospibath.jpg\" alt=\"\" class=\"wp-image-16622\" srcset=\"https:\/\/hospibath.it\/wp-content\/uploads\/2025\/05\/idroscopino-rubinetto-pulizia-water-hotel-igiene-e-sicurezza-fornitore-hospibath.jpg 1006w, https:\/\/hospibath.it\/wp-content\/uploads\/2025\/05\/idroscopino-rubinetto-pulizia-water-hotel-igiene-e-sicurezza-fornitore-hospibath-300x300.jpg 300w, https:\/\/hospibath.it\/wp-content\/uploads\/2025\/05\/idroscopino-rubinetto-pulizia-water-hotel-igiene-e-sicurezza-fornitore-hospibath-150x150.jpg 150w, https:\/\/hospibath.it\/wp-content\/uploads\/2025\/05\/idroscopino-rubinetto-pulizia-water-hotel-igiene-e-sicurezza-fornitore-hospibath-768x768.jpg 768w, https:\/\/hospibath.it\/wp-content\/uploads\/2025\/05\/idroscopino-rubinetto-pulizia-water-hotel-igiene-e-sicurezza-fornitore-hospibath-570x570.jpg 570w, https:\/\/hospibath.it\/wp-content\/uploads\/2025\/05\/idroscopino-rubinetto-pulizia-water-hotel-igiene-e-sicurezza-fornitore-hospibath-500x500.jpg 500w, https:\/\/hospibath.it\/wp-content\/uploads\/2025\/05\/idroscopino-rubinetto-pulizia-water-hotel-igiene-e-sicurezza-fornitore-hospibath-1000x1000.jpg 1000w, https:\/\/hospibath.it\/wp-content\/uploads\/2025\/05\/idroscopino-rubinetto-pulizia-water-hotel-igiene-e-sicurezza-fornitore-hospibath-700x700.jpg 700w, https:\/\/hospibath.it\/wp-content\/uploads\/2025\/05\/idroscopino-rubinetto-pulizia-water-hotel-igiene-e-sicurezza-fornitore-hospibath-650x650.jpg 650w\" sizes=\"auto, (max-width: 1006px) 100vw, 1006px\" \/><\/a><\/figure>\n<\/figure>\n<\/div><\/div>\n\n<div style=\"height:50px\" aria-hidden=\"true\" class=\"wp-block-spacer\"><\/div>\n","protected":false},"excerpt":{"rendered":"<p>O baterie de du\u0219 pentru toalet\u0103 este folosita pentru cur\u0103\u021barea toaletei. Este o op\u021biune mai igienic\u0103 dec\u00e2t peria de toalet\u0103 tradi\u021bional\u0103, deoarece nu necesit\u0103 contact direct cu vasul de toalet\u0103.De asemenea, fiind o alternativ\u0103 la peria de toalet\u0103 tradi\u021bional\u0103, ofer\u0103 o cur\u0103\u021bare mai eficient\u0103 \u0219i&#8230;<\/p>\n","protected":false},"author":3,"featured_media":16389,"parent":0,"menu_order":0,"comment_status":"closed","ping_status":"closed","template":"","meta":{"footnotes":""},"class_list":["post-16754","page","type-page","status-publish","has-post-thumbnail","hentry"],"yoast_head":"<!-- This site is optimized with the Yoast SEO plugin v26.8 - https:\/\/yoast.com\/product\/yoast-seo-wordpress\/ -->\n<title>ROBINETE CU DU\u0218 PENTRU TOALET\u0102 - HospiBath<\/title>\n<meta name=\"robots\" content=\"index, follow, max-snippet:-1, max-image-preview:large, max-video-preview:-1\" \/>\n<link rel=\"canonical\" href=\"https:\/\/hospibath.it\/ro\/robinete-cu-dus-pentru-toaleta\/\" \/>\n<meta property=\"og:locale\" content=\"ro_RO\" \/>\n<meta property=\"og:type\" content=\"article\" \/>\n<meta property=\"og:title\" content=\"ROBINETE CU DU\u0218 PENTRU TOALET\u0102 - HospiBath\" \/>\n<meta property=\"og:description\" content=\"O baterie de du\u0219 pentru toalet\u0103 este folosita pentru cur\u0103\u021barea toaletei. Este o op\u021biune mai igienic\u0103 dec\u00e2t peria de toalet\u0103 tradi\u021bional\u0103, deoarece nu necesit\u0103 contact direct cu vasul de toalet\u0103.De asemenea, fiind o alternativ\u0103 la peria de toalet\u0103 tradi\u021bional\u0103, ofer\u0103 o cur\u0103\u021bare mai eficient\u0103 \u0219i...\" \/>\n<meta property=\"og:url\" content=\"https:\/\/hospibath.it\/ro\/robinete-cu-dus-pentru-toaleta\/\" \/>\n<meta property=\"og:site_name\" content=\"HospiBath\" \/>\n<meta property=\"article:publisher\" content=\"https:\/\/www.facebook.com\/kango.mall.italy\/\" \/>\n<meta property=\"article:modified_time\" content=\"2025-05-29T21:20:34+00:00\" \/>\n<meta property=\"og:image\" content=\"https:\/\/hospibath.it\/wp-content\/uploads\/2025\/05\/set-completo-soffione-doccia-con-braccio-modello-quadrato-fornitore-hospibath.jpg\" \/>\n\t<meta property=\"og:image:width\" content=\"1024\" \/>\n\t<meta property=\"og:image:height\" content=\"724\" \/>\n\t<meta property=\"og:image:type\" content=\"image\/jpeg\" \/>\n<meta name=\"twitter:card\" content=\"summary_large_image\" \/>\n<meta name=\"twitter:label1\" content=\"Timp estimat pentru citire\" \/>\n\t<meta name=\"twitter:data1\" content=\"2 minute\" \/>\n<script type=\"application\/ld+json\" class=\"yoast-schema-graph\">{\"@context\":\"https:\/\/schema.org\",\"@graph\":[{\"@type\":\"WebPage\",\"@id\":\"https:\/\/hospibath.it\/ro\/robinete-cu-dus-pentru-toaleta\/\",\"url\":\"https:\/\/hospibath.it\/ro\/robinete-cu-dus-pentru-toaleta\/\",\"name\":\"ROBINETE CU DU\u0218 PENTRU TOALET\u0102 - HospiBath\",\"isPartOf\":{\"@id\":\"https:\/\/hospibath.it\/ro\/#website\"},\"primaryImageOfPage\":{\"@id\":\"https:\/\/hospibath.it\/ro\/robinete-cu-dus-pentru-toaleta\/#primaryimage\"},\"image\":{\"@id\":\"https:\/\/hospibath.it\/ro\/robinete-cu-dus-pentru-toaleta\/#primaryimage\"},\"thumbnailUrl\":\"https:\/\/hospibath.it\/wp-content\/uploads\/2025\/05\/set-completo-soffione-doccia-con-braccio-modello-quadrato-fornitore-hospibath.jpg\",\"datePublished\":\"2025-05-25T17:56:13+00:00\",\"dateModified\":\"2025-05-29T21:20:34+00:00\",\"breadcrumb\":{\"@id\":\"https:\/\/hospibath.it\/ro\/robinete-cu-dus-pentru-toaleta\/#breadcrumb\"},\"inLanguage\":\"ro-RO\",\"potentialAction\":[{\"@type\":\"ReadAction\",\"target\":[\"https:\/\/hospibath.it\/ro\/robinete-cu-dus-pentru-toaleta\/\"]}]},{\"@type\":\"ImageObject\",\"inLanguage\":\"ro-RO\",\"@id\":\"https:\/\/hospibath.it\/ro\/robinete-cu-dus-pentru-toaleta\/#primaryimage\",\"url\":\"https:\/\/hospibath.it\/wp-content\/uploads\/2025\/05\/set-completo-soffione-doccia-con-braccio-modello-quadrato-fornitore-hospibath.jpg\",\"contentUrl\":\"https:\/\/hospibath.it\/wp-content\/uploads\/2025\/05\/set-completo-soffione-doccia-con-braccio-modello-quadrato-fornitore-hospibath.jpg\",\"width\":1024,\"height\":724},{\"@type\":\"BreadcrumbList\",\"@id\":\"https:\/\/hospibath.it\/ro\/robinete-cu-dus-pentru-toaleta\/#breadcrumb\",\"itemListElement\":[{\"@type\":\"ListItem\",\"position\":1,\"name\":\"Home\",\"item\":\"https:\/\/hospibath.it\/ro\/\"},{\"@type\":\"ListItem\",\"position\":2,\"name\":\"ROBINETE CU DU\u0218 PENTRU TOALET\u0102\"}]},{\"@type\":\"WebSite\",\"@id\":\"https:\/\/hospibath.it\/ro\/#website\",\"url\":\"https:\/\/hospibath.it\/ro\/\",\"name\":\"HospiBath\",\"description\":\"Hotel&amp;Bathroom\",\"publisher\":{\"@id\":\"https:\/\/hospibath.it\/ro\/#organization\"},\"potentialAction\":[{\"@type\":\"SearchAction\",\"target\":{\"@type\":\"EntryPoint\",\"urlTemplate\":\"https:\/\/hospibath.it\/ro\/?s={search_term_string}\"},\"query-input\":{\"@type\":\"PropertyValueSpecification\",\"valueRequired\":true,\"valueName\":\"search_term_string\"}}],\"inLanguage\":\"ro-RO\"},{\"@type\":\"Organization\",\"@id\":\"https:\/\/hospibath.it\/ro\/#organization\",\"name\":\"HospiBath\",\"url\":\"https:\/\/hospibath.it\/ro\/\",\"logo\":{\"@type\":\"ImageObject\",\"inLanguage\":\"ro-RO\",\"@id\":\"https:\/\/hospibath.it\/ro\/#\/schema\/logo\/image\/\",\"url\":\"https:\/\/hospibath.it\/wp-content\/uploads\/2024\/05\/logo_hospibat_small.jpg\",\"contentUrl\":\"https:\/\/hospibath.it\/wp-content\/uploads\/2024\/05\/logo_hospibat_small.jpg\",\"width\":283,\"height\":86,\"caption\":\"HospiBath\"},\"image\":{\"@id\":\"https:\/\/hospibath.it\/ro\/#\/schema\/logo\/image\/\"},\"sameAs\":[\"https:\/\/www.facebook.com\/kango.mall.italy\/\",\"https:\/\/www.instagram.com\/hospibath\/\",\"https:\/\/it.pinterest.com\/HospiBath\/\"]}]}<\/script>\n<!-- \/ Yoast SEO plugin. -->","yoast_head_json":{"title":"ROBINETE CU DU\u0218 PENTRU TOALET\u0102 - HospiBath","robots":{"index":"index","follow":"follow","max-snippet":"max-snippet:-1","max-image-preview":"max-image-preview:large","max-video-preview":"max-video-preview:-1"},"canonical":"https:\/\/hospibath.it\/ro\/robinete-cu-dus-pentru-toaleta\/","og_locale":"ro_RO","og_type":"article","og_title":"ROBINETE CU DU\u0218 PENTRU TOALET\u0102 - HospiBath","og_description":"O baterie de du\u0219 pentru toalet\u0103 este folosita pentru cur\u0103\u021barea toaletei. Este o op\u021biune mai igienic\u0103 dec\u00e2t peria de toalet\u0103 tradi\u021bional\u0103, deoarece nu necesit\u0103 contact direct cu vasul de toalet\u0103.De asemenea, fiind o alternativ\u0103 la peria de toalet\u0103 tradi\u021bional\u0103, ofer\u0103 o cur\u0103\u021bare mai eficient\u0103 \u0219i...","og_url":"https:\/\/hospibath.it\/ro\/robinete-cu-dus-pentru-toaleta\/","og_site_name":"HospiBath","article_publisher":"https:\/\/www.facebook.com\/kango.mall.italy\/","article_modified_time":"2025-05-29T21:20:34+00:00","og_image":[{"width":1024,"height":724,"url":"https:\/\/hospibath.it\/wp-content\/uploads\/2025\/05\/set-completo-soffione-doccia-con-braccio-modello-quadrato-fornitore-hospibath.jpg","type":"image\/jpeg"}],"twitter_card":"summary_large_image","twitter_misc":{"Timp estimat pentru citire":"2 minute"},"schema":{"@context":"https:\/\/schema.org","@graph":[{"@type":"WebPage","@id":"https:\/\/hospibath.it\/ro\/robinete-cu-dus-pentru-toaleta\/","url":"https:\/\/hospibath.it\/ro\/robinete-cu-dus-pentru-toaleta\/","name":"ROBINETE CU DU\u0218 PENTRU TOALET\u0102 - HospiBath","isPartOf":{"@id":"https:\/\/hospibath.it\/ro\/#website"},"primaryImageOfPage":{"@id":"https:\/\/hospibath.it\/ro\/robinete-cu-dus-pentru-toaleta\/#primaryimage"},"image":{"@id":"https:\/\/hospibath.it\/ro\/robinete-cu-dus-pentru-toaleta\/#primaryimage"},"thumbnailUrl":"https:\/\/hospibath.it\/wp-content\/uploads\/2025\/05\/set-completo-soffione-doccia-con-braccio-modello-quadrato-fornitore-hospibath.jpg","datePublished":"2025-05-25T17:56:13+00:00","dateModified":"2025-05-29T21:20:34+00:00","breadcrumb":{"@id":"https:\/\/hospibath.it\/ro\/robinete-cu-dus-pentru-toaleta\/#breadcrumb"},"inLanguage":"ro-RO","potentialAction":[{"@type":"ReadAction","target":["https:\/\/hospibath.it\/ro\/robinete-cu-dus-pentru-toaleta\/"]}]},{"@type":"ImageObject","inLanguage":"ro-RO","@id":"https:\/\/hospibath.it\/ro\/robinete-cu-dus-pentru-toaleta\/#primaryimage","url":"https:\/\/hospibath.it\/wp-content\/uploads\/2025\/05\/set-completo-soffione-doccia-con-braccio-modello-quadrato-fornitore-hospibath.jpg","contentUrl":"https:\/\/hospibath.it\/wp-content\/uploads\/2025\/05\/set-completo-soffione-doccia-con-braccio-modello-quadrato-fornitore-hospibath.jpg","width":1024,"height":724},{"@type":"BreadcrumbList","@id":"https:\/\/hospibath.it\/ro\/robinete-cu-dus-pentru-toaleta\/#breadcrumb","itemListElement":[{"@type":"ListItem","position":1,"name":"Home","item":"https:\/\/hospibath.it\/ro\/"},{"@type":"ListItem","position":2,"name":"ROBINETE CU DU\u0218 PENTRU TOALET\u0102"}]},{"@type":"WebSite","@id":"https:\/\/hospibath.it\/ro\/#website","url":"https:\/\/hospibath.it\/ro\/","name":"HospiBath","description":"Hotel&amp;Bathroom","publisher":{"@id":"https:\/\/hospibath.it\/ro\/#organization"},"potentialAction":[{"@type":"SearchAction","target":{"@type":"EntryPoint","urlTemplate":"https:\/\/hospibath.it\/ro\/?s={search_term_string}"},"query-input":{"@type":"PropertyValueSpecification","valueRequired":true,"valueName":"search_term_string"}}],"inLanguage":"ro-RO"},{"@type":"Organization","@id":"https:\/\/hospibath.it\/ro\/#organization","name":"HospiBath","url":"https:\/\/hospibath.it\/ro\/","logo":{"@type":"ImageObject","inLanguage":"ro-RO","@id":"https:\/\/hospibath.it\/ro\/#\/schema\/logo\/image\/","url":"https:\/\/hospibath.it\/wp-content\/uploads\/2024\/05\/logo_hospibat_small.jpg","contentUrl":"https:\/\/hospibath.it\/wp-content\/uploads\/2024\/05\/logo_hospibat_small.jpg","width":283,"height":86,"caption":"HospiBath"},"image":{"@id":"https:\/\/hospibath.it\/ro\/#\/schema\/logo\/image\/"},"sameAs":["https:\/\/www.facebook.com\/kango.mall.italy\/","https:\/\/www.instagram.com\/hospibath\/","https:\/\/it.pinterest.com\/HospiBath\/"]}]}},"_links":{"self":[{"href":"https:\/\/hospibath.it\/ro\/wp-json\/wp\/v2\/pages\/16754","targetHints":{"allow":["GET"]}}],"collection":[{"href":"https:\/\/hospibath.it\/ro\/wp-json\/wp\/v2\/pages"}],"about":[{"href":"https:\/\/hospibath.it\/ro\/wp-json\/wp\/v2\/types\/page"}],"author":[{"embeddable":true,"href":"https:\/\/hospibath.it\/ro\/wp-json\/wp\/v2\/users\/3"}],"replies":[{"embeddable":true,"href":"https:\/\/hospibath.it\/ro\/wp-json\/wp\/v2\/comments?post=16754"}],"version-history":[{"count":1,"href":"https:\/\/hospibath.it\/ro\/wp-json\/wp\/v2\/pages\/16754\/revisions"}],"predecessor-version":[{"id":16755,"href":"https:\/\/hospibath.it\/ro\/wp-json\/wp\/v2\/pages\/16754\/revisions\/16755"}],"wp:featuredmedia":[{"embeddable":true,"href":"https:\/\/hospibath.it\/ro\/wp-json\/wp\/v2\/media\/16389"}],"wp:attachment":[{"href":"https:\/\/hospibath.it\/ro\/wp-json\/wp\/v2\/media?parent=16754"}],"curies":[{"name":"wp","href":"https:\/\/api.w.org\/{rel}","templated":true}]}}