{"id":16756,"date":"2025-05-25T19:53:44","date_gmt":"2025-05-25T19:53:44","guid":{"rendered":"https:\/\/hospibath.it\/dusuri-igienice\/"},"modified":"2025-05-29T21:32:26","modified_gmt":"2025-05-29T21:32:26","slug":"dusuri-igienice","status":"publish","type":"page","link":"https:\/\/hospibath.it\/ro\/dusuri-igienice\/","title":{"rendered":"DU\u0218URI IGIENICE"},"content":{"rendered":"\n<p>Du\u0219ul igienic sau du\u0219ul bideu reprezint\u0103 solu\u021bia pentru cei care doresc s\u0103 \u00eenlocuiasc\u0103 sau s\u0103 completeze bideul cu un alt instrument pentru<strong> igiena intim\u0103.<\/strong><\/p>\n\n<p><br\/>Sunt dispozitive de \u00eenalt\u0103 calitate, concepute pentru a oferi o experien\u021b\u0103 superioar\u0103 de igien\u0103 \u0219i confort \u00een orice mediu.<br\/>Sunt fabricate din materiale rezistente \u0219i durabile, cum ar fi alama \u0219i polipropilena. Din acest motiv, garanteaz\u0103 fiabilitate \u0219i durat\u0103 lung\u0103 \u00een timp.<br\/>Caracterizate printr-un design modern \u0219i func\u021bional, du\u0219urile igienice sunt u\u0219or de instalat \u0219i de utilizat. <\/p>\n\n<p>Acestea ofer\u0103 un jet de ap\u0103 reglabil \u0219i o prindere ergonomic\u0103 pentru o utilizare confortabil\u0103.<br\/>De aceea, sunt ideale pentru b\u0103ile hotelurilor, unit\u0103\u021bile de cazare, centrele de wellness \u0219i alte medii \u00een care igiena \u0219i caracterul practic sunt esen\u021biale.<\/p>\n\n<p><br\/><strong>De ce s\u0103 alege\u021bi bateria noastr\u0103 igienic\u0103 de du\u0219 \u00een hoteluri:<\/strong><\/p>\n\n<p>&#8211;<strong> Confortul \u0219i satisfac\u021bia oaspe\u021bilor<\/strong>: oferirea unui serviciu superior de igien\u0103 contribuie la<strong> \u00eembun\u0103t\u0103\u021birea experien\u021bei sejurului<\/strong> \u0219i, prin urmare, consolideaz\u0103 imaginea profesional\u0103 \u0219i atent\u0103 a unit\u0103\u021bii dumneavoastr\u0103.<br\/>&#8211; <strong>Igiena personal\u0103 \u0219i caracterul practic <\/strong>sunt elemente cheie pentru succesul hotelului dumneavoastr\u0103, iar cu produsele noastre pute\u021bi oferi cel mai \u00eenalt standard de calitate \u0219i fiabilitate!<\/p>\n\n<p>&#8211;<strong> Igien\u0103 ridicat\u0103 \u0219i caracter practic<\/strong>: du\u0219ul igienic permite cl\u0103tirea \u0219i cur\u0103\u021barea intim\u0103 \u00eentr-un mod simplu \u0219i igienic, \u00eembun\u0103t\u0103\u021bind confortul oaspe\u021bilor.<\/p>\n\n<p>&#8211; <strong>Economie de spa\u021biu \u0219i func\u021bionalitate<\/strong>: combin\u00e2nd bateria tradi\u021bional\u0103 cu du\u0219ul igienic, ob\u021bine\u021bi un dispozitiv compact \u0219i multifunc\u021bional, ideal pentru b\u0103i mici, f\u0103r\u0103 a sacrifica caracterul practic.<\/p>\n\n<p>&#8211; <strong>U\u0219or de instalat \u0219i \u00eentre\u021binut<\/strong>: Produsele noastre sunt concepute pentru a fi u\u0219or de instalat \u0219i dezinfectat, cu componente de \u00eenalt\u0103 calitate care asigur\u0103 o durat\u0103 lung\u0103 \u0219i o func\u021bionare f\u0103r\u0103 probleme.<\/p>\n\n<p>&#8211; <strong>Respectarea reglement\u0103rilor de siguran\u021b\u0103 \u0219i igien\u0103:<\/strong> nu \u00een ultimul r\u00e2nd, du\u0219urile noastre igienice respect\u0103 reglement\u0103rile actuale, asigur\u00e2nd standarde ridicate de siguran\u021b\u0103 \u0219i igien\u0103 \u00een mediile publice si private.<\/p>\n\n<p><br\/><strong>Iat\u0103 c\u00e2teva dintre propunerile noastre, contacta\u021bi-ne pentru orice solicitare sau informa\u021bie.<\/strong><\/p>\n\n<div style=\"height:50px\" aria-hidden=\"true\" class=\"wp-block-spacer\"><\/div>\n\n<div class=\"wp-block-group\"><div class=\"wp-block-group__inner-container is-layout-constrained wp-block-group-is-layout-constrained\">\n<figure class=\"wp-block-gallery has-nested-images columns-default wp-block-gallery-1 is-layout-flex wp-block-gallery-is-layout-flex\">\n<figure class=\"wp-block-image size-full\"><a href=\"https:\/\/hospibath.it\/wp-content\/uploads\/2025\/05\/doccia-igienica-bidet-igiene-intima-ber-bagni-hotel-strutture-ricettive.jpg\"><img loading=\"lazy\" decoding=\"async\" width=\"1000\" height=\"1000\" data-id=\"16640\" src=\"https:\/\/hospibath.it\/wp-content\/uploads\/2025\/05\/doccia-igienica-bidet-igiene-intima-ber-bagni-hotel-strutture-ricettive.jpg\" alt=\"\" class=\"wp-image-16640\" srcset=\"https:\/\/hospibath.it\/wp-content\/uploads\/2025\/05\/doccia-igienica-bidet-igiene-intima-ber-bagni-hotel-strutture-ricettive.jpg 1000w, https:\/\/hospibath.it\/wp-content\/uploads\/2025\/05\/doccia-igienica-bidet-igiene-intima-ber-bagni-hotel-strutture-ricettive-300x300.jpg 300w, https:\/\/hospibath.it\/wp-content\/uploads\/2025\/05\/doccia-igienica-bidet-igiene-intima-ber-bagni-hotel-strutture-ricettive-150x150.jpg 150w, https:\/\/hospibath.it\/wp-content\/uploads\/2025\/05\/doccia-igienica-bidet-igiene-intima-ber-bagni-hotel-strutture-ricettive-768x768.jpg 768w, https:\/\/hospibath.it\/wp-content\/uploads\/2025\/05\/doccia-igienica-bidet-igiene-intima-ber-bagni-hotel-strutture-ricettive-570x570.jpg 570w, https:\/\/hospibath.it\/wp-content\/uploads\/2025\/05\/doccia-igienica-bidet-igiene-intima-ber-bagni-hotel-strutture-ricettive-500x500.jpg 500w, https:\/\/hospibath.it\/wp-content\/uploads\/2025\/05\/doccia-igienica-bidet-igiene-intima-ber-bagni-hotel-strutture-ricettive-700x700.jpg 700w, https:\/\/hospibath.it\/wp-content\/uploads\/2025\/05\/doccia-igienica-bidet-igiene-intima-ber-bagni-hotel-strutture-ricettive-650x650.jpg 650w\" sizes=\"auto, (max-width: 1000px) 100vw, 1000px\" \/><\/a><\/figure>\n\n\n\n<figure class=\"wp-block-image size-full\"><a href=\"https:\/\/hospibath.it\/wp-content\/uploads\/2025\/05\/doccia-igienica-ottone-per-bidet-fornitore-hotel-hospibath.jpg\"><img loading=\"lazy\" decoding=\"async\" width=\"1448\" height=\"1993\" data-id=\"16652\" src=\"https:\/\/hospibath.it\/wp-content\/uploads\/2025\/05\/doccia-igienica-ottone-per-bidet-fornitore-hotel-hospibath.jpg\" alt=\"\" class=\"wp-image-16652\" srcset=\"https:\/\/hospibath.it\/wp-content\/uploads\/2025\/05\/doccia-igienica-ottone-per-bidet-fornitore-hotel-hospibath.jpg 1448w, https:\/\/hospibath.it\/wp-content\/uploads\/2025\/05\/doccia-igienica-ottone-per-bidet-fornitore-hotel-hospibath-218x300.jpg 218w, https:\/\/hospibath.it\/wp-content\/uploads\/2025\/05\/doccia-igienica-ottone-per-bidet-fornitore-hotel-hospibath-744x1024.jpg 744w, https:\/\/hospibath.it\/wp-content\/uploads\/2025\/05\/doccia-igienica-ottone-per-bidet-fornitore-hotel-hospibath-768x1057.jpg 768w, https:\/\/hospibath.it\/wp-content\/uploads\/2025\/05\/doccia-igienica-ottone-per-bidet-fornitore-hotel-hospibath-1116x1536.jpg 1116w, https:\/\/hospibath.it\/wp-content\/uploads\/2025\/05\/doccia-igienica-ottone-per-bidet-fornitore-hotel-hospibath-700x963.jpg 700w\" sizes=\"auto, (max-width: 1448px) 100vw, 1448px\" \/><\/a><\/figure>\n\n\n\n<figure class=\"wp-block-image size-full\"><a href=\"https:\/\/hospibath.it\/wp-content\/uploads\/2025\/05\/doccia-igienica-bagno-hotel-fornitore-hospibath.jpg\"><img loading=\"lazy\" decoding=\"async\" width=\"1000\" height=\"1000\" data-id=\"16634\" src=\"https:\/\/hospibath.it\/wp-content\/uploads\/2025\/05\/doccia-igienica-bagno-hotel-fornitore-hospibath.jpg\" alt=\"\" class=\"wp-image-16634\" srcset=\"https:\/\/hospibath.it\/wp-content\/uploads\/2025\/05\/doccia-igienica-bagno-hotel-fornitore-hospibath.jpg 1000w, https:\/\/hospibath.it\/wp-content\/uploads\/2025\/05\/doccia-igienica-bagno-hotel-fornitore-hospibath-300x300.jpg 300w, https:\/\/hospibath.it\/wp-content\/uploads\/2025\/05\/doccia-igienica-bagno-hotel-fornitore-hospibath-150x150.jpg 150w, https:\/\/hospibath.it\/wp-content\/uploads\/2025\/05\/doccia-igienica-bagno-hotel-fornitore-hospibath-768x768.jpg 768w, https:\/\/hospibath.it\/wp-content\/uploads\/2025\/05\/doccia-igienica-bagno-hotel-fornitore-hospibath-570x570.jpg 570w, https:\/\/hospibath.it\/wp-content\/uploads\/2025\/05\/doccia-igienica-bagno-hotel-fornitore-hospibath-500x500.jpg 500w, https:\/\/hospibath.it\/wp-content\/uploads\/2025\/05\/doccia-igienica-bagno-hotel-fornitore-hospibath-700x700.jpg 700w, https:\/\/hospibath.it\/wp-content\/uploads\/2025\/05\/doccia-igienica-bagno-hotel-fornitore-hospibath-650x650.jpg 650w\" sizes=\"auto, (max-width: 1000px) 100vw, 1000px\" \/><\/a><\/figure>\n\n\n\n<figure class=\"wp-block-image size-full\"><a href=\"https:\/\/hospibath.it\/wp-content\/uploads\/2025\/05\/doccia-igienica-per-igiene-intima-uso-bidet-wc-hospibath.jpg\"><img loading=\"lazy\" decoding=\"async\" width=\"1000\" height=\"1000\" data-id=\"16646\" src=\"https:\/\/hospibath.it\/wp-content\/uploads\/2025\/05\/doccia-igienica-per-igiene-intima-uso-bidet-wc-hospibath.jpg\" alt=\"\" class=\"wp-image-16646\" srcset=\"https:\/\/hospibath.it\/wp-content\/uploads\/2025\/05\/doccia-igienica-per-igiene-intima-uso-bidet-wc-hospibath.jpg 1000w, https:\/\/hospibath.it\/wp-content\/uploads\/2025\/05\/doccia-igienica-per-igiene-intima-uso-bidet-wc-hospibath-300x300.jpg 300w, https:\/\/hospibath.it\/wp-content\/uploads\/2025\/05\/doccia-igienica-per-igiene-intima-uso-bidet-wc-hospibath-150x150.jpg 150w, https:\/\/hospibath.it\/wp-content\/uploads\/2025\/05\/doccia-igienica-per-igiene-intima-uso-bidet-wc-hospibath-768x768.jpg 768w, https:\/\/hospibath.it\/wp-content\/uploads\/2025\/05\/doccia-igienica-per-igiene-intima-uso-bidet-wc-hospibath-570x570.jpg 570w, https:\/\/hospibath.it\/wp-content\/uploads\/2025\/05\/doccia-igienica-per-igiene-intima-uso-bidet-wc-hospibath-500x500.jpg 500w, https:\/\/hospibath.it\/wp-content\/uploads\/2025\/05\/doccia-igienica-per-igiene-intima-uso-bidet-wc-hospibath-700x700.jpg 700w, https:\/\/hospibath.it\/wp-content\/uploads\/2025\/05\/doccia-igienica-per-igiene-intima-uso-bidet-wc-hospibath-650x650.jpg 650w\" sizes=\"auto, (max-width: 1000px) 100vw, 1000px\" \/><\/a><\/figure>\n\n\n\n<figure class=\"wp-block-image size-full\"><a href=\"https:\/\/hospibath.it\/wp-content\/uploads\/2025\/05\/doccia-igienica-bide-fornitore-hotel-strutture-alberghiere-hospibath.jpg\"><img loading=\"lazy\" decoding=\"async\" width=\"1000\" height=\"992\" data-id=\"16637\" src=\"https:\/\/hospibath.it\/wp-content\/uploads\/2025\/05\/doccia-igienica-bide-fornitore-hotel-strutture-alberghiere-hospibath.jpg\" alt=\"\" class=\"wp-image-16637\" srcset=\"https:\/\/hospibath.it\/wp-content\/uploads\/2025\/05\/doccia-igienica-bide-fornitore-hotel-strutture-alberghiere-hospibath.jpg 1000w, https:\/\/hospibath.it\/wp-content\/uploads\/2025\/05\/doccia-igienica-bide-fornitore-hotel-strutture-alberghiere-hospibath-300x298.jpg 300w, https:\/\/hospibath.it\/wp-content\/uploads\/2025\/05\/doccia-igienica-bide-fornitore-hotel-strutture-alberghiere-hospibath-150x150.jpg 150w, https:\/\/hospibath.it\/wp-content\/uploads\/2025\/05\/doccia-igienica-bide-fornitore-hotel-strutture-alberghiere-hospibath-768x762.jpg 768w, https:\/\/hospibath.it\/wp-content\/uploads\/2025\/05\/doccia-igienica-bide-fornitore-hotel-strutture-alberghiere-hospibath-700x694.jpg 700w\" sizes=\"auto, (max-width: 1000px) 100vw, 1000px\" \/><\/a><\/figure>\n\n\n\n<figure class=\"wp-block-image size-full\"><a href=\"https:\/\/hospibath.it\/wp-content\/uploads\/2025\/05\/doccia-igienica-per-bidet-igiene-intima-soluzioni-per-hotel-fornitore-hospibath.jpg\"><img loading=\"lazy\" decoding=\"async\" width=\"1000\" height=\"1000\" data-id=\"16643\" src=\"https:\/\/hospibath.it\/wp-content\/uploads\/2025\/05\/doccia-igienica-per-bidet-igiene-intima-soluzioni-per-hotel-fornitore-hospibath.jpg\" alt=\"\" class=\"wp-image-16643\" srcset=\"https:\/\/hospibath.it\/wp-content\/uploads\/2025\/05\/doccia-igienica-per-bidet-igiene-intima-soluzioni-per-hotel-fornitore-hospibath.jpg 1000w, https:\/\/hospibath.it\/wp-content\/uploads\/2025\/05\/doccia-igienica-per-bidet-igiene-intima-soluzioni-per-hotel-fornitore-hospibath-300x300.jpg 300w, https:\/\/hospibath.it\/wp-content\/uploads\/2025\/05\/doccia-igienica-per-bidet-igiene-intima-soluzioni-per-hotel-fornitore-hospibath-150x150.jpg 150w, https:\/\/hospibath.it\/wp-content\/uploads\/2025\/05\/doccia-igienica-per-bidet-igiene-intima-soluzioni-per-hotel-fornitore-hospibath-768x768.jpg 768w, https:\/\/hospibath.it\/wp-content\/uploads\/2025\/05\/doccia-igienica-per-bidet-igiene-intima-soluzioni-per-hotel-fornitore-hospibath-570x570.jpg 570w, https:\/\/hospibath.it\/wp-content\/uploads\/2025\/05\/doccia-igienica-per-bidet-igiene-intima-soluzioni-per-hotel-fornitore-hospibath-500x500.jpg 500w, https:\/\/hospibath.it\/wp-content\/uploads\/2025\/05\/doccia-igienica-per-bidet-igiene-intima-soluzioni-per-hotel-fornitore-hospibath-700x700.jpg 700w, https:\/\/hospibath.it\/wp-content\/uploads\/2025\/05\/doccia-igienica-per-bidet-igiene-intima-soluzioni-per-hotel-fornitore-hospibath-650x650.jpg 650w\" sizes=\"auto, (max-width: 1000px) 100vw, 1000px\" \/><\/a><\/figure>\n\n\n\n<figure class=\"wp-block-image size-full\"><a href=\"https:\/\/hospibath.it\/wp-content\/uploads\/2025\/05\/idroscopino-pulizia-wc-strumenti-pulizia-sanitari-hotel-fornitore-hospibath-1.jpg\"><img loading=\"lazy\" decoding=\"async\" width=\"740\" height=\"900\" data-id=\"16649\" src=\"https:\/\/hospibath.it\/wp-content\/uploads\/2025\/05\/idroscopino-pulizia-wc-strumenti-pulizia-sanitari-hotel-fornitore-hospibath-1.jpg\" alt=\"\" class=\"wp-image-16649\" srcset=\"https:\/\/hospibath.it\/wp-content\/uploads\/2025\/05\/idroscopino-pulizia-wc-strumenti-pulizia-sanitari-hotel-fornitore-hospibath-1.jpg 740w, https:\/\/hospibath.it\/wp-content\/uploads\/2025\/05\/idroscopino-pulizia-wc-strumenti-pulizia-sanitari-hotel-fornitore-hospibath-1-247x300.jpg 247w, https:\/\/hospibath.it\/wp-content\/uploads\/2025\/05\/idroscopino-pulizia-wc-strumenti-pulizia-sanitari-hotel-fornitore-hospibath-1-700x851.jpg 700w\" sizes=\"auto, (max-width: 740px) 100vw, 740px\" \/><\/a><\/figure>\n\n\n\n<figure class=\"wp-block-image size-full\"><a href=\"https:\/\/hospibath.it\/wp-content\/uploads\/2025\/05\/doccette-igieniche-con-supporti-per-bagno-hotel-residence-hospibath.jpg\"><img loading=\"lazy\" decoding=\"async\" width=\"960\" height=\"640\" data-id=\"16631\" src=\"https:\/\/hospibath.it\/wp-content\/uploads\/2025\/05\/doccette-igieniche-con-supporti-per-bagno-hotel-residence-hospibath.jpg\" alt=\"\" class=\"wp-image-16631\" srcset=\"https:\/\/hospibath.it\/wp-content\/uploads\/2025\/05\/doccette-igieniche-con-supporti-per-bagno-hotel-residence-hospibath.jpg 960w, https:\/\/hospibath.it\/wp-content\/uploads\/2025\/05\/doccette-igieniche-con-supporti-per-bagno-hotel-residence-hospibath-300x200.jpg 300w, https:\/\/hospibath.it\/wp-content\/uploads\/2025\/05\/doccette-igieniche-con-supporti-per-bagno-hotel-residence-hospibath-768x512.jpg 768w, https:\/\/hospibath.it\/wp-content\/uploads\/2025\/05\/doccette-igieniche-con-supporti-per-bagno-hotel-residence-hospibath-700x467.jpg 700w\" sizes=\"auto, (max-width: 960px) 100vw, 960px\" \/><\/a><\/figure>\n\n\n\n<figure class=\"wp-block-image size-full\"><a href=\"https:\/\/hospibath.it\/wp-content\/uploads\/2025\/05\/doccini-italiani-per-igiene-intima-forniture-alberghiere-hospibath.jpg\"><img loading=\"lazy\" decoding=\"async\" width=\"1000\" height=\"1000\" data-id=\"16655\" src=\"https:\/\/hospibath.it\/wp-content\/uploads\/2025\/05\/doccini-italiani-per-igiene-intima-forniture-alberghiere-hospibath.jpg\" alt=\"\" class=\"wp-image-16655\" srcset=\"https:\/\/hospibath.it\/wp-content\/uploads\/2025\/05\/doccini-italiani-per-igiene-intima-forniture-alberghiere-hospibath.jpg 1000w, https:\/\/hospibath.it\/wp-content\/uploads\/2025\/05\/doccini-italiani-per-igiene-intima-forniture-alberghiere-hospibath-300x300.jpg 300w, https:\/\/hospibath.it\/wp-content\/uploads\/2025\/05\/doccini-italiani-per-igiene-intima-forniture-alberghiere-hospibath-150x150.jpg 150w, https:\/\/hospibath.it\/wp-content\/uploads\/2025\/05\/doccini-italiani-per-igiene-intima-forniture-alberghiere-hospibath-768x768.jpg 768w, https:\/\/hospibath.it\/wp-content\/uploads\/2025\/05\/doccini-italiani-per-igiene-intima-forniture-alberghiere-hospibath-570x570.jpg 570w, https:\/\/hospibath.it\/wp-content\/uploads\/2025\/05\/doccini-italiani-per-igiene-intima-forniture-alberghiere-hospibath-500x500.jpg 500w, https:\/\/hospibath.it\/wp-content\/uploads\/2025\/05\/doccini-italiani-per-igiene-intima-forniture-alberghiere-hospibath-700x700.jpg 700w, https:\/\/hospibath.it\/wp-content\/uploads\/2025\/05\/doccini-italiani-per-igiene-intima-forniture-alberghiere-hospibath-650x650.jpg 650w\" sizes=\"auto, (max-width: 1000px) 100vw, 1000px\" \/><\/a><\/figure>\n<\/figure>\n<\/div><\/div>\n\n<div style=\"height:50px\" aria-hidden=\"true\" class=\"wp-block-spacer\"><\/div>\n","protected":false},"excerpt":{"rendered":"<p>Du\u0219ul igienic sau du\u0219ul bideu reprezint\u0103 solu\u021bia pentru cei care doresc s\u0103 \u00eenlocuiasc\u0103 sau s\u0103 completeze bideul cu un alt instrument pentru igiena intim\u0103. Sunt dispozitive de \u00eenalt\u0103 calitate, concepute pentru a oferi o experien\u021b\u0103 superioar\u0103 de igien\u0103 \u0219i confort \u00een orice mediu.Sunt fabricate din&#8230;<\/p>\n","protected":false},"author":3,"featured_media":16389,"parent":0,"menu_order":0,"comment_status":"closed","ping_status":"closed","template":"","meta":{"footnotes":""},"class_list":["post-16756","page","type-page","status-publish","has-post-thumbnail","hentry"],"yoast_head":"<!-- This site is optimized with the Yoast SEO plugin v26.8 - https:\/\/yoast.com\/product\/yoast-seo-wordpress\/ -->\n<title>DU\u0218URI IGIENICE - HospiBath<\/title>\n<meta name=\"robots\" content=\"index, follow, max-snippet:-1, max-image-preview:large, max-video-preview:-1\" \/>\n<link rel=\"canonical\" href=\"https:\/\/hospibath.it\/ro\/dusuri-igienice\/\" \/>\n<meta property=\"og:locale\" content=\"ro_RO\" \/>\n<meta property=\"og:type\" content=\"article\" \/>\n<meta property=\"og:title\" content=\"Du\u0219uri igienice cu baterie\" \/>\n<meta property=\"og:description\" content=\"Du\u0219ul igienic sau du\u0219ul bideu reprezint\u0103 solu\u021bia pentru cei care doresc s\u0103 \u00eenlocuiasc\u0103 sau s\u0103 completeze bideul cu un alt instrument pentru igiena intim\u0103. Sunt dispozitive de \u00eenalt\u0103 calitate, concepute pentru a oferi o experien\u021b\u0103 superioar\u0103 de igien\u0103 \u0219i confort \u00een orice mediu.Sunt fabricate din...\" \/>\n<meta property=\"og:url\" content=\"https:\/\/hospibath.it\/ro\/dusuri-igienice\/\" \/>\n<meta property=\"og:site_name\" content=\"HospiBath\" \/>\n<meta property=\"article:publisher\" content=\"https:\/\/www.facebook.com\/kango.mall.italy\/\" \/>\n<meta property=\"article:modified_time\" content=\"2025-05-29T21:32:26+00:00\" \/>\n<meta property=\"og:image\" content=\"https:\/\/hospibath.it\/wp-content\/uploads\/2025\/05\/doccia-igienica-bide-fornitore-hotel-strutture-alberghiere-hospibath.jpg\" \/>\n<meta name=\"twitter:card\" content=\"summary_large_image\" \/>\n<meta name=\"twitter:label1\" content=\"Timp estimat pentru citire\" \/>\n\t<meta name=\"twitter:data1\" content=\"2 minute\" \/>\n<script type=\"application\/ld+json\" class=\"yoast-schema-graph\">{\"@context\":\"https:\/\/schema.org\",\"@graph\":[{\"@type\":\"WebPage\",\"@id\":\"https:\/\/hospibath.it\/ro\/dusuri-igienice\/\",\"url\":\"https:\/\/hospibath.it\/ro\/dusuri-igienice\/\",\"name\":\"DU\u0218URI IGIENICE - HospiBath\",\"isPartOf\":{\"@id\":\"https:\/\/hospibath.it\/ro\/#website\"},\"primaryImageOfPage\":{\"@id\":\"https:\/\/hospibath.it\/ro\/dusuri-igienice\/#primaryimage\"},\"image\":{\"@id\":\"https:\/\/hospibath.it\/ro\/dusuri-igienice\/#primaryimage\"},\"thumbnailUrl\":\"https:\/\/hospibath.it\/wp-content\/uploads\/2025\/05\/set-completo-soffione-doccia-con-braccio-modello-quadrato-fornitore-hospibath.jpg\",\"datePublished\":\"2025-05-25T19:53:44+00:00\",\"dateModified\":\"2025-05-29T21:32:26+00:00\",\"breadcrumb\":{\"@id\":\"https:\/\/hospibath.it\/ro\/dusuri-igienice\/#breadcrumb\"},\"inLanguage\":\"ro-RO\",\"potentialAction\":[{\"@type\":\"ReadAction\",\"target\":[\"https:\/\/hospibath.it\/ro\/dusuri-igienice\/\"]}]},{\"@type\":\"ImageObject\",\"inLanguage\":\"ro-RO\",\"@id\":\"https:\/\/hospibath.it\/ro\/dusuri-igienice\/#primaryimage\",\"url\":\"https:\/\/hospibath.it\/wp-content\/uploads\/2025\/05\/set-completo-soffione-doccia-con-braccio-modello-quadrato-fornitore-hospibath.jpg\",\"contentUrl\":\"https:\/\/hospibath.it\/wp-content\/uploads\/2025\/05\/set-completo-soffione-doccia-con-braccio-modello-quadrato-fornitore-hospibath.jpg\",\"width\":1024,\"height\":724},{\"@type\":\"BreadcrumbList\",\"@id\":\"https:\/\/hospibath.it\/ro\/dusuri-igienice\/#breadcrumb\",\"itemListElement\":[{\"@type\":\"ListItem\",\"position\":1,\"name\":\"Home\",\"item\":\"https:\/\/hospibath.it\/ro\/\"},{\"@type\":\"ListItem\",\"position\":2,\"name\":\"DU\u0218URI IGIENICE\"}]},{\"@type\":\"WebSite\",\"@id\":\"https:\/\/hospibath.it\/ro\/#website\",\"url\":\"https:\/\/hospibath.it\/ro\/\",\"name\":\"HospiBath\",\"description\":\"Hotel&amp;Bathroom\",\"publisher\":{\"@id\":\"https:\/\/hospibath.it\/ro\/#organization\"},\"potentialAction\":[{\"@type\":\"SearchAction\",\"target\":{\"@type\":\"EntryPoint\",\"urlTemplate\":\"https:\/\/hospibath.it\/ro\/?s={search_term_string}\"},\"query-input\":{\"@type\":\"PropertyValueSpecification\",\"valueRequired\":true,\"valueName\":\"search_term_string\"}}],\"inLanguage\":\"ro-RO\"},{\"@type\":\"Organization\",\"@id\":\"https:\/\/hospibath.it\/ro\/#organization\",\"name\":\"HospiBath\",\"url\":\"https:\/\/hospibath.it\/ro\/\",\"logo\":{\"@type\":\"ImageObject\",\"inLanguage\":\"ro-RO\",\"@id\":\"https:\/\/hospibath.it\/ro\/#\/schema\/logo\/image\/\",\"url\":\"https:\/\/hospibath.it\/wp-content\/uploads\/2024\/05\/logo_hospibat_small.jpg\",\"contentUrl\":\"https:\/\/hospibath.it\/wp-content\/uploads\/2024\/05\/logo_hospibat_small.jpg\",\"width\":283,\"height\":86,\"caption\":\"HospiBath\"},\"image\":{\"@id\":\"https:\/\/hospibath.it\/ro\/#\/schema\/logo\/image\/\"},\"sameAs\":[\"https:\/\/www.facebook.com\/kango.mall.italy\/\",\"https:\/\/www.instagram.com\/hospibath\/\",\"https:\/\/it.pinterest.com\/HospiBath\/\"]}]}<\/script>\n<!-- \/ Yoast SEO plugin. -->","yoast_head_json":{"title":"DU\u0218URI IGIENICE - HospiBath","robots":{"index":"index","follow":"follow","max-snippet":"max-snippet:-1","max-image-preview":"max-image-preview:large","max-video-preview":"max-video-preview:-1"},"canonical":"https:\/\/hospibath.it\/ro\/dusuri-igienice\/","og_locale":"ro_RO","og_type":"article","og_title":"Du\u0219uri igienice cu baterie","og_description":"Du\u0219ul igienic sau du\u0219ul bideu reprezint\u0103 solu\u021bia pentru cei care doresc s\u0103 \u00eenlocuiasc\u0103 sau s\u0103 completeze bideul cu un alt instrument pentru igiena intim\u0103. Sunt dispozitive de \u00eenalt\u0103 calitate, concepute pentru a oferi o experien\u021b\u0103 superioar\u0103 de igien\u0103 \u0219i confort \u00een orice mediu.Sunt fabricate din...","og_url":"https:\/\/hospibath.it\/ro\/dusuri-igienice\/","og_site_name":"HospiBath","article_publisher":"https:\/\/www.facebook.com\/kango.mall.italy\/","article_modified_time":"2025-05-29T21:32:26+00:00","og_image":[{"url":"https:\/\/hospibath.it\/wp-content\/uploads\/2025\/05\/doccia-igienica-bide-fornitore-hotel-strutture-alberghiere-hospibath.jpg","type":"","width":"","height":""}],"twitter_card":"summary_large_image","twitter_misc":{"Timp estimat pentru citire":"2 minute"},"schema":{"@context":"https:\/\/schema.org","@graph":[{"@type":"WebPage","@id":"https:\/\/hospibath.it\/ro\/dusuri-igienice\/","url":"https:\/\/hospibath.it\/ro\/dusuri-igienice\/","name":"DU\u0218URI IGIENICE - HospiBath","isPartOf":{"@id":"https:\/\/hospibath.it\/ro\/#website"},"primaryImageOfPage":{"@id":"https:\/\/hospibath.it\/ro\/dusuri-igienice\/#primaryimage"},"image":{"@id":"https:\/\/hospibath.it\/ro\/dusuri-igienice\/#primaryimage"},"thumbnailUrl":"https:\/\/hospibath.it\/wp-content\/uploads\/2025\/05\/set-completo-soffione-doccia-con-braccio-modello-quadrato-fornitore-hospibath.jpg","datePublished":"2025-05-25T19:53:44+00:00","dateModified":"2025-05-29T21:32:26+00:00","breadcrumb":{"@id":"https:\/\/hospibath.it\/ro\/dusuri-igienice\/#breadcrumb"},"inLanguage":"ro-RO","potentialAction":[{"@type":"ReadAction","target":["https:\/\/hospibath.it\/ro\/dusuri-igienice\/"]}]},{"@type":"ImageObject","inLanguage":"ro-RO","@id":"https:\/\/hospibath.it\/ro\/dusuri-igienice\/#primaryimage","url":"https:\/\/hospibath.it\/wp-content\/uploads\/2025\/05\/set-completo-soffione-doccia-con-braccio-modello-quadrato-fornitore-hospibath.jpg","contentUrl":"https:\/\/hospibath.it\/wp-content\/uploads\/2025\/05\/set-completo-soffione-doccia-con-braccio-modello-quadrato-fornitore-hospibath.jpg","width":1024,"height":724},{"@type":"BreadcrumbList","@id":"https:\/\/hospibath.it\/ro\/dusuri-igienice\/#breadcrumb","itemListElement":[{"@type":"ListItem","position":1,"name":"Home","item":"https:\/\/hospibath.it\/ro\/"},{"@type":"ListItem","position":2,"name":"DU\u0218URI IGIENICE"}]},{"@type":"WebSite","@id":"https:\/\/hospibath.it\/ro\/#website","url":"https:\/\/hospibath.it\/ro\/","name":"HospiBath","description":"Hotel&amp;Bathroom","publisher":{"@id":"https:\/\/hospibath.it\/ro\/#organization"},"potentialAction":[{"@type":"SearchAction","target":{"@type":"EntryPoint","urlTemplate":"https:\/\/hospibath.it\/ro\/?s={search_term_string}"},"query-input":{"@type":"PropertyValueSpecification","valueRequired":true,"valueName":"search_term_string"}}],"inLanguage":"ro-RO"},{"@type":"Organization","@id":"https:\/\/hospibath.it\/ro\/#organization","name":"HospiBath","url":"https:\/\/hospibath.it\/ro\/","logo":{"@type":"ImageObject","inLanguage":"ro-RO","@id":"https:\/\/hospibath.it\/ro\/#\/schema\/logo\/image\/","url":"https:\/\/hospibath.it\/wp-content\/uploads\/2024\/05\/logo_hospibat_small.jpg","contentUrl":"https:\/\/hospibath.it\/wp-content\/uploads\/2024\/05\/logo_hospibat_small.jpg","width":283,"height":86,"caption":"HospiBath"},"image":{"@id":"https:\/\/hospibath.it\/ro\/#\/schema\/logo\/image\/"},"sameAs":["https:\/\/www.facebook.com\/kango.mall.italy\/","https:\/\/www.instagram.com\/hospibath\/","https:\/\/it.pinterest.com\/HospiBath\/"]}]}},"_links":{"self":[{"href":"https:\/\/hospibath.it\/ro\/wp-json\/wp\/v2\/pages\/16756","targetHints":{"allow":["GET"]}}],"collection":[{"href":"https:\/\/hospibath.it\/ro\/wp-json\/wp\/v2\/pages"}],"about":[{"href":"https:\/\/hospibath.it\/ro\/wp-json\/wp\/v2\/types\/page"}],"author":[{"embeddable":true,"href":"https:\/\/hospibath.it\/ro\/wp-json\/wp\/v2\/users\/3"}],"replies":[{"embeddable":true,"href":"https:\/\/hospibath.it\/ro\/wp-json\/wp\/v2\/comments?post=16756"}],"version-history":[{"count":1,"href":"https:\/\/hospibath.it\/ro\/wp-json\/wp\/v2\/pages\/16756\/revisions"}],"predecessor-version":[{"id":16757,"href":"https:\/\/hospibath.it\/ro\/wp-json\/wp\/v2\/pages\/16756\/revisions\/16757"}],"wp:featuredmedia":[{"embeddable":true,"href":"https:\/\/hospibath.it\/ro\/wp-json\/wp\/v2\/media\/16389"}],"wp:attachment":[{"href":"https:\/\/hospibath.it\/ro\/wp-json\/wp\/v2\/media?parent=16756"}],"curies":[{"name":"wp","href":"https:\/\/api.w.org\/{rel}","templated":true}]}}